{"id":130,"date":"2016-01-20T10:48:30","date_gmt":"2016-01-20T09:48:30","guid":{"rendered":"http:\/\/127.0.0.1:4001\/wordpress\/?page_id=130"},"modified":"2018-12-23T18:49:19","modified_gmt":"2018-12-23T17:49:19","slug":"transept","status":"publish","type":"page","link":"https:\/\/home.mis.u-picardie.fr\/~ecathedrale\/projets\/transept\/","title":{"rendered":"Transept"},"content":{"rendered":"<div class=\"txtassiduitas\">\n<h3>Pourquoi cette d\u00e9viation des axes horizontaux de la fa\u00e7ade Sud&#8230;<\/h3>\n<\/p>\n<ul>\n<li><strong>Objectif<\/strong> : Analyser et comprendre la d\u00e9viation des axes horizontaux de la fa\u00e7ade sud de la Cath\u00e9drale d&rsquo;Amiens.<\/li>\n<li><strong>Partenaires<\/strong> : TRAME-UPJV (Prof E. Hamon, Porteur du projet), MIS-UPJV, plateforme UnivArcheo, M. Etienne Poncelet (Architecte en chef des Monuments historiques en charge de la cath\u00e9drale d\u2019Amiens et Amiens), Amiens M\u00e9tropole.<\/li>\n<li><strong>Moyens<\/strong> : 2 postdoc, Stages de Master, fonctionnement et \u00e9quipement.<\/li>\n<li><strong>Dur\u00e9e<\/strong> : 2015 \u00e0 2018<\/li>\n<\/ul>\n<p>TRANSEPT est un projet de recherche financ\u00e9 par la R\u00e9gion Picardie et le fond FEDER. Il vise \u00e0 analyser et \u00e0 comprendre l\u2019un des plus spectaculaires des d\u00e9sordres apparents de l\u2019\u00e9difice : la d\u00e9viation des axes horizontaux de la fa\u00e7ade sud (voir dessins ci-dessous), en reconstituant les \u00e9tapes du chantier et en imaginant les moyens mis en \u0153uvre par les b\u00e2tisseurs du 13e si\u00e8cle pour s\u2019adapter aux contraintes techniques et esth\u00e9tiques apparues au fur et \u00e0 mesure des travaux.<\/p>\n<p><img class=\"transept\" src=\"http:\/\/home.mis.u-picardie.fr\/~chiwoynmony\/wordpress\/wp-content\/uploads\/2016\/02\/TRanseptDeformation.png\"><\/p>\n<p>La collaboration d\u2019universitaires et de jeunes chercheurs en sciences du num\u00e9rique, en histoire de l\u2019art et en arch\u00e9ologie du b\u00e2ti permet de confronter les informations historiques fournies par les textes, les donn\u00e9es techniques issues de l\u2019observation et le mod\u00e8le num\u00e9rique 3D \u00e9labor\u00e9 gr\u00e2ce \u00e0 une num\u00e9risation obtenue par scanner laser avec une pr\u00e9cision de l\u2019ordre du mm.<br \/>\nL\u2019originalit\u00e9 du projet r\u00e9side autant dans l\u2019\u00e9chelle de l\u2019\u00e9difice \u00e9tudi\u00e9 que dans la finesse de la r\u00e9solution du mod\u00e8le num\u00e9rique, dans la compl\u00e9mentarit\u00e9 des \u00e9quipes rassembl\u00e9es et dans la pluralit\u00e9 des enjeux : perfectionnement des techniques de traitement de l\u2019information, connaissance, pr\u00e9servation, valorisation et m\u00e9diation culturelle autour de ce qui reste le plus grand monument europ\u00e9en construit au Moyen \u00c2ge.<\/p>\n<\/div>\n","protected":false},"excerpt":{"rendered":"<p>Pourquoi cette d\u00e9viation des axes horizontaux de la fa\u00e7ade Sud&#8230; Objectif : Analyser et comprendre la d\u00e9viation des axes horizontaux de la fa\u00e7ade sud de la Cath\u00e9drale d&rsquo;Amiens. Partenaires : TRAME-UPJV (Prof E. Hamon, Porteur du projet), MIS-UPJV, plateforme UnivArcheo, M. Etienne Poncelet (Architecte en chef des Monuments historiques en &#8230;<\/p>\n","protected":false},"author":1,"featured_media":0,"parent":126,"menu_order":17,"comment_status":"closed","ping_status":"closed","template":"","meta":[],"_links":{"self":[{"href":"https:\/\/home.mis.u-picardie.fr\/~ecathedrale\/wp-json\/wp\/v2\/pages\/130"}],"collection":[{"href":"https:\/\/home.mis.u-picardie.fr\/~ecathedrale\/wp-json\/wp\/v2\/pages"}],"about":[{"href":"https:\/\/home.mis.u-picardie.fr\/~ecathedrale\/wp-json\/wp\/v2\/types\/page"}],"author":[{"embeddable":true,"href":"https:\/\/home.mis.u-picardie.fr\/~ecathedrale\/wp-json\/wp\/v2\/users\/1"}],"replies":[{"embeddable":true,"href":"https:\/\/home.mis.u-picardie.fr\/~ecathedrale\/wp-json\/wp\/v2\/comments?post=130"}],"version-history":[{"count":6,"href":"https:\/\/home.mis.u-picardie.fr\/~ecathedrale\/wp-json\/wp\/v2\/pages\/130\/revisions"}],"predecessor-version":[{"id":2997,"href":"https:\/\/home.mis.u-picardie.fr\/~ecathedrale\/wp-json\/wp\/v2\/pages\/130\/revisions\/2997"}],"up":[{"embeddable":true,"href":"https:\/\/home.mis.u-picardie.fr\/~ecathedrale\/wp-json\/wp\/v2\/pages\/126"}],"wp:attachment":[{"href":"https:\/\/home.mis.u-picardie.fr\/~ecathedrale\/wp-json\/wp\/v2\/media?parent=130"}],"curies":[{"name":"wp","href":"https:\/\/api.w.org\/{rel}","templated":true}]}}