{"id":138,"date":"2016-01-20T10:50:13","date_gmt":"2016-01-20T09:50:13","guid":{"rendered":"http:\/\/127.0.0.1:4001\/wordpress\/?page_id=138"},"modified":"2019-01-02T16:24:39","modified_gmt":"2019-01-02T15:24:39","slug":"ouverture-officielle","status":"publish","type":"page","link":"https:\/\/home.mis.u-picardie.fr\/~ecathedrale\/communication\/ouverture-officielle\/","title":{"rendered":"Ouverture"},"content":{"rendered":"<div class=\"txtouvertureofficielle\">\n<h4><strong>Lundi 18 octobre 2010&#8230;<\/strong><\/h4>\n<p>Ouverture officielle de la 1\u00e8re campagne de num\u00e9risation et le <strong>lancement du programme e-Cath\u00e9drale<\/strong>. Cet \u00e9v\u00e9nement a eu lieu en pr\u00e9sence du Pr\u00e9fet de R\u00e9gion.<\/p>\n<p><strong>Quelques extraits de l&rsquo;\u00e9v\u00e8nement&#8230;<\/strong><\/p>\n<p><img loading=\"lazy\" class=\"alignnone size-medium wp-image-2353\" src=\"http:\/\/home.mis.u-picardie.fr\/~e-cathedrale\/wordpress\/wp-content\/uploads\/2016\/09\/IMG_4048-300x225.jpg\" alt=\"img_4048\" width=\"300\" height=\"225\" srcset=\"https:\/\/home.mis.u-picardie.fr\/~ecathedrale\/wp-content\/uploads\/2016\/09\/IMG_4048-300x225.jpg 300w, https:\/\/home.mis.u-picardie.fr\/~ecathedrale\/wp-content\/uploads\/2016\/09\/IMG_4048-768x576.jpg 768w, https:\/\/home.mis.u-picardie.fr\/~ecathedrale\/wp-content\/uploads\/2016\/09\/IMG_4048-1024x768.jpg 1024w, https:\/\/home.mis.u-picardie.fr\/~ecathedrale\/wp-content\/uploads\/2016\/09\/IMG_4048-700x525.jpg 700w\" sizes=\"(max-width: 300px) 100vw, 300px\" \/> <img loading=\"lazy\" class=\"alignnone size-medium wp-image-2352\" src=\"http:\/\/home.mis.u-picardie.fr\/~e-cathedrale\/wordpress\/wp-content\/uploads\/2016\/09\/IMG_4047-300x225.jpg\" alt=\"img_4047\" width=\"300\" height=\"225\" srcset=\"https:\/\/home.mis.u-picardie.fr\/~ecathedrale\/wp-content\/uploads\/2016\/09\/IMG_4047-300x225.jpg 300w, https:\/\/home.mis.u-picardie.fr\/~ecathedrale\/wp-content\/uploads\/2016\/09\/IMG_4047-768x576.jpg 768w, https:\/\/home.mis.u-picardie.fr\/~ecathedrale\/wp-content\/uploads\/2016\/09\/IMG_4047-1024x768.jpg 1024w, https:\/\/home.mis.u-picardie.fr\/~ecathedrale\/wp-content\/uploads\/2016\/09\/IMG_4047-700x525.jpg 700w\" sizes=\"(max-width: 300px) 100vw, 300px\" \/> <img loading=\"lazy\" class=\"alignnone size-medium wp-image-2354\" src=\"http:\/\/home.mis.u-picardie.fr\/~e-cathedrale\/wordpress\/wp-content\/uploads\/2016\/09\/IMG_4031-300x225.jpg\" alt=\"img_4031\" width=\"300\" height=\"225\" srcset=\"https:\/\/home.mis.u-picardie.fr\/~ecathedrale\/wp-content\/uploads\/2016\/09\/IMG_4031-300x225.jpg 300w, https:\/\/home.mis.u-picardie.fr\/~ecathedrale\/wp-content\/uploads\/2016\/09\/IMG_4031-768x576.jpg 768w, https:\/\/home.mis.u-picardie.fr\/~ecathedrale\/wp-content\/uploads\/2016\/09\/IMG_4031-1024x768.jpg 1024w, https:\/\/home.mis.u-picardie.fr\/~ecathedrale\/wp-content\/uploads\/2016\/09\/IMG_4031-700x525.jpg 700w\" sizes=\"(max-width: 300px) 100vw, 300px\" \/><br \/>\n<img loading=\"lazy\" class=\"alignnone size-medium wp-image-1335\" src=\"http:\/\/home.mis.u-picardie.fr\/~e-cathedrale\/wordpress\/wp-content\/uploads\/2016\/02\/2-300x200.png\" alt=\"2\" width=\"300\" height=\"200\" \/> <img loading=\"lazy\" class=\"alignnone size-medium wp-image-1334\" src=\"http:\/\/home.mis.u-picardie.fr\/~e-cathedrale\/wordpress\/wp-content\/uploads\/2016\/02\/1-300x200.png\" alt=\"1\" width=\"300\" height=\"200\" \/><\/p>\n<\/div>\n","protected":false},"excerpt":{"rendered":"<p>Lundi 18 octobre 2010&#8230; Ouverture officielle de la 1\u00e8re campagne de num\u00e9risation et le lancement du programme e-Cath\u00e9drale. Cet \u00e9v\u00e9nement a eu lieu en pr\u00e9sence du Pr\u00e9fet de R\u00e9gion. Quelques extraits de l&rsquo;\u00e9v\u00e8nement&#8230;<\/p>\n","protected":false},"author":1,"featured_media":0,"parent":136,"menu_order":21,"comment_status":"closed","ping_status":"closed","template":"","meta":[],"_links":{"self":[{"href":"https:\/\/home.mis.u-picardie.fr\/~ecathedrale\/wp-json\/wp\/v2\/pages\/138"}],"collection":[{"href":"https:\/\/home.mis.u-picardie.fr\/~ecathedrale\/wp-json\/wp\/v2\/pages"}],"about":[{"href":"https:\/\/home.mis.u-picardie.fr\/~ecathedrale\/wp-json\/wp\/v2\/types\/page"}],"author":[{"embeddable":true,"href":"https:\/\/home.mis.u-picardie.fr\/~ecathedrale\/wp-json\/wp\/v2\/users\/1"}],"replies":[{"embeddable":true,"href":"https:\/\/home.mis.u-picardie.fr\/~ecathedrale\/wp-json\/wp\/v2\/comments?post=138"}],"version-history":[{"count":10,"href":"https:\/\/home.mis.u-picardie.fr\/~ecathedrale\/wp-json\/wp\/v2\/pages\/138\/revisions"}],"predecessor-version":[{"id":3697,"href":"https:\/\/home.mis.u-picardie.fr\/~ecathedrale\/wp-json\/wp\/v2\/pages\/138\/revisions\/3697"}],"up":[{"embeddable":true,"href":"https:\/\/home.mis.u-picardie.fr\/~ecathedrale\/wp-json\/wp\/v2\/pages\/136"}],"wp:attachment":[{"href":"https:\/\/home.mis.u-picardie.fr\/~ecathedrale\/wp-json\/wp\/v2\/media?parent=138"}],"curies":[{"name":"wp","href":"https:\/\/api.w.org\/{rel}","templated":true}]}}