{"id":140,"date":"2016-01-20T10:50:30","date_gmt":"2016-01-20T09:50:30","guid":{"rendered":"http:\/\/127.0.0.1:4001\/wordpress\/?page_id=140"},"modified":"2019-01-03T08:52:11","modified_gmt":"2019-01-03T07:52:11","slug":"revue-de-presse","status":"publish","type":"page","link":"https:\/\/home.mis.u-picardie.fr\/~ecathedrale\/communication\/revue-de-presse\/","title":{"rendered":"Revue de presse"},"content":{"rendered":"<div class=\"txtouvertureofficielle\">\n<h3 style=\"padding-left: 30px;\">On en parle dans la presse&#8230;<br \/>\net sur le Net&#8230;<\/h3>\n<h3>Sur les chaines de t\u00e9l\u00e9vision&#8230;<\/h3>\n<h4><strong>FR3 Picardie&#8230;<\/strong><\/h4>\n<ul>\n<li>Lundi 18 juin 2012, au journal de 13h00, interview de D. Leclet-Groux&#8230; <a href=\"https:\/\/home.mis.u-picardie.fr\/~ecathedrale\/eCathedraleFR3.mov\" target=\"_blank\">A visualiser ici.<\/a><\/li>\n<li>11 juin 2015, au journal du 19-20, interview de l&rsquo;\u00e9quipe&#8230; <a href=\"https:\/\/home.mis.u-picardie.fr\/~ecathedrale\/journeeInterdisciplinaire_Mesure3DEtHistoireDeLArt.mov\" target=\"_blank\">A visualiser ici.<\/a><\/li>\n<li>12 juin 2014, nom de code : I-Cath\u00e9drale&#8230; <a href=\"http:\/\/france3-regions.francetvinfo.fr\/picardie\/2014\/06\/12\/nom-de-code-i-cathedrale-496537.html\" target=\"_blank\">A visualiser ici.<\/a><\/li>\n<li>19 avril 2015, l&rsquo;outil num\u00e9rique au service du pass\u00e9&#8230; <a href=\"http:\/\/france3-regions.francetvinfo.fr\/picardie\/emissions\/les-rendez-vous-de-l-info\/actu\/l-outil-numerique-au-service-du-passe.html\" target=\"_blank\">A visualiser ici.<\/a><\/li>\n<li>14 avril 2015, au journal de 13h00, interview de N. Combez, G. Caron, Z. Habibi.<\/li>\n<\/ul>\n<h4><strong>France 5&#8230;<\/strong><\/h4>\n<ul>\n<li>31 Aout 2016, E-Cath\u00e9dr@le, un programme transversal&#8230; A visualiser ici (<a href=\"https:\/\/home.mis.u-picardie.fr\/~ecathedraleLesCathedralesGothiques.mp4\" target=\"_blank\">Fran\u00e7ais)<\/a> et aussi sur Discovery USA (<a href=\"https:\/\/home.mis.u-picardie.fr\/~ecathedrale\/eCathedrale_DiscoveryUSA.mp4\" target=\"_blank\">en anglais<\/a>).<\/li>\n<\/ul>\n<h4><strong>Web TV des Picards&#8230;<\/strong><\/h4>\n<ul>\n<li>25 septembre 2015, le programme E-Cath\u00e9dr@le&#8230; <a href=\"https:\/\/home.mis.u-picardie.fr\/~ecathedrale\/reportage_WebTV_Des_Picards.mov\" target=\"_blank\">A visualiser ici.<\/a><\/li>\n<\/ul>\n<h4><strong>Club Invitation Culture France&#8230;<\/strong><\/h4>\n<ul>\n<li>5 mai 2016, le projet E-Cath\u00e9drale ambitionne de r\u00e9aliser un mod\u00e8le num\u00e9rique complet&#8230; <a href=\"http:\/\/www.club-innovation-culture.fr\/ecathedrale-modele-numerique-amiens\/\" target=\"_blank\">A visualiser ici.<\/a><\/li>\n<\/ul>\n<h4><strong>WebTV UTC<\/strong><a href=\"https:\/\/webtv.utc.fr\/watch_video.php?v=WAN4S7G4N9B5\"><strong>&#8230;<\/strong><\/a><\/h4>\n<ul>\n<li>\u00a027 novembre 2012, E-Cath\u00e9dr@le, un programme transversal&#8230; <a href=\"https:\/\/webtv.utc.fr\/watch_video.php?v=WAN4S7G4N9B5\" target=\"_blank\">A visualiser ici.<\/a><\/li>\n<\/ul>\n<h4><strong>Articles dans le Courrier Picard&#8230;<\/strong><\/h4>\n<ul>\n<li>Article du 19 octobre 2010&#8230; <a href=\"http:\/\/home.mis.u-picardie.fr\/~e-cathedrale\/wordpress\/wp-content\/uploads\/2016\/09\/CP19oct2010.png\" target=\"_blank\">A consulter ici. <\/a><\/li>\n<li>Article du 20 octobre 2010&#8230; <a href=\"http:\/\/home.mis.u-picardie.fr\/~e-cathedrale\/wordpress\/wp-content\/uploads\/2016\/09\/CP20oct2010.png\" target=\"_blank\">A consulter ici.<\/a><\/li>\n<li>Article du 29 juillet 2011&#8230; <a href=\"http:\/\/home.mis.u-picardie.fr\/~e-cathedrale\/wordpress\/wp-content\/uploads\/2016\/09\/CP29juil2011.jpg\" target=\"_blank\">A consulter ici.\u00a0<\/a><\/li>\n<li>Article du 3 Avril 2016&#8230; <a href=\"http:\/\/www.courrier-picard.fr\/region\/la-cathedrale-en-trois-dimensions-ia9429b0n753212\" target=\"_blank\">A consulter ici. <\/a><\/li>\n<li>Article du 23 septembre 2016&#8230; <a href=\"http:\/\/home.mis.u-picardie.fr\/~e-cathedrale\/wordpress\/wp-content\/uploads\/2016\/09\/St-quentin.png\" target=\"_blank\">A consulter ici.<\/a><\/li>\n<li>Article du 8 octobre 2016&#8230; <a href=\"https:\/\/home.mis.u-picardie.fr\/~ecathedrale\/wp-content\/uploads\/2016\/10\/CP-08-10-2016.png\">A consulter ici.<\/a><\/li>\n<\/ul>\n<h4><strong>Articles dans le Journal des Ami\u00e9nois (JDA)&#8230;<\/strong><\/h4>\n<ul>\n<li>Article du 10 novembre 2010&#8230; <a href=\"http:\/\/home.mis.u-picardie.fr\/~e-cathedrale\/wordpress\/wp-content\/uploads\/2016\/09\/JDA10nv2010.png\" target=\"_blank\">A consulter ici.<\/a><\/li>\n<li>Article du 24 janvier 2011&#8230; <a href=\"http:\/\/home.mis.u-picardie.fr\/~e-cathedrale\/wordpress\/wp-content\/uploads\/2016\/09\/JDA24janv2011.png\" target=\"_blank\">A consulter ici.<\/a><\/li>\n<\/ul>\n<h4><strong>Mais aussi&#8230;<\/strong><\/h4>\n<ul>\n<li>Article du 20 octobre 2010 de \u00ab Picardie du Num\u00e9rique \u00bb&#8230; <a href=\"http:\/\/home.mis.u-picardie.fr\/~e-cathedrale\/wordpress\/wp-content\/uploads\/2016\/09\/PN20oct2010.png\" target=\"_blank\">A consulter ici.<\/a><\/li>\n<li>Article du 31 mai 2011 de la Gazette de Picardie&#8230; <a href=\"http:\/\/home.mis.u-picardie.fr\/~e-cathedrale\/wordpress\/wp-content\/uploads\/2016\/09\/gazette31mai2011.jpg\" target=\"_blank\">A consulter ici.<\/a><\/li>\n<li>Article du 21 juin 2011 de l&rsquo;Agence R\u00e9gionale de l&rsquo;Innovation&#8230; <a href=\"http:\/\/home.mis.u-picardie.fr\/~e-cathedrale\/wordpress\/wp-content\/uploads\/2016\/09\/ARI21juin2011.png\" target=\"_blank\">A consulter ici.<\/a><\/li>\n<li>Article du 12 f\u00e9vrier 2012 de Amiens Forum&#8230; <a href=\"http:\/\/home.mis.u-picardie.fr\/~e-cathedrale\/wordpress\/wp-content\/uploads\/2016\/09\/AF-FEv2012.png\" target=\"_blank\">A consulter ici.<\/a><\/li>\n<li>Article du 26 septembre 2016 de l&rsquo;Aisne Nouvelle \u00a0\u00bb Saint Quentin: le patrimoine de la ville en 3D\u00a0\u00bb&#8230;<a href=\"http:\/\/home.mis.u-picardie.fr\/~e-cathedrale\/wordpress\/wp-content\/uploads\/2016\/09\/23-09-2016-Aisne-Nouvelle.png\" target=\"_blank\"> A consulter ici.<\/a><\/li>\n<\/ul>\n<h4><strong>Et sur FaceBook&#8230;<\/strong><\/h4>\n<ul>\n<li>Mardi 16 ao\u00fbt 2016, sur la page du Pacte Pour l&rsquo;Emploi et l&rsquo;Innovation&#8230; <a href=\"https:\/\/www.facebook.com\/notes\/pacte-pour-lemploi-et-linnovation\/focus-sur-trois-exemples-de-projets-innovants-dans-limagerie-num\u00e9rique\/546489452204581\" target=\"_blank\">A consulter ici.<\/a><\/li>\n<li>Jeudi 20 octobre 2016, sur la page de <span class=\"fwn fcg\"><span class=\"fwb fcg\" data-ft=\"{&quot;tn&quot;:&quot;k&quot;}\"><a id=\"js_5c\" href=\"https:\/\/www.facebook.com\/AmiensDeveloppementNumerique\/?hc_ref=PAGES_TIMELINE&amp;fref=nf\" target=\"_blank\" data-hovercard=\"\/ajax\/hovercard\/page.php?id=1232966336768319&amp;extragetparams=%7B%22hc_ref%22%3A%22PAGES_TIMELINE%22%2C%22fref%22%3A%22nf%22%7D\">ADN I Amiens D\u00e9veloppement Num\u00e9rique.<\/a><\/span><\/span><\/li>\n<\/ul>\n<\/div>\n","protected":false},"excerpt":{"rendered":"<p>On en parle dans la presse&#8230; et sur le Net&#8230; Sur les chaines de t\u00e9l\u00e9vision&#8230; FR3 Picardie&#8230; Lundi 18 juin 2012, au journal de 13h00, interview de D. Leclet-Groux&#8230; A visualiser ici. 11 juin 2015, au journal du 19-20, interview de l&rsquo;\u00e9quipe&#8230; A visualiser ici. 12 juin 2014, nom de &#8230;<\/p>\n","protected":false},"author":1,"featured_media":0,"parent":136,"menu_order":22,"comment_status":"closed","ping_status":"closed","template":"","meta":[],"_links":{"self":[{"href":"https:\/\/home.mis.u-picardie.fr\/~ecathedrale\/wp-json\/wp\/v2\/pages\/140"}],"collection":[{"href":"https:\/\/home.mis.u-picardie.fr\/~ecathedrale\/wp-json\/wp\/v2\/pages"}],"about":[{"href":"https:\/\/home.mis.u-picardie.fr\/~ecathedrale\/wp-json\/wp\/v2\/types\/page"}],"author":[{"embeddable":true,"href":"https:\/\/home.mis.u-picardie.fr\/~ecathedrale\/wp-json\/wp\/v2\/users\/1"}],"replies":[{"embeddable":true,"href":"https:\/\/home.mis.u-picardie.fr\/~ecathedrale\/wp-json\/wp\/v2\/comments?post=140"}],"version-history":[{"count":50,"href":"https:\/\/home.mis.u-picardie.fr\/~ecathedrale\/wp-json\/wp\/v2\/pages\/140\/revisions"}],"predecessor-version":[{"id":3819,"href":"https:\/\/home.mis.u-picardie.fr\/~ecathedrale\/wp-json\/wp\/v2\/pages\/140\/revisions\/3819"}],"up":[{"embeddable":true,"href":"https:\/\/home.mis.u-picardie.fr\/~ecathedrale\/wp-json\/wp\/v2\/pages\/136"}],"wp:attachment":[{"href":"https:\/\/home.mis.u-picardie.fr\/~ecathedrale\/wp-json\/wp\/v2\/media?parent=140"}],"curies":[{"name":"wp","href":"https:\/\/api.w.org\/{rel}","templated":true}]}}