{"id":150,"date":"2016-01-20T10:55:19","date_gmt":"2016-01-20T09:55:19","guid":{"rendered":"http:\/\/127.0.0.1:4001\/wordpress\/?page_id=150"},"modified":"2019-01-08T22:45:06","modified_gmt":"2019-01-08T21:45:06","slug":"manifestations-scientifique","status":"publish","type":"page","link":"https:\/\/home.mis.u-picardie.fr\/~ecathedrale\/projets\/manifestations-scientifique\/","title":{"rendered":"Manifestations scientifiques"},"content":{"rendered":"<div class=\"txtpublisci\">\n<h4><strong>Novembre 2017&#8230; E-HERITAGE 2017<br \/>\n<\/strong><\/h4>\n<p>Guillaume Caron co-organisateur de E-HERITAGE 2017. <a href=\" http:\/\/www.cvl.iis.u-tokyo.ac.jp\/e-Heritage2017\/\" target=\"_blank\">A consulter ici.<\/a><\/p>\n<h4><strong>Novembre 2016&#8230; E-HERITAGE 2016<br \/>\n<\/strong><\/h4>\n<p>El Mustapha Mouaddib est Co-Pr\u00e9sident du comit\u00e9\u00a0 de programme du colloque E-HERITAGE 2016. <a href=\"http:\/\/www.cvl.iis.u-tokyo.ac.jp\/e-Heritage2016\/\" target=\"_blank\">A consulter ici.<\/a><\/p>\n<h4><strong>Juin 2014&#8230;Rencontre des Sciences du Num\u00e9rique et de l&rsquo;histoire de l&rsquo;Art et de l&rsquo;Architecture<\/strong><\/h4>\n<p>Le laboratoire MIS de l&rsquo;UPJV a organis\u00e9 une demi-journ\u00e9e rassemblant des chercheurs en Sciences du num\u00e9rique et des historiens de l&rsquo;art et de l&rsquo;architecture. <em>Le programme : 13H45 \/ \u00ab\u00a0Le programme e-Cath\u00e9drale\u00a0\u00bb, par El Mustapha Mouaddib, Professeur de vision 3D et robotique, laboratoire MIS de l&rsquo;UPJV ; 14H30 \/ \u00ab\u00a0Le projet structurant Transept \u00e0 la cath\u00e9drale d&rsquo;Amiens ; enjeux arch\u00e9ologiques\u00a0\u00bb, par Etienne Hamon, Professeur d&rsquo;Histoire de l&rsquo;art m\u00e9di\u00e9val, \u00e9quipe TrAme de l&rsquo;UPJV ; 15H30 \/ \u00ab\u00a0L&rsquo;apport de la mod\u00e9lisation tridimensionnelle \u00e0 l&rsquo;\u00e9tude de la fa\u00e7ade occidentale de la cath\u00e9drale d&rsquo;Amiens : premiers r\u00e9sultats\u00a0\u00bb, par Marie Lekane, doctorante FNRS, Histoire de l&rsquo;art du Moyen \u00c2ge, Universit\u00e9 de Li\u00e8ge (ULg), Transitions ; 16H15\/ \u00ab\u00a0Colorisation photo-r\u00e9alisatiste du mod\u00e8le 3D de la cath\u00e9drale d&rsquo;Amiens\u00a0\u00bb, par Nathan Crombez, doctorant en vision 3D et robotique, laboratoire MIS de l&rsquo;UPJV.<\/em><\/p>\n<h4><strong>D\u00e9cembre 2012&#8230; RICH 2012<br \/>\n<\/strong><\/h4>\n<p>Guillaume Caron a responsable de la session \u00ab\u00a0Museum projects and benefits\u201d de la Conf\u00e9rence on \u00ab\u00a0Robotics Innovation for Cultural Heritage\u00a0\u00bb, RICH 2012. <a href=\"http:\/\/www.cherplan.eu\/news\/1st-conference-robotics-innovation-cultural-heritage-venice-italy-3-4-december-2012\" target=\"_blank\">A consulter ici.<\/a><\/p>\n<h4><strong>Octobre 2012&#8230; Cultural Heritage Identity<\/strong><\/h4>\n<p>Guillaume Caron a \u00e9t\u00e9 responsable de la session \u00ab\u00a0<em>Cultural Heritage Identity<\/em>\u00a0\u00bb du 6th Int. Congress \u00ab\u00a0<em>Science and Technology for the Safeguard of Cultural Heritage in the Mediterranean Basin<\/em>\u00ab\u00a0. <a href=\"https:\/\/www.facebook.com\/events\/378020265643695\/\" target=\"_blank\">A consulter ici.<\/a><\/p>\n<h4><strong>Janvier 2012&#8230;RFIA<\/strong><\/h4>\n<p>Le congr\u00e8s RFIA 2012 a \u00e9t\u00e9 pr\u00e9c\u00e9d\u00e9 d\u2019une journ\u00e9e (le 24 Janvier 2012) d\u00e9di\u00e9e au d\u00e9roulement d\u2019\u00e9v\u00e9nements associ\u00e9s \u00e0 ce congr\u00e8s : ateliers, tutoriels, etc. Dans ce cadre, un atelier intitul\u00e9 <a href=\"http:\/\/home.mis.u-picardie.fr\/~monument3D\/\">Vision 3D et Patrimoine architectural<\/a> a \u00e9t\u00e9 organis\u00e9 par El Mustapha Mouaddib et Guillaume Caron, (MIS, Amiens). <a href=\"https:\/\/home.mis.u-picardie.fr\/~ecathedrale\/~monument3D\/\" target=\"_blank\">A consulter ici.<\/a><\/p>\n<\/div>\n","protected":false},"excerpt":{"rendered":"<p>Novembre 2017&#8230; E-HERITAGE 2017 Guillaume Caron co-organisateur de E-HERITAGE 2017. A consulter ici. Novembre 2016&#8230; E-HERITAGE 2016 El Mustapha Mouaddib est Co-Pr\u00e9sident du comit\u00e9\u00a0 de programme du colloque E-HERITAGE 2016. A consulter ici. Juin 2014&#8230;Rencontre des Sciences du Num\u00e9rique et de l&rsquo;histoire de l&rsquo;Art et de l&rsquo;Architecture Le laboratoire MIS &#8230;<\/p>\n","protected":false},"author":1,"featured_media":0,"parent":126,"menu_order":27,"comment_status":"closed","ping_status":"closed","template":"","meta":[],"_links":{"self":[{"href":"https:\/\/home.mis.u-picardie.fr\/~ecathedrale\/wp-json\/wp\/v2\/pages\/150"}],"collection":[{"href":"https:\/\/home.mis.u-picardie.fr\/~ecathedrale\/wp-json\/wp\/v2\/pages"}],"about":[{"href":"https:\/\/home.mis.u-picardie.fr\/~ecathedrale\/wp-json\/wp\/v2\/types\/page"}],"author":[{"embeddable":true,"href":"https:\/\/home.mis.u-picardie.fr\/~ecathedrale\/wp-json\/wp\/v2\/users\/1"}],"replies":[{"embeddable":true,"href":"https:\/\/home.mis.u-picardie.fr\/~ecathedrale\/wp-json\/wp\/v2\/comments?post=150"}],"version-history":[{"count":34,"href":"https:\/\/home.mis.u-picardie.fr\/~ecathedrale\/wp-json\/wp\/v2\/pages\/150\/revisions"}],"predecessor-version":[{"id":3994,"href":"https:\/\/home.mis.u-picardie.fr\/~ecathedrale\/wp-json\/wp\/v2\/pages\/150\/revisions\/3994"}],"up":[{"embeddable":true,"href":"https:\/\/home.mis.u-picardie.fr\/~ecathedrale\/wp-json\/wp\/v2\/pages\/126"}],"wp:attachment":[{"href":"https:\/\/home.mis.u-picardie.fr\/~ecathedrale\/wp-json\/wp\/v2\/media?parent=150"}],"curies":[{"name":"wp","href":"https:\/\/api.w.org\/{rel}","templated":true}]}}