{"id":152,"date":"2016-01-20T10:55:48","date_gmt":"2016-01-20T09:55:48","guid":{"rendered":"http:\/\/127.0.0.1:4001\/wordpress\/?page_id=152"},"modified":"2016-09-22T14:06:19","modified_gmt":"2016-09-22T13:06:19","slug":"carrefour-possibles","status":"publish","type":"page","link":"https:\/\/home.mis.u-picardie.fr\/~ecathedrale\/communication\/manifestations\/carrefour-possibles\/","title":{"rendered":"Carrefour des possibles 2011"},"content":{"rendered":"<div class=\"txtcarrefour\">\n<h3>Pr\u00e9sentation du projet Cath\u00e9drale au Carrefour des Possibles&#8230;<\/h3>\n<p>Jeudi 16 juin 2011 \u00e0 partir de 18h30 au Carr\u00e9 de la R\u00e9publique \u00e0 Amiens,<br \/>\nle programme E-cath\u00e9dr@le a \u00e9t\u00e9 pr\u00e9sent\u00e9 par El Mustapha Mouaddib. <a href=\"http:\/\/fing.org\/?5eme-CARREFOUR-DES-POSSIBLES\" target=\"_blank\">A consulter ici.<\/a><\/p>\n<p>Mais aussi en images&#8230;<br \/>\n<img loading=\"lazy\" class=\"alignnone size-medium wp-image-2452\" src=\"http:\/\/home.mis.u-picardie.fr\/~e-cathedrale\/wordpress\/wp-content\/uploads\/2016\/09\/CP-KTD-224x300.jpg\" alt=\"cp-ktd\" width=\"224\" height=\"300\" srcset=\"https:\/\/home.mis.u-picardie.fr\/~ecathedrale\/wp-content\/uploads\/2016\/09\/CP-KTD-224x300.jpg 224w, https:\/\/home.mis.u-picardie.fr\/~ecathedrale\/wp-content\/uploads\/2016\/09\/CP-KTD-768x1028.jpg 768w, https:\/\/home.mis.u-picardie.fr\/~ecathedrale\/wp-content\/uploads\/2016\/09\/CP-KTD-765x1024.jpg 765w, https:\/\/home.mis.u-picardie.fr\/~ecathedrale\/wp-content\/uploads\/2016\/09\/CP-KTD-700x937.jpg 700w, https:\/\/home.mis.u-picardie.fr\/~ecathedrale\/wp-content\/uploads\/2016\/09\/CP-KTD.jpg 1936w\" sizes=\"(max-width: 224px) 100vw, 224px\" \/><\/p>\n<p><img loading=\"lazy\" class=\"alignnone size-medium wp-image-2453\" src=\"http:\/\/home.mis.u-picardie.fr\/~e-cathedrale\/wordpress\/wp-content\/uploads\/2016\/09\/carre-300x174.png\" alt=\"carre\" width=\"300\" height=\"174\" srcset=\"https:\/\/home.mis.u-picardie.fr\/~ecathedrale\/wp-content\/uploads\/2016\/09\/carre-300x174.png 300w, https:\/\/home.mis.u-picardie.fr\/~ecathedrale\/wp-content\/uploads\/2016\/09\/carre-700x407.png 700w, https:\/\/home.mis.u-picardie.fr\/~ecathedrale\/wp-content\/uploads\/2016\/09\/carre.png 706w\" sizes=\"(max-width: 300px) 100vw, 300px\" \/><\/p>\n<\/div>\n","protected":false},"excerpt":{"rendered":"<p>Pr\u00e9sentation du projet Cath\u00e9drale au Carrefour des Possibles&#8230; Jeudi 16 juin 2011 \u00e0 partir de 18h30 au Carr\u00e9 de la R\u00e9publique \u00e0 Amiens, le programme E-cath\u00e9dr@le a \u00e9t\u00e9 pr\u00e9sent\u00e9 par El Mustapha Mouaddib. A consulter ici. Mais aussi en images&#8230;<\/p>\n","protected":false},"author":1,"featured_media":0,"parent":144,"menu_order":28,"comment_status":"closed","ping_status":"closed","template":"","meta":[],"_links":{"self":[{"href":"https:\/\/home.mis.u-picardie.fr\/~ecathedrale\/wp-json\/wp\/v2\/pages\/152"}],"collection":[{"href":"https:\/\/home.mis.u-picardie.fr\/~ecathedrale\/wp-json\/wp\/v2\/pages"}],"about":[{"href":"https:\/\/home.mis.u-picardie.fr\/~ecathedrale\/wp-json\/wp\/v2\/types\/page"}],"author":[{"embeddable":true,"href":"https:\/\/home.mis.u-picardie.fr\/~ecathedrale\/wp-json\/wp\/v2\/users\/1"}],"replies":[{"embeddable":true,"href":"https:\/\/home.mis.u-picardie.fr\/~ecathedrale\/wp-json\/wp\/v2\/comments?post=152"}],"version-history":[{"count":6,"href":"https:\/\/home.mis.u-picardie.fr\/~ecathedrale\/wp-json\/wp\/v2\/pages\/152\/revisions"}],"predecessor-version":[{"id":2456,"href":"https:\/\/home.mis.u-picardie.fr\/~ecathedrale\/wp-json\/wp\/v2\/pages\/152\/revisions\/2456"}],"up":[{"embeddable":true,"href":"https:\/\/home.mis.u-picardie.fr\/~ecathedrale\/wp-json\/wp\/v2\/pages\/144"}],"wp:attachment":[{"href":"https:\/\/home.mis.u-picardie.fr\/~ecathedrale\/wp-json\/wp\/v2\/media?parent=152"}],"curies":[{"name":"wp","href":"https:\/\/api.w.org\/{rel}","templated":true}]}}