{"id":2723,"date":"2017-10-30T23:11:59","date_gmt":"2017-10-30T22:11:59","guid":{"rendered":"https:\/\/www.home.mis-u-picardie.fr\/~ecathedrale\/~ecathedrale\/e-cathedrale\/?page_id=2723"},"modified":"2025-06-20T16:03:41","modified_gmt":"2025-06-20T15:03:41","slug":"equipe","status":"publish","type":"page","link":"https:\/\/home.mis.u-picardie.fr\/~ecathedrale\/equipe\/","title":{"rendered":"Equipe"},"content":{"rendered":"\n<div class=\"txtassiduitas\">\n<h3>Les enseignants-chercheurs<\/h3>\n<h4>El Mustapha Mouaddib<\/h4>\n<p><img class=\"alignleft size-thumbnail wp-image-2734\" src=\"https:\/\/home.mis.u-picardie.fr\/~ecathedrale\/wp-content\/uploads\/2017\/10\/EMtete-Beauvais-150x150.jpg\" alt=\"\" width=\"120\">\n<br>\n<br>\n&#8211; Num\u00e9risation, vecteurs pour la num\u00e9risation, recalage 2D-3D, assistance \u00e0 la navigation 3D, Immersion, visualisation de nuages de points 3D denses,<br> <br> <\/p>\n<br>\n<h4>Jordan Caracotte<\/h4>\n<p><img class=\"alignleft size-thumbnail wp-image-2734\" src=\"https:\/\/home.mis.u-picardie.fr\/~ecathedrale\/wp-content\/uploads\/2025\/06\/IMG_2728.small_.jpg\" alt=\"\" width=\"120\">\n<br>\n\n&#8211; Num\u00e9risation, recalage, visualisation de nuages de points 3D denses <br><br><\/p>\n<p>&nbsp;<\/p>\n<br>\n<h4>Guillaume Caron<\/h4>\n<p><img class=\"alignleft size-thumbnail wp-image-2734\" src=\"https:\/\/home.mis.u-picardie.fr\/~ecathedrale\/wp-content\/uploads\/2017\/10\/PhotoGC-200x300.jpg\" alt=\"\" width=\"120\">\n<br> <br>\n&#8211; Num\u00e9risation, recalage photos-mod\u00e8le 3D, assistance \u00e0 la navigation 3D, visualisation de nuages de points 3D denses par Internet \n<br>\n<br>\n<br>\n<br>\n<br>\n<h4>Dominique Leclet-Groux<\/h4>\n<p><img loading=\"lazy\" class=\"alignleft size-thumbnail wp-image-2734\" src=\"https:\/\/home.mis.u-picardie.fr\/~ecathedrale\/wp-content\/uploads\/2017\/10\/photoDGL-150x150.jpg\" alt=\"\" width=\"120\" height=\"110\">\n&#8211; Sensibilit\u00e9 au contexte, Adaptation et la personnalisation de la navigation 3D, mod\u00e9lisation des connaissances, Usages, Environnements Informatique Virtuels, Environnements Informatique Communautaire Mobile, Jeux S\u00e9rieux\n<br>\n<br>\n<br>\n<br>\n<\/p>\n<h4>Fabio Morbidi<\/h4>\n<p><img class=\"alignleft size-thumbnail wp-image-2735\" src=\"https:\/\/home.mis.u-picardie.fr\/~ecathedrale\/wp-content\/uploads\/2017\/10\/Photo_Morbidi-150x150.jpg\" alt=\"\" width=\"120\" srcset=\"https:\/\/home.mis.u-picardie.fr\/~ecathedrale\/wp-content\/uploads\/2017\/10\/Photo_Morbidi-150x150.jpg 150w, https:\/\/home.mis.u-picardie.fr\/~ecathedrale\/wp-content\/uploads\/2017\/10\/Photo_Morbidi-432x432.jpg 432w, https:\/\/home.mis.u-picardie.fr\/~ecathedrale\/wp-content\/uploads\/2017\/10\/Photo_Morbidi-268x268.jpg 268w\" sizes=\"(max-width: 150px) 100vw, 150px\" \/>\n&#8211; Reconstruction st\u00e9r\u00e9o-photometrique, navigation \u00ab next-best view \u00bb, reconstruction 3D \u00e0 partir de grandes bases de donn\u00e9es d&rsquo;images, reconstruction des \u00e9v\u00e9nements survenus \u00e0 la cath\u00e9drale d&rsquo;Amiens au cours de la Grande Guerre<br>\n<br>\n<br>\n<br>\n<\/p>\n<h3>Les anciens ing\u00e9nieurs<\/h3>\n<p>No\u00ebl Villette : Immersion, Navigation 3D, traitement de nuages de points.<br>\nThibault Potin : Num\u00e9risation, Immersion, Navigation 3D.<br>Tawsif Gokhol : Colorisation, Recalage 2D-3D<\/p>\n<h3>Les doctorants et postdoctorants actuels<\/h3>\n<p>Ghani Kissoum<br>\nDorian Kempf<\/p>\n<h3>Les doctorants ayant soutenu<\/h3>\n<p>Jordan Caracotte<br>Farouk Achakir<br>Nicolas Asseray<br>\nZaynab Habibi<br>Nathan Crombez<br>Noureddine Mohtaram<\/p>\n<h3>Les stagiaires<\/h3>\n<p>Maxime Boulenger (BUT 3), 2025 <br>\nVadim Soude (BUT 3), 2024<br>\nMartin Gotz (BUT 3), 2024 <br>\nMateo Bachelier (BUT 3), 2024 <br>\nMaxime Boulenger (BUT 2), 2024 <br>\nPaco Pastor (BUT 2), 2023 <br>\nRaphael Rault (BUT 2), 2023 <br>\nAjax Deshayes-Huet (BUT 2), 2023<br>\nMartin Gotz (BUT 2), 2023 <br>\nQuentin Loisel (BUT 2), 2023 <br>\nSimon Mullot : Jeu s\u00e9rieux-Architecture du portail sud de la cath\u00e9drale d&rsquo;Amiens, 2012.<br>Matthias Wesseli : Mod\u00e9lisation de la charpente de la fl\u00e8che de la cath\u00e9drale d&rsquo;Amiens, 2013.<br>Th\u00e9o Naze : Puzzle et charpente de la fl\u00e8che de la cath\u00e9drale d&rsquo;Amiens, 2013.<br>Guillaume Laubier : Am\u00e9lioration du mod\u00e8le (encrages) et du puzzle de la charpente de la fl\u00e8che de la cath\u00e9drale d&rsquo;Amiens, 2014.<br>Mehdi Djennane : Impl\u00e9mentation d\u2019une application de r\u00e9alit\u00e9 augment\u00e9e sur tablette, 2014.<br>Th\u00e9o Hordequin : Mod\u00e9lisation de la charpente de la cath\u00e9drale d&rsquo;Amiens, 2015.<br>Azziz Anghour : Interface Tangible et Jeux S\u00e9rieux, 2015.<br>Aberahmane Tahri-Jouti : Navigation automatique dans le mod\u00e8le 3D selon les r\u00e8gles cin\u00e9matographiques, 2014-2105.<br>Mohammed Ouddaf : Adaptation et navigation 3D, 2016.<br>Xiaoming Guo : Opus (design). 2016.<br>Th\u00e9o Le Goff : Projet Opus (design, maquette site), 2016.<br>Th\u00e9ophile Candelier : Dictionnaire visuel 3D, Navigation web 3D, 2017.<br>Jeremy Lentremy<br>Guillaume Montflier<br>Manon Branly<\/p>\n<\/div>\n","protected":false},"excerpt":{"rendered":"<p>Les enseignants-chercheurs El Mustapha Mouaddib &#8211; Num\u00e9risation, vecteurs pour la num\u00e9risation, recalage 2D-3D, assistance \u00e0 la navigation 3D, Immersion, visualisation de nuages de points 3D denses, Jordan Caracotte &#8211; Num\u00e9risation, recalage, visualisation de nuages de points 3D denses &nbsp; Guillaume Caron &#8211; Num\u00e9risation, recalage photos-mod\u00e8le 3D, assistance \u00e0 la navigation &#8230;<\/p>\n","protected":false},"author":1,"featured_media":0,"parent":0,"menu_order":0,"comment_status":"closed","ping_status":"closed","template":"","meta":[],"_links":{"self":[{"href":"https:\/\/home.mis.u-picardie.fr\/~ecathedrale\/wp-json\/wp\/v2\/pages\/2723"}],"collection":[{"href":"https:\/\/home.mis.u-picardie.fr\/~ecathedrale\/wp-json\/wp\/v2\/pages"}],"about":[{"href":"https:\/\/home.mis.u-picardie.fr\/~ecathedrale\/wp-json\/wp\/v2\/types\/page"}],"author":[{"embeddable":true,"href":"https:\/\/home.mis.u-picardie.fr\/~ecathedrale\/wp-json\/wp\/v2\/users\/1"}],"replies":[{"embeddable":true,"href":"https:\/\/home.mis.u-picardie.fr\/~ecathedrale\/wp-json\/wp\/v2\/comments?post=2723"}],"version-history":[{"count":132,"href":"https:\/\/home.mis.u-picardie.fr\/~ecathedrale\/wp-json\/wp\/v2\/pages\/2723\/revisions"}],"predecessor-version":[{"id":5184,"href":"https:\/\/home.mis.u-picardie.fr\/~ecathedrale\/wp-json\/wp\/v2\/pages\/2723\/revisions\/5184"}],"wp:attachment":[{"href":"https:\/\/home.mis.u-picardie.fr\/~ecathedrale\/wp-json\/wp\/v2\/media?parent=2723"}],"curies":[{"name":"wp","href":"https:\/\/api.w.org\/{rel}","templated":true}]}}