{"id":2910,"date":"2018-10-07T18:50:00","date_gmt":"2018-10-07T17:50:00","guid":{"rendered":"https:\/\/www.home.mis-u-picardie.fr\/~ecathedrale\/~ecathedrale\/e-cathedrale\/?page_id=2910"},"modified":"2018-12-23T18:36:12","modified_gmt":"2018-12-23T17:36:12","slug":"sumum","status":"publish","type":"page","link":"https:\/\/home.mis.u-picardie.fr\/~ecathedrale\/projets\/sumum\/","title":{"rendered":"SUMUM"},"content":{"rendered":"<div class=\"txtassiduitas\">\n<h3>SUMUM &#8211; Le num\u00e9rique au service de la conservation-restauration du patrimoine artistique<\/h3>\n<p>SUMUM est un projet de recherche sur 4 ans financ\u00e9 par l&rsquo;ANR. Extrait sur site : \u00ab\u00a0Le projet SUMUM ambitionne de construire sur les acquis de diff\u00e9rents projets europ\u00e9ens et nationaux, en r\u00e9pondant \u00e0 leurs limites identifi\u00e9es et en d\u00e9veloppant l\u2019int\u00e9gration instrumentale (acquisition) et m\u00e9thodologique (traitement et fusion de donn\u00e9es) dans un cadre interdisciplinaire.<br \/>\nIl est bas\u00e9 sur une approche multi-\u00e9chelle et multi-modale, est guid\u00e9 par les besoins des acteurs du domaine, et propose un cadre math\u00e9matique de repr\u00e9sentation et de traitement unifi\u00e9.\u00a0\u00bb<br \/>\nPour plus d&rsquo;informations, visiter <a href=\"http:\/\/anr-sumum.fr\/\">le site web.<\/a><\/p>\n<ul>\n<li>Partenaires : Porteur LE2I (Universit\u00e9 de Bourgogne), MIS-UPJV, GREYC (Universit\u00e9 de Caen), CICRP\/LABCOM.<\/li>\n<li>Dur\u00e9e : 2017-2021<\/li>\n<\/ul>\n<\/div>\n","protected":false},"excerpt":{"rendered":"<p>SUMUM &#8211; Le num\u00e9rique au service de la conservation-restauration du patrimoine artistique SUMUM est un projet de recherche sur 4 ans financ\u00e9 par l&rsquo;ANR. Extrait sur site : \u00ab\u00a0Le projet SUMUM ambitionne de construire sur les acquis de diff\u00e9rents projets europ\u00e9ens et nationaux, en r\u00e9pondant \u00e0 leurs limites identifi\u00e9es et &#8230;<\/p>\n","protected":false},"author":1,"featured_media":0,"parent":126,"menu_order":16,"comment_status":"closed","ping_status":"closed","template":"","meta":[],"_links":{"self":[{"href":"https:\/\/home.mis.u-picardie.fr\/~ecathedrale\/wp-json\/wp\/v2\/pages\/2910"}],"collection":[{"href":"https:\/\/home.mis.u-picardie.fr\/~ecathedrale\/wp-json\/wp\/v2\/pages"}],"about":[{"href":"https:\/\/home.mis.u-picardie.fr\/~ecathedrale\/wp-json\/wp\/v2\/types\/page"}],"author":[{"embeddable":true,"href":"https:\/\/home.mis.u-picardie.fr\/~ecathedrale\/wp-json\/wp\/v2\/users\/1"}],"replies":[{"embeddable":true,"href":"https:\/\/home.mis.u-picardie.fr\/~ecathedrale\/wp-json\/wp\/v2\/comments?post=2910"}],"version-history":[{"count":5,"href":"https:\/\/home.mis.u-picardie.fr\/~ecathedrale\/wp-json\/wp\/v2\/pages\/2910\/revisions"}],"predecessor-version":[{"id":4846,"href":"https:\/\/home.mis.u-picardie.fr\/~ecathedrale\/wp-json\/wp\/v2\/pages\/2910\/revisions\/4846"}],"up":[{"embeddable":true,"href":"https:\/\/home.mis.u-picardie.fr\/~ecathedrale\/wp-json\/wp\/v2\/pages\/126"}],"wp:attachment":[{"href":"https:\/\/home.mis.u-picardie.fr\/~ecathedrale\/wp-json\/wp\/v2\/media?parent=2910"}],"curies":[{"name":"wp","href":"https:\/\/api.w.org\/{rel}","templated":true}]}}