{"id":3558,"date":"2019-01-02T09:15:41","date_gmt":"2019-01-02T08:15:41","guid":{"rendered":"https:\/\/www.home.mis-u-picardie.fr\/~ecathedrale\/~ecathedrale\/e-cathedrale\/?page_id=3558"},"modified":"2019-07-01T17:19:19","modified_gmt":"2019-07-01T16:19:19","slug":"equipements","status":"publish","type":"page","link":"https:\/\/home.mis.u-picardie.fr\/~ecathedrale\/outils-et-demos\/equipements\/","title":{"rendered":"Equipements"},"content":{"rendered":"<div class=\"txtassiduitas\">\n<h4>Equipements de num\u00e9risation <\/h4>\n<li> scanners : C10 (Leica), RTC 360 (Leica) et Focus 3D (Faro) <\/li>\n<li> Mat\u00e9riel pour la photogramm\u00e9trie : Drones, cam\u00e9ras 360\u00b0, &#8230; <\/li>\n<p><\/p>\n<h4>Equipements pour la restitution et la visualisation <\/h4>\n<li> Immersion : HTC Vive, Occulus rift, ACER, &#8230; <\/li>\n<li> Deux \u00e9crans 4K 3D 98&Prime; <\/li>\n<p><\/p>\n<p><div id=\"envira-gallery-wrap-3566\" class=\"envira-gallery-wrap envira-gallery-theme-base envira-lightbox-theme-base\" itemscope itemtype=\"https:\/\/schema.org\/ImageGallery\"><div style=\"opacity: 0.0\"  data-row-height=\"150\" data-gallery-theme=\"normal\" id=\"envira-gallery-3566\" class=\"envira-gallery-public envira-gallery-justified-public envira-gallery-0-columns envira-clear enviratope envira-gallery-css-animations\" data-envira-columns=\"0\"><div id=\"envira-gallery-item-4508\" class=\"envira-gallery-item enviratope-item envira-gallery-item-1\" style=\"padding-left: 5px; padding-bottom: 10px; padding-right: 5px;\"  itemscope itemtype=\"https:\/\/schema.org\/ImageObject\"><div class=\"envira-gallery-item-inner\"><div class=\"envira-gallery-position-overlay  envira-gallery-top-left\"><\/div><div class=\"envira-gallery-position-overlay  envira-gallery-top-right\"><\/div><div class=\"envira-gallery-position-overlay  envira-gallery-bottom-left\"><\/div><div class=\"envira-gallery-position-overlay  envira-gallery-bottom-right\"><\/div><a href=\"https:\/\/home.mis.u-picardie.fr\/~ecathedrale\/wp-content\/uploads\/2019\/01\/OutilsDemos-T2-1-scaled.jpg\" class=\"envira-gallery-3566 envira-gallery-link\" rel=\"enviragallery3566\" title=\"OutilsDemos-T2\" data-envira-caption=\"OutilsDemos-T2\" data-envira-retina=\"\" data-thumbnail=\"\"  itemprop=\"contentUrl\"><img id=\"envira-gallery-image-4508\" class=\"envira-gallery-image envira-gallery-image-1 envira-normal \" data-envira-index=\"1\" src=\"https:\/\/home.mis.u-picardie.fr\/~ecathedrale\/wp-content\/uploads\/2019\/01\/OutilsDemos-T2-1-700x743-640x480.jpg\" data-envira-src=\"https:\/\/home.mis.u-picardie.fr\/~ecathedrale\/wp-content\/uploads\/2019\/01\/OutilsDemos-T2-1-700x743-640x480.jpg\" data-envira-gallery-id=\"3566\" data-envira-item-id=\"4508\" data-envira-caption=\"OutilsDemos-T2\" alt=\"\" title=\"OutilsDemos-T2\"  itemprop=\"thumbnailUrl\" data-envira-srcset=\"https:\/\/home.mis.u-picardie.fr\/~ecathedrale\/wp-content\/uploads\/2019\/01\/OutilsDemos-T2-1-700x743-640x480.jpg 400w,https:\/\/home.mis.u-picardie.fr\/~ecathedrale\/wp-content\/uploads\/2019\/01\/OutilsDemos-T2-1-700x743-640x480.jpg 2x\" data-envira-width=\"282\" data-envira-height=\"300\" srcset=\"https:\/\/home.mis.u-picardie.fr\/~ecathedrale\/wp-content\/uploads\/2019\/01\/OutilsDemos-T2-1-scaled-1280x960.jpg 2x\" data-safe-src=\"https:\/\/home.mis.u-picardie.fr\/~ecathedrale\/wp-content\/uploads\/2019\/01\/OutilsDemos-T2-1-700x743-640x480.jpg\" \/><\/a><\/div><\/div><div id=\"envira-gallery-item-4492\" class=\"envira-gallery-item enviratope-item envira-gallery-item-2\" style=\"padding-left: 5px; padding-bottom: 10px; padding-right: 5px;\"  itemscope itemtype=\"https:\/\/schema.org\/ImageObject\"><div class=\"envira-gallery-item-inner\"><div class=\"envira-gallery-position-overlay  envira-gallery-top-left\"><\/div><div class=\"envira-gallery-position-overlay  envira-gallery-top-right\"><\/div><div class=\"envira-gallery-position-overlay  envira-gallery-bottom-left\"><\/div><div class=\"envira-gallery-position-overlay  envira-gallery-bottom-right\"><\/div><a href=\"https:\/\/home.mis.u-picardie.fr\/~ecathedrale\/wp-content\/uploads\/2019\/01\/OutilsDemos-T18.jpg\" class=\"envira-gallery-3566 envira-gallery-link\" rel=\"enviragallery3566\" title=\"OutilsDemos-T18\" data-envira-caption=\"OutilsDemos-T18\" data-envira-retina=\"\" data-thumbnail=\"\"  itemprop=\"contentUrl\"><img id=\"envira-gallery-image-4492\" class=\"envira-gallery-image envira-gallery-image-2 envira-normal \" data-envira-index=\"2\" src=\"https:\/\/home.mis.u-picardie.fr\/~ecathedrale\/wp-content\/uploads\/2019\/01\/OutilsDemos-T18-700x265-640x480.jpg\" data-envira-src=\"https:\/\/home.mis.u-picardie.fr\/~ecathedrale\/wp-content\/uploads\/2019\/01\/OutilsDemos-T18-700x265-640x480.jpg\" data-envira-gallery-id=\"3566\" data-envira-item-id=\"4492\" data-envira-caption=\"OutilsDemos-T18\" alt=\"\" title=\"OutilsDemos-T18\"  itemprop=\"thumbnailUrl\" data-envira-srcset=\"https:\/\/home.mis.u-picardie.fr\/~ecathedrale\/wp-content\/uploads\/2019\/01\/OutilsDemos-T18-700x265-640x480.jpg 400w,https:\/\/home.mis.u-picardie.fr\/~ecathedrale\/wp-content\/uploads\/2019\/01\/OutilsDemos-T18-700x265-640x480.jpg 2x\" data-envira-width=\"300\" data-envira-height=\"113\" srcset=\"https:\/\/home.mis.u-picardie.fr\/~ecathedrale\/wp-content\/uploads\/2019\/01\/OutilsDemos-T18-1280x960.jpg 2x\" data-safe-src=\"https:\/\/home.mis.u-picardie.fr\/~ecathedrale\/wp-content\/uploads\/2019\/01\/OutilsDemos-T18-700x265-640x480.jpg\" \/><\/a><\/div><\/div><\/div><\/div><noscript><img src=\"https:\/\/home.mis.u-picardie.fr\/~ecathedrale\/wp-content\/uploads\/2019\/01\/OutilsDemos-T2-1-scaled.jpg\" alt=\"\" \/><img src=\"https:\/\/home.mis.u-picardie.fr\/~ecathedrale\/wp-content\/uploads\/2019\/01\/OutilsDemos-T18.jpg\" alt=\"\" \/><\/noscript><br \/>\n<\/p>\n<h4>Financements : R\u00e9gion Hauts de France, Fonds FEDER et Agence Nationale de la Recherche (ANR).<\/h4>\n<\/div>\n","protected":false},"excerpt":{"rendered":"<p>Equipements de num\u00e9risation scanners : C10 (Leica), RTC 360 (Leica) et Focus 3D (Faro) Mat\u00e9riel pour la photogramm\u00e9trie : Drones, cam\u00e9ras 360\u00b0, &#8230; Equipements pour la restitution et la visualisation Immersion : HTC Vive, Occulus rift, ACER, &#8230; Deux \u00e9crans 4K 3D 98&Prime; Financements : R\u00e9gion Hauts de France, Fonds &#8230;<\/p>\n","protected":false},"author":1,"featured_media":0,"parent":3555,"menu_order":0,"comment_status":"closed","ping_status":"closed","template":"","meta":[],"_links":{"self":[{"href":"https:\/\/home.mis.u-picardie.fr\/~ecathedrale\/wp-json\/wp\/v2\/pages\/3558"}],"collection":[{"href":"https:\/\/home.mis.u-picardie.fr\/~ecathedrale\/wp-json\/wp\/v2\/pages"}],"about":[{"href":"https:\/\/home.mis.u-picardie.fr\/~ecathedrale\/wp-json\/wp\/v2\/types\/page"}],"author":[{"embeddable":true,"href":"https:\/\/home.mis.u-picardie.fr\/~ecathedrale\/wp-json\/wp\/v2\/users\/1"}],"replies":[{"embeddable":true,"href":"https:\/\/home.mis.u-picardie.fr\/~ecathedrale\/wp-json\/wp\/v2\/comments?post=3558"}],"version-history":[{"count":13,"href":"https:\/\/home.mis.u-picardie.fr\/~ecathedrale\/wp-json\/wp\/v2\/pages\/3558\/revisions"}],"predecessor-version":[{"id":5051,"href":"https:\/\/home.mis.u-picardie.fr\/~ecathedrale\/wp-json\/wp\/v2\/pages\/3558\/revisions\/5051"}],"up":[{"embeddable":true,"href":"https:\/\/home.mis.u-picardie.fr\/~ecathedrale\/wp-json\/wp\/v2\/pages\/3555"}],"wp:attachment":[{"href":"https:\/\/home.mis.u-picardie.fr\/~ecathedrale\/wp-json\/wp\/v2\/media?parent=3558"}],"curies":[{"name":"wp","href":"https:\/\/api.w.org\/{rel}","templated":true}]}}