{"id":3620,"date":"2019-01-02T11:25:19","date_gmt":"2019-01-02T10:25:19","guid":{"rendered":"https:\/\/www.home.mis-u-picardie.fr\/~ecathedrale\/~ecathedrale\/e-cathedrale\/?page_id=3620"},"modified":"2025-06-20T14:18:55","modified_gmt":"2025-06-20T13:18:55","slug":"opus","status":"publish","type":"page","link":"https:\/\/home.mis.u-picardie.fr\/~ecathedrale\/projets\/opus\/","title":{"rendered":"Opus"},"content":{"rendered":"<div class=\"txtcathbeauvais\">\n<h3>A propos du projet<\/h3>\n<ul>\n<li><strong>Objectif<\/strong> : R\u00e9aliser un outil interactif d\u00e9di\u00e9 \u00e0 l&rsquo;histoire de la construction de la cath\u00e9drale, depuis sa mise en chantier au XIIIe si\u00e8cle jusqu\u2019aux grandes restaurations du<br \/>\nXIXe si\u00e8cle. Nous avons privil\u00e9gi\u00e9 cet aspect chronologique parce qu&rsquo;il constitue un \u00e9l\u00e9ment de curiosit\u00e9 prioritaire et stimulant pour les visiteurs. En outre, les \u00e9tapes<br \/>\nde la construction, et le d\u00e9roulement du chantier, replac\u00e9s dans leur environnement urbain contemporain, se pr\u00eatent tr\u00e8s bien \u00e0 la pr\u00e9sentation sous forme num\u00e9rique.&nbsp;&nbsp;<\/p>\n<p>L&rsquo;outil exploite les derni\u00e8res donn\u00e9es issues de la mod\u00e9lisation 3D issues du programme E-Cath\u00e9drale. Le projet Opus a \u00e9t\u00e9 r\u00e9alis\u00e9 par une \u00e9quipe pluridisciplinaire<br \/>\nconstitu\u00e9e de sp\u00e9cialistes en sciences du num\u00e9rique, en design num\u00e9rique, en histoire de l&rsquo;art et en m\u00e9diation du patrimoine de mani\u00e8re \u00e0 proposer un contenu<br \/>\nscientifiquement solide et adapt\u00e9 au grand public.<\/li>\n<li><strong>Partenaires<\/strong> : le laboratoire MIS (UPJV), le laboratoire TrAME (UPJV), l\u2019ESAD Amiens et Amiens M\u00e9tropole.<\/li>\n<li><strong>P\u00e9riode<\/strong> : 2015-2018.<\/li>\n<li><strong>Moyens<\/strong> : Opus a \u00e9t\u00e9 financ\u00e9 par la R\u00e9gion Hauts-de-France dans le cadre de l\u2019appel \u00e0 projets Diffusion des Savoirs Picards (2015-2016).<\/li>\n<li><strong>R\u00e9sultats<\/strong> : Un site web d\u00e9di\u00e9 \u00e0 l&rsquo;histoire de la construction de la cath\u00e9drale d&rsquo;Amiens, Navigation en ligne dans des parties du mod\u00e8le 3D (nuages de points),<br \/>\n18 tirages su papier d&rsquo;extraits (80cmx60cm).<\/li>\n<\/ul>\n<p>&nbsp;<\/p>\n<h3>Extraits<\/h3>\n<div id=\"envira-gallery-wrap-3679\" class=\"envira-gallery-wrap envira-gallery-theme-base envira-lightbox-theme-base\" itemscope itemtype=\"https:\/\/schema.org\/ImageGallery\"><div style=\"opacity: 0.0\"  data-row-height=\"150\" data-gallery-theme=\"normal\" id=\"envira-gallery-3679\" class=\"envira-gallery-public envira-gallery-justified-public envira-gallery-0-columns envira-clear enviratope envira-gallery-css-animations\" data-envira-columns=\"0\"><div id=\"envira-gallery-item-4486\" class=\"envira-gallery-item enviratope-item envira-gallery-item-1\" style=\"padding-left: 5px; padding-bottom: 10px; padding-right: 5px;\"  itemscope itemtype=\"https:\/\/schema.org\/ImageObject\"><div class=\"envira-gallery-item-inner\"><div class=\"envira-gallery-position-overlay  envira-gallery-top-left\"><\/div><div class=\"envira-gallery-position-overlay  envira-gallery-top-right\"><\/div><div class=\"envira-gallery-position-overlay  envira-gallery-bottom-left\"><\/div><div class=\"envira-gallery-position-overlay  envira-gallery-bottom-right\"><\/div><a href=\"https:\/\/home.mis.u-picardie.fr\/~ecathedrale\/wp-content\/uploads\/2019\/01\/Opus-T1-1-scaled.jpg\" class=\"envira-gallery-3679 envira-gallery-link\" rel=\"enviragallery3679\" title=\"Opus-T1\" data-envira-caption=\"Opus-T1\" data-envira-retina=\"\" data-thumbnail=\"\"  itemprop=\"contentUrl\"><img id=\"envira-gallery-image-4486\" class=\"envira-gallery-image envira-gallery-image-1 envira-normal \" data-envira-index=\"1\" src=\"https:\/\/home.mis.u-picardie.fr\/~ecathedrale\/wp-content\/uploads\/2019\/01\/Opus-T1-1-700x352-640x480.jpg\" data-envira-src=\"https:\/\/home.mis.u-picardie.fr\/~ecathedrale\/wp-content\/uploads\/2019\/01\/Opus-T1-1-700x352-640x480.jpg\" data-envira-gallery-id=\"3679\" data-envira-item-id=\"4486\" data-envira-caption=\"Opus-T1\" alt=\"\" title=\"Opus-T1\"  itemprop=\"thumbnailUrl\" data-envira-srcset=\"https:\/\/home.mis.u-picardie.fr\/~ecathedrale\/wp-content\/uploads\/2019\/01\/Opus-T1-1-700x352-640x480.jpg 400w,https:\/\/home.mis.u-picardie.fr\/~ecathedrale\/wp-content\/uploads\/2019\/01\/Opus-T1-1-700x352-640x480.jpg 2x\" data-envira-width=\"300\" data-envira-height=\"151\" srcset=\"https:\/\/home.mis.u-picardie.fr\/~ecathedrale\/wp-content\/uploads\/2019\/01\/Opus-T1-1-scaled-1280x960.jpg 2x\" data-safe-src=\"https:\/\/home.mis.u-picardie.fr\/~ecathedrale\/wp-content\/uploads\/2019\/01\/Opus-T1-1-700x352-640x480.jpg\" \/><\/a><\/div><\/div><div id=\"envira-gallery-item-4488\" class=\"envira-gallery-item enviratope-item envira-gallery-item-2\" style=\"padding-left: 5px; padding-bottom: 10px; padding-right: 5px;\"  itemscope itemtype=\"https:\/\/schema.org\/ImageObject\"><div class=\"envira-gallery-item-inner\"><div class=\"envira-gallery-position-overlay  envira-gallery-top-left\"><\/div><div class=\"envira-gallery-position-overlay  envira-gallery-top-right\"><\/div><div class=\"envira-gallery-position-overlay  envira-gallery-bottom-left\"><\/div><div class=\"envira-gallery-position-overlay  envira-gallery-bottom-right\"><\/div><a href=\"https:\/\/home.mis.u-picardie.fr\/~ecathedrale\/wp-content\/uploads\/2019\/01\/Opus-T3-1-scaled.jpg\" class=\"envira-gallery-3679 envira-gallery-link\" rel=\"enviragallery3679\" title=\"Opus-T3\" data-envira-caption=\"Opus-T3\" data-envira-retina=\"\" data-thumbnail=\"\"  itemprop=\"contentUrl\"><img id=\"envira-gallery-image-4488\" class=\"envira-gallery-image envira-gallery-image-2 envira-normal \" data-envira-index=\"2\" src=\"https:\/\/home.mis.u-picardie.fr\/~ecathedrale\/wp-content\/uploads\/2019\/01\/Opus-T3-1-700x387-640x480.jpg\" data-envira-src=\"https:\/\/home.mis.u-picardie.fr\/~ecathedrale\/wp-content\/uploads\/2019\/01\/Opus-T3-1-700x387-640x480.jpg\" data-envira-gallery-id=\"3679\" data-envira-item-id=\"4488\" data-envira-caption=\"Opus-T3\" alt=\"\" title=\"Opus-T3\"  itemprop=\"thumbnailUrl\" data-envira-srcset=\"https:\/\/home.mis.u-picardie.fr\/~ecathedrale\/wp-content\/uploads\/2019\/01\/Opus-T3-1-700x387-640x480.jpg 400w,https:\/\/home.mis.u-picardie.fr\/~ecathedrale\/wp-content\/uploads\/2019\/01\/Opus-T3-1-700x387-640x480.jpg 2x\" data-envira-width=\"300\" data-envira-height=\"166\" srcset=\"https:\/\/home.mis.u-picardie.fr\/~ecathedrale\/wp-content\/uploads\/2019\/01\/Opus-T3-1-scaled-1280x960.jpg 2x\" data-safe-src=\"https:\/\/home.mis.u-picardie.fr\/~ecathedrale\/wp-content\/uploads\/2019\/01\/Opus-T3-1-700x387-640x480.jpg\" \/><\/a><\/div><\/div><div id=\"envira-gallery-item-4487\" class=\"envira-gallery-item enviratope-item envira-gallery-item-3\" style=\"padding-left: 5px; padding-bottom: 10px; padding-right: 5px;\"  itemscope itemtype=\"https:\/\/schema.org\/ImageObject\"><div class=\"envira-gallery-item-inner\"><div class=\"envira-gallery-position-overlay  envira-gallery-top-left\"><\/div><div class=\"envira-gallery-position-overlay  envira-gallery-top-right\"><\/div><div class=\"envira-gallery-position-overlay  envira-gallery-bottom-left\"><\/div><div class=\"envira-gallery-position-overlay  envira-gallery-bottom-right\"><\/div><a href=\"https:\/\/home.mis.u-picardie.fr\/~ecathedrale\/wp-content\/uploads\/2019\/01\/Opus-T2-1-scaled.jpg\" class=\"envira-gallery-3679 envira-gallery-link\" rel=\"enviragallery3679\" title=\"Opus-T2\" data-envira-caption=\"Opus-T2\" data-envira-retina=\"\" data-thumbnail=\"\"  itemprop=\"contentUrl\"><img id=\"envira-gallery-image-4487\" class=\"envira-gallery-image envira-gallery-image-3 envira-normal \" data-envira-index=\"3\" src=\"https:\/\/home.mis.u-picardie.fr\/~ecathedrale\/wp-content\/uploads\/2019\/01\/Opus-T2-1-700x387-640x480.jpg\" data-envira-src=\"https:\/\/home.mis.u-picardie.fr\/~ecathedrale\/wp-content\/uploads\/2019\/01\/Opus-T2-1-700x387-640x480.jpg\" data-envira-gallery-id=\"3679\" data-envira-item-id=\"4487\" data-envira-caption=\"Opus-T2\" alt=\"\" title=\"Opus-T2\"  itemprop=\"thumbnailUrl\" data-envira-srcset=\"https:\/\/home.mis.u-picardie.fr\/~ecathedrale\/wp-content\/uploads\/2019\/01\/Opus-T2-1-700x387-640x480.jpg 400w,https:\/\/home.mis.u-picardie.fr\/~ecathedrale\/wp-content\/uploads\/2019\/01\/Opus-T2-1-700x387-640x480.jpg 2x\" data-envira-width=\"300\" data-envira-height=\"166\" srcset=\"https:\/\/home.mis.u-picardie.fr\/~ecathedrale\/wp-content\/uploads\/2019\/01\/Opus-T2-1-scaled-1280x960.jpg 2x\" data-safe-src=\"https:\/\/home.mis.u-picardie.fr\/~ecathedrale\/wp-content\/uploads\/2019\/01\/Opus-T2-1-700x387-640x480.jpg\" \/><\/a><\/div><\/div><div id=\"envira-gallery-item-4490\" class=\"envira-gallery-item enviratope-item envira-gallery-item-4\" style=\"padding-left: 5px; padding-bottom: 10px; padding-right: 5px;\"  itemscope itemtype=\"https:\/\/schema.org\/ImageObject\"><div class=\"envira-gallery-item-inner\"><div class=\"envira-gallery-position-overlay  envira-gallery-top-left\"><\/div><div class=\"envira-gallery-position-overlay  envira-gallery-top-right\"><\/div><div class=\"envira-gallery-position-overlay  envira-gallery-bottom-left\"><\/div><div class=\"envira-gallery-position-overlay  envira-gallery-bottom-right\"><\/div><a href=\"https:\/\/home.mis.u-picardie.fr\/~ecathedrale\/wp-content\/uploads\/2019\/01\/Opus-T5-1-scaled.jpg\" class=\"envira-gallery-3679 envira-gallery-link\" rel=\"enviragallery3679\" title=\"Opus-T5\" data-envira-caption=\"Opus-T5\" data-envira-retina=\"\" data-thumbnail=\"\"  itemprop=\"contentUrl\"><img id=\"envira-gallery-image-4490\" class=\"envira-gallery-image envira-gallery-image-4 envira-normal \" data-envira-index=\"4\" src=\"https:\/\/home.mis.u-picardie.fr\/~ecathedrale\/wp-content\/uploads\/2019\/01\/Opus-T5-1-700x387-640x480.jpg\" data-envira-src=\"https:\/\/home.mis.u-picardie.fr\/~ecathedrale\/wp-content\/uploads\/2019\/01\/Opus-T5-1-700x387-640x480.jpg\" data-envira-gallery-id=\"3679\" data-envira-item-id=\"4490\" data-envira-caption=\"Opus-T5\" alt=\"\" title=\"Opus-T5\"  itemprop=\"thumbnailUrl\" data-envira-srcset=\"https:\/\/home.mis.u-picardie.fr\/~ecathedrale\/wp-content\/uploads\/2019\/01\/Opus-T5-1-700x387-640x480.jpg 400w,https:\/\/home.mis.u-picardie.fr\/~ecathedrale\/wp-content\/uploads\/2019\/01\/Opus-T5-1-700x387-640x480.jpg 2x\" data-envira-width=\"300\" data-envira-height=\"166\" srcset=\"https:\/\/home.mis.u-picardie.fr\/~ecathedrale\/wp-content\/uploads\/2019\/01\/Opus-T5-1-scaled-1280x960.jpg 2x\" data-safe-src=\"https:\/\/home.mis.u-picardie.fr\/~ecathedrale\/wp-content\/uploads\/2019\/01\/Opus-T5-1-700x387-640x480.jpg\" \/><\/a><\/div><\/div><div id=\"envira-gallery-item-4489\" class=\"envira-gallery-item enviratope-item envira-gallery-item-5\" style=\"padding-left: 5px; padding-bottom: 10px; padding-right: 5px;\"  itemscope itemtype=\"https:\/\/schema.org\/ImageObject\"><div class=\"envira-gallery-item-inner\"><div class=\"envira-gallery-position-overlay  envira-gallery-top-left\"><\/div><div class=\"envira-gallery-position-overlay  envira-gallery-top-right\"><\/div><div class=\"envira-gallery-position-overlay  envira-gallery-bottom-left\"><\/div><div class=\"envira-gallery-position-overlay  envira-gallery-bottom-right\"><\/div><a href=\"https:\/\/home.mis.u-picardie.fr\/~ecathedrale\/wp-content\/uploads\/2019\/01\/Opus-T4-1-scaled.jpg\" class=\"envira-gallery-3679 envira-gallery-link\" rel=\"enviragallery3679\" title=\"Opus-T4\" data-envira-caption=\"Opus-T4\" data-envira-retina=\"\" data-thumbnail=\"\"  itemprop=\"contentUrl\"><img id=\"envira-gallery-image-4489\" class=\"envira-gallery-image envira-gallery-image-5 envira-normal \" data-envira-index=\"5\" src=\"https:\/\/home.mis.u-picardie.fr\/~ecathedrale\/wp-content\/uploads\/2019\/01\/Opus-T4-1-700x383-640x480.jpg\" data-envira-src=\"https:\/\/home.mis.u-picardie.fr\/~ecathedrale\/wp-content\/uploads\/2019\/01\/Opus-T4-1-700x383-640x480.jpg\" data-envira-gallery-id=\"3679\" data-envira-item-id=\"4489\" data-envira-caption=\"Opus-T4\" alt=\"\" title=\"Opus-T4\"  itemprop=\"thumbnailUrl\" data-envira-srcset=\"https:\/\/home.mis.u-picardie.fr\/~ecathedrale\/wp-content\/uploads\/2019\/01\/Opus-T4-1-700x383-640x480.jpg 400w,https:\/\/home.mis.u-picardie.fr\/~ecathedrale\/wp-content\/uploads\/2019\/01\/Opus-T4-1-700x383-640x480.jpg 2x\" data-envira-width=\"300\" data-envira-height=\"164\" srcset=\"https:\/\/home.mis.u-picardie.fr\/~ecathedrale\/wp-content\/uploads\/2019\/01\/Opus-T4-1-scaled-1280x960.jpg 2x\" data-safe-src=\"https:\/\/home.mis.u-picardie.fr\/~ecathedrale\/wp-content\/uploads\/2019\/01\/Opus-T4-1-700x383-640x480.jpg\" \/><\/a><\/div><\/div><div id=\"envira-gallery-item-4491\" class=\"envira-gallery-item enviratope-item envira-gallery-item-6\" style=\"padding-left: 5px; padding-bottom: 10px; padding-right: 5px;\"  itemscope itemtype=\"https:\/\/schema.org\/ImageObject\"><div class=\"envira-gallery-item-inner\"><div class=\"envira-gallery-position-overlay  envira-gallery-top-left\"><\/div><div class=\"envira-gallery-position-overlay  envira-gallery-top-right\"><\/div><div class=\"envira-gallery-position-overlay  envira-gallery-bottom-left\"><\/div><div class=\"envira-gallery-position-overlay  envira-gallery-bottom-right\"><\/div><a href=\"https:\/\/home.mis.u-picardie.fr\/~ecathedrale\/wp-content\/uploads\/2019\/01\/Opus-T6-1-scaled.jpg\" class=\"envira-gallery-3679 envira-gallery-link\" rel=\"enviragallery3679\" title=\"Opus-T6\" data-envira-caption=\"Opus-T6\" data-envira-retina=\"\" data-thumbnail=\"\"  itemprop=\"contentUrl\"><img id=\"envira-gallery-image-4491\" class=\"envira-gallery-image envira-gallery-image-6 envira-normal \" data-envira-index=\"6\" src=\"https:\/\/home.mis.u-picardie.fr\/~ecathedrale\/wp-content\/uploads\/2019\/01\/Opus-T6-1-700x385-640x480.jpg\" data-envira-src=\"https:\/\/home.mis.u-picardie.fr\/~ecathedrale\/wp-content\/uploads\/2019\/01\/Opus-T6-1-700x385-640x480.jpg\" data-envira-gallery-id=\"3679\" data-envira-item-id=\"4491\" data-envira-caption=\"Opus-T6\" alt=\"\" title=\"Opus-T6\"  itemprop=\"thumbnailUrl\" data-envira-srcset=\"https:\/\/home.mis.u-picardie.fr\/~ecathedrale\/wp-content\/uploads\/2019\/01\/Opus-T6-1-700x385-640x480.jpg 400w,https:\/\/home.mis.u-picardie.fr\/~ecathedrale\/wp-content\/uploads\/2019\/01\/Opus-T6-1-700x385-640x480.jpg 2x\" data-envira-width=\"300\" data-envira-height=\"165\" srcset=\"https:\/\/home.mis.u-picardie.fr\/~ecathedrale\/wp-content\/uploads\/2019\/01\/Opus-T6-1-scaled-1280x960.jpg 2x\" data-safe-src=\"https:\/\/home.mis.u-picardie.fr\/~ecathedrale\/wp-content\/uploads\/2019\/01\/Opus-T6-1-700x385-640x480.jpg\" \/><\/a><\/div><\/div><\/div><\/div><noscript><img src=\"https:\/\/home.mis.u-picardie.fr\/~ecathedrale\/wp-content\/uploads\/2019\/01\/Opus-T1-1-scaled.jpg\" alt=\"\" \/><img src=\"https:\/\/home.mis.u-picardie.fr\/~ecathedrale\/wp-content\/uploads\/2019\/01\/Opus-T3-1-scaled.jpg\" alt=\"\" \/><img src=\"https:\/\/home.mis.u-picardie.fr\/~ecathedrale\/wp-content\/uploads\/2019\/01\/Opus-T2-1-scaled.jpg\" alt=\"\" \/><img src=\"https:\/\/home.mis.u-picardie.fr\/~ecathedrale\/wp-content\/uploads\/2019\/01\/Opus-T5-1-scaled.jpg\" alt=\"\" \/><img src=\"https:\/\/home.mis.u-picardie.fr\/~ecathedrale\/wp-content\/uploads\/2019\/01\/Opus-T4-1-scaled.jpg\" alt=\"\" \/><img src=\"https:\/\/home.mis.u-picardie.fr\/~ecathedrale\/wp-content\/uploads\/2019\/01\/Opus-T6-1-scaled.jpg\" alt=\"\" \/><\/noscript>\n<h3>Vid\u00e9os<\/h3>\n<p>Cette vid\u00e9o explique le contenu et le fonctionnement du site Opus.<br \/>\n<video controls=\"controls\" width=\"800\" height=\"600\"><source src=\"http:\/\/home.mis.u-picardie.fr\/~mouaddib\/KTD\/Site\/Opus\/PresentationOpus-MIS-UPJV-2020.mp4\" type=\"video\/mp4\"><\/video><\/p>\n<h3>Acc\u00e8s \u00e0 l&rsquo;application Opus<\/h3>\n<p><a href=\"https:\/\/home.mis.u-picardie.fr\/~opus\/\">Pour ex\u00e9cuter l&rsquo;application Opus, cliquer ici.<\/a><\/p>\n<\/div>\n","protected":false},"excerpt":{"rendered":"<p>A propos du projet Objectif : R\u00e9aliser un outil interactif d\u00e9di\u00e9 \u00e0 l&rsquo;histoire de la construction de la cath\u00e9drale, depuis sa mise en chantier au XIIIe si\u00e8cle jusqu\u2019aux grandes restaurations du XIXe si\u00e8cle. Nous avons privil\u00e9gi\u00e9 cet aspect chronologique parce qu&rsquo;il constitue un \u00e9l\u00e9ment de curiosit\u00e9 prioritaire et stimulant pour &#8230;<\/p>\n","protected":false},"author":1,"featured_media":0,"parent":126,"menu_order":0,"comment_status":"closed","ping_status":"closed","template":"","meta":[],"_links":{"self":[{"href":"https:\/\/home.mis.u-picardie.fr\/~ecathedrale\/wp-json\/wp\/v2\/pages\/3620"}],"collection":[{"href":"https:\/\/home.mis.u-picardie.fr\/~ecathedrale\/wp-json\/wp\/v2\/pages"}],"about":[{"href":"https:\/\/home.mis.u-picardie.fr\/~ecathedrale\/wp-json\/wp\/v2\/types\/page"}],"author":[{"embeddable":true,"href":"https:\/\/home.mis.u-picardie.fr\/~ecathedrale\/wp-json\/wp\/v2\/users\/1"}],"replies":[{"embeddable":true,"href":"https:\/\/home.mis.u-picardie.fr\/~ecathedrale\/wp-json\/wp\/v2\/comments?post=3620"}],"version-history":[{"count":20,"href":"https:\/\/home.mis.u-picardie.fr\/~ecathedrale\/wp-json\/wp\/v2\/pages\/3620\/revisions"}],"predecessor-version":[{"id":5142,"href":"https:\/\/home.mis.u-picardie.fr\/~ecathedrale\/wp-json\/wp\/v2\/pages\/3620\/revisions\/5142"}],"up":[{"embeddable":true,"href":"https:\/\/home.mis.u-picardie.fr\/~ecathedrale\/wp-json\/wp\/v2\/pages\/126"}],"wp:attachment":[{"href":"https:\/\/home.mis.u-picardie.fr\/~ecathedrale\/wp-json\/wp\/v2\/media?parent=3620"}],"curies":[{"name":"wp","href":"https:\/\/api.w.org\/{rel}","templated":true}]}}