{"id":3625,"date":"2019-01-02T11:27:39","date_gmt":"2019-01-02T10:27:39","guid":{"rendered":"https:\/\/www.home.mis-u-picardie.fr\/~ecathedrale\/~ecathedrale\/e-cathedrale\/?page_id=3625"},"modified":"2019-01-02T12:43:43","modified_gmt":"2019-01-02T11:43:43","slug":"rendre-visible-linvisible","status":"publish","type":"page","link":"https:\/\/home.mis.u-picardie.fr\/~ecathedrale\/projets\/rendre-visible-linvisible\/","title":{"rendered":"Rendre visible l&rsquo;invisible &#8230;"},"content":{"rendered":"<div class=\"txtcathbeauvais\">\n<h3>A propos du projet <\/h3>\n<ul>\n<li><strong>Objectif<\/strong> : .<\/li>\n<li><strong>Partenanires<\/strong> : MIS-UPJV.<\/li>\n<li><strong>P\u00e9riode<\/strong> : .<\/li>\n<li><strong>Moyens<\/strong> : Scanner Focus 3D et appareils photographiques externes pour le texturage.<\/li>\n<li><strong>R\u00e9sultats<\/strong> : environ .<\/li>\n<\/ul>\n<h3>Publications<\/h3>\n<h3>Pr\u00e9sentations<\/h3>\n<\/div>\n","protected":false},"excerpt":{"rendered":"<p>A propos du projet Objectif : . Partenanires : MIS-UPJV. P\u00e9riode : . Moyens : Scanner Focus 3D et appareils photographiques externes pour le texturage. R\u00e9sultats : environ . Publications Pr\u00e9sentations<\/p>\n","protected":false},"author":1,"featured_media":0,"parent":126,"menu_order":0,"comment_status":"closed","ping_status":"closed","template":"","meta":[],"_links":{"self":[{"href":"https:\/\/home.mis.u-picardie.fr\/~ecathedrale\/wp-json\/wp\/v2\/pages\/3625"}],"collection":[{"href":"https:\/\/home.mis.u-picardie.fr\/~ecathedrale\/wp-json\/wp\/v2\/pages"}],"about":[{"href":"https:\/\/home.mis.u-picardie.fr\/~ecathedrale\/wp-json\/wp\/v2\/types\/page"}],"author":[{"embeddable":true,"href":"https:\/\/home.mis.u-picardie.fr\/~ecathedrale\/wp-json\/wp\/v2\/users\/1"}],"replies":[{"embeddable":true,"href":"https:\/\/home.mis.u-picardie.fr\/~ecathedrale\/wp-json\/wp\/v2\/comments?post=3625"}],"version-history":[{"count":2,"href":"https:\/\/home.mis.u-picardie.fr\/~ecathedrale\/wp-json\/wp\/v2\/pages\/3625\/revisions"}],"predecessor-version":[{"id":3657,"href":"https:\/\/home.mis.u-picardie.fr\/~ecathedrale\/wp-json\/wp\/v2\/pages\/3625\/revisions\/3657"}],"up":[{"embeddable":true,"href":"https:\/\/home.mis.u-picardie.fr\/~ecathedrale\/wp-json\/wp\/v2\/pages\/126"}],"wp:attachment":[{"href":"https:\/\/home.mis.u-picardie.fr\/~ecathedrale\/wp-json\/wp\/v2\/media?parent=3625"}],"curies":[{"name":"wp","href":"https:\/\/api.w.org\/{rel}","templated":true}]}}