{"id":3629,"date":"2019-01-02T11:28:45","date_gmt":"2019-01-02T10:28:45","guid":{"rendered":"https:\/\/www.home.mis-u-picardie.fr\/~ecathedrale\/~ecathedrale\/e-cathedrale\/?page_id=3629"},"modified":"2019-01-02T13:01:10","modified_gmt":"2019-01-02T12:01:10","slug":"dico-visuel-3d","status":"publish","type":"page","link":"https:\/\/home.mis.u-picardie.fr\/~ecathedrale\/projets\/dico-visuel-3d\/","title":{"rendered":"Dico visuel 2D et 3D"},"content":{"rendered":"<div class=\"txtcathbeauvais\">\n<h3>A propos du projet <\/h3>\n<ul>\n<li><strong>Objectif<\/strong> : .<\/li>\n<li><strong>Partenaires<\/strong> : MIS-UPJV.<\/li>\n<li><strong>P\u00e9riode<\/strong> : .<\/li>\n<\/ul>\n<h3>R\u00e9sultats<\/h3>\n<h3>Pr\u00e9sentations<\/h3>\n<h3>Publications<\/h3>\n<\/div>\n","protected":false},"excerpt":{"rendered":"<p>A propos du projet Objectif : . Partenaires : MIS-UPJV. P\u00e9riode : . R\u00e9sultats Pr\u00e9sentations Publications<\/p>\n","protected":false},"author":1,"featured_media":0,"parent":126,"menu_order":0,"comment_status":"closed","ping_status":"closed","template":"","meta":[],"_links":{"self":[{"href":"https:\/\/home.mis.u-picardie.fr\/~ecathedrale\/wp-json\/wp\/v2\/pages\/3629"}],"collection":[{"href":"https:\/\/home.mis.u-picardie.fr\/~ecathedrale\/wp-json\/wp\/v2\/pages"}],"about":[{"href":"https:\/\/home.mis.u-picardie.fr\/~ecathedrale\/wp-json\/wp\/v2\/types\/page"}],"author":[{"embeddable":true,"href":"https:\/\/home.mis.u-picardie.fr\/~ecathedrale\/wp-json\/wp\/v2\/users\/1"}],"replies":[{"embeddable":true,"href":"https:\/\/home.mis.u-picardie.fr\/~ecathedrale\/wp-json\/wp\/v2\/comments?post=3629"}],"version-history":[{"count":4,"href":"https:\/\/home.mis.u-picardie.fr\/~ecathedrale\/wp-json\/wp\/v2\/pages\/3629\/revisions"}],"predecessor-version":[{"id":3668,"href":"https:\/\/home.mis.u-picardie.fr\/~ecathedrale\/wp-json\/wp\/v2\/pages\/3629\/revisions\/3668"}],"up":[{"embeddable":true,"href":"https:\/\/home.mis.u-picardie.fr\/~ecathedrale\/wp-json\/wp\/v2\/pages\/126"}],"wp:attachment":[{"href":"https:\/\/home.mis.u-picardie.fr\/~ecathedrale\/wp-json\/wp\/v2\/media?parent=3629"}],"curies":[{"name":"wp","href":"https:\/\/api.w.org\/{rel}","templated":true}]}}