{"id":4188,"date":"2020-07-14T11:33:40","date_gmt":"2020-07-14T10:33:40","guid":{"rendered":"https:\/\/www.home.mis-u-picardie.fr\/~ecathedrale\/~ecathedrale\/e-cathedrale\/?page_id=4188"},"modified":"2021-04-11T14:27:43","modified_gmt":"2021-04-11T13:27:43","slug":"eglise-saint-germain-lecossais-damiens","status":"publish","type":"page","link":"https:\/\/home.mis.u-picardie.fr\/~ecathedrale\/eglise-saint-germain-lecossais-damiens\/","title":{"rendered":"\u00c9glise Saint-Germain-l&rsquo;\u00c9cossais d&rsquo;Amiens"},"content":{"rendered":"<div class=\"txteglisestmartin\">\n<h3>A propos du projet<\/h3>\n<ul>\n<li><strong>Objectif<\/strong> : Num\u00e9risation de l&rsquo;<a href=\"https:\/\/fr.wikipedia.org\/wiki\/%C3%89glise_Saint-Germain-l%27%C3%89cossais_d%27Amiens\" target=\"_blank\" rel=\"noopener\">\u00e9glise Saint-Germain-l&rsquo;\u00c9cossais d&rsquo;Amiens<\/a> pour la m\u00e9trologie, l&rsquo;\u00e9tude structurelle et la formation d&rsquo;\u00e9tudiants.<\/li>\n<li><strong>Partenaires<\/strong> : MIS-UPJV<\/li>\n<li><strong>P\u00e9riode<\/strong> : 2020-&#8230;<\/li>\n<li><strong>Moyens<\/strong> : Scanner Leica RTC 360, Photogramm\u00e9trie,<\/li>\n<\/ul>\n<h3>Extraits du mod\u00e8le 3D (nuage de points)<\/h3>\n<div id=\"envira-gallery-wrap-4390\" class=\"envira-gallery-wrap envira-gallery-theme-base envira-lightbox-theme-base\" itemscope itemtype=\"https:\/\/schema.org\/ImageGallery\"><div style=\"opacity: 0.0\"  data-row-height=\"150\" data-gallery-theme=\"normal\" id=\"envira-gallery-4390\" class=\"envira-gallery-public envira-gallery-justified-public envira-gallery-0-columns envira-clear enviratope envira-gallery-css-animations\" data-envira-columns=\"0\"><div id=\"envira-gallery-item-4212\" class=\"envira-gallery-item enviratope-item envira-gallery-item-1 envira-lazy-load\" style=\"padding-left: 5px; padding-bottom: 10px; padding-right: 5px;\"  itemscope itemtype=\"https:\/\/schema.org\/ImageObject\"><div class=\"envira-gallery-item-inner\"><div class=\"envira-gallery-position-overlay  envira-gallery-top-left\"><\/div><div class=\"envira-gallery-position-overlay  envira-gallery-top-right\"><\/div><div class=\"envira-gallery-position-overlay  envira-gallery-bottom-left\"><\/div><div class=\"envira-gallery-position-overlay  envira-gallery-bottom-right\"><\/div><a href=\"https:\/\/home.mis.u-picardie.fr\/~ecathedrale\/wp-content\/uploads\/2020\/07\/StGErmainEcossais2020-T1.jpg\" class=\"envira-gallery-4390 envira-gallery-link\" rel=\"enviragallery4390\" title=\"StGErmainEcossais2020-T1\" data-envira-caption=\"StGErmainEcossais2020-T1\" data-envira-retina=\"\" data-thumbnail=\"\"  itemprop=\"contentUrl\"><img id=\"envira-gallery-image-4212\" class=\"envira-gallery-image envira-gallery-image-1 envira-normal envira-lazy\" data-envira-index=\"1\" src=\"https:\/\/home.mis.u-picardie.fr\/~ecathedrale\/wp-content\/uploads\/2020\/07\/StGErmainEcossais2020-T1-700x419-640x480.jpg\" data-envira-src=\"https:\/\/home.mis.u-picardie.fr\/~ecathedrale\/wp-content\/uploads\/2020\/07\/StGErmainEcossais2020-T1-700x419-640x480.jpg\" data-envira-gallery-id=\"4390\" data-envira-item-id=\"4212\" data-envira-caption=\"StGErmainEcossais2020-T1\" alt=\"\" title=\"StGErmainEcossais2020-T1\"  itemprop=\"thumbnailUrl\" data-envira-srcset=\"https:\/\/home.mis.u-picardie.fr\/~ecathedrale\/wp-content\/uploads\/2020\/07\/StGErmainEcossais2020-T1-700x419-640x480.jpg 400w,https:\/\/home.mis.u-picardie.fr\/~ecathedrale\/wp-content\/uploads\/2020\/07\/StGErmainEcossais2020-T1-700x419-640x480.jpg 2x\" data-envira-width=\"300\" data-envira-height=\"180\" srcset=\"data:image\/gif;base64,R0lGODlhAQABAIAAAP\/\/\/\/\/\/\/yH5BAEKAAEALAAAAAABAAEAAAICTAEAOw==\" data-safe-src=\"data:image\/gif;base64,R0lGODlhAQABAIAAAP\/\/\/\/\/\/\/yH5BAEKAAEALAAAAAABAAEAAAICTAEAOw==\" \/><\/a><\/div><\/div><div id=\"envira-gallery-item-4208\" class=\"envira-gallery-item enviratope-item envira-gallery-item-2 envira-lazy-load\" style=\"padding-left: 5px; padding-bottom: 10px; padding-right: 5px;\"  itemscope itemtype=\"https:\/\/schema.org\/ImageObject\"><div class=\"envira-gallery-item-inner\"><div class=\"envira-gallery-position-overlay  envira-gallery-top-left\"><\/div><div class=\"envira-gallery-position-overlay  envira-gallery-top-right\"><\/div><div class=\"envira-gallery-position-overlay  envira-gallery-bottom-left\"><\/div><div class=\"envira-gallery-position-overlay  envira-gallery-bottom-right\"><\/div><a href=\"https:\/\/home.mis.u-picardie.fr\/~ecathedrale\/wp-content\/uploads\/2020\/07\/StGErmainEcossais2020-T5.jpg\" class=\"envira-gallery-4390 envira-gallery-link\" rel=\"enviragallery4390\" title=\"StGErmainEcossais2020-T5\" data-envira-caption=\"StGErmainEcossais2020-T5\" data-envira-retina=\"\" data-thumbnail=\"\"  itemprop=\"contentUrl\"><img id=\"envira-gallery-image-4208\" class=\"envira-gallery-image envira-gallery-image-2 envira-normal envira-lazy\" data-envira-index=\"2\" src=\"https:\/\/home.mis.u-picardie.fr\/~ecathedrale\/wp-content\/uploads\/2020\/07\/StGErmainEcossais2020-T5-700x419-640x480.jpg\" data-envira-src=\"https:\/\/home.mis.u-picardie.fr\/~ecathedrale\/wp-content\/uploads\/2020\/07\/StGErmainEcossais2020-T5-700x419-640x480.jpg\" data-envira-gallery-id=\"4390\" data-envira-item-id=\"4208\" data-envira-caption=\"StGErmainEcossais2020-T5\" alt=\"\" title=\"StGErmainEcossais2020-T5\"  itemprop=\"thumbnailUrl\" data-envira-srcset=\"https:\/\/home.mis.u-picardie.fr\/~ecathedrale\/wp-content\/uploads\/2020\/07\/StGErmainEcossais2020-T5-700x419-640x480.jpg 400w,https:\/\/home.mis.u-picardie.fr\/~ecathedrale\/wp-content\/uploads\/2020\/07\/StGErmainEcossais2020-T5-700x419-640x480.jpg 2x\" data-envira-width=\"300\" data-envira-height=\"180\" srcset=\"data:image\/gif;base64,R0lGODlhAQABAIAAAP\/\/\/\/\/\/\/yH5BAEKAAEALAAAAAABAAEAAAICTAEAOw==\" data-safe-src=\"data:image\/gif;base64,R0lGODlhAQABAIAAAP\/\/\/\/\/\/\/yH5BAEKAAEALAAAAAABAAEAAAICTAEAOw==\" \/><\/a><\/div><\/div><div id=\"envira-gallery-item-4205\" class=\"envira-gallery-item enviratope-item envira-gallery-item-3 envira-lazy-load\" style=\"padding-left: 5px; padding-bottom: 10px; padding-right: 5px;\"  itemscope itemtype=\"https:\/\/schema.org\/ImageObject\"><div class=\"envira-gallery-item-inner\"><div class=\"envira-gallery-position-overlay  envira-gallery-top-left\"><\/div><div class=\"envira-gallery-position-overlay  envira-gallery-top-right\"><\/div><div class=\"envira-gallery-position-overlay  envira-gallery-bottom-left\"><\/div><div class=\"envira-gallery-position-overlay  envira-gallery-bottom-right\"><\/div><a href=\"https:\/\/home.mis.u-picardie.fr\/~ecathedrale\/wp-content\/uploads\/2020\/07\/StGErmainEcossais2020-T2.jpg\" class=\"envira-gallery-4390 envira-gallery-link\" rel=\"enviragallery4390\" title=\"StGErmainEcossais2020-T2\" data-envira-caption=\"StGErmainEcossais2020-T2\" data-envira-retina=\"\" data-thumbnail=\"\"  itemprop=\"contentUrl\"><img id=\"envira-gallery-image-4205\" class=\"envira-gallery-image envira-gallery-image-3 envira-normal envira-lazy\" data-envira-index=\"3\" src=\"https:\/\/home.mis.u-picardie.fr\/~ecathedrale\/wp-content\/uploads\/2020\/07\/StGErmainEcossais2020-T2-700x419-640x480.jpg\" data-envira-src=\"https:\/\/home.mis.u-picardie.fr\/~ecathedrale\/wp-content\/uploads\/2020\/07\/StGErmainEcossais2020-T2-700x419-640x480.jpg\" data-envira-gallery-id=\"4390\" data-envira-item-id=\"4205\" data-envira-caption=\"StGErmainEcossais2020-T2\" alt=\"\" title=\"StGErmainEcossais2020-T2\"  itemprop=\"thumbnailUrl\" data-envira-srcset=\"https:\/\/home.mis.u-picardie.fr\/~ecathedrale\/wp-content\/uploads\/2020\/07\/StGErmainEcossais2020-T2-700x419-640x480.jpg 400w,https:\/\/home.mis.u-picardie.fr\/~ecathedrale\/wp-content\/uploads\/2020\/07\/StGErmainEcossais2020-T2-700x419-640x480.jpg 2x\" data-envira-width=\"300\" data-envira-height=\"180\" srcset=\"data:image\/gif;base64,R0lGODlhAQABAIAAAP\/\/\/\/\/\/\/yH5BAEKAAEALAAAAAABAAEAAAICTAEAOw==\" data-safe-src=\"data:image\/gif;base64,R0lGODlhAQABAIAAAP\/\/\/\/\/\/\/yH5BAEKAAEALAAAAAABAAEAAAICTAEAOw==\" \/><\/a><\/div><\/div><div id=\"envira-gallery-item-4204\" class=\"envira-gallery-item enviratope-item envira-gallery-item-4 envira-lazy-load\" style=\"padding-left: 5px; padding-bottom: 10px; padding-right: 5px;\"  itemscope itemtype=\"https:\/\/schema.org\/ImageObject\"><div class=\"envira-gallery-item-inner\"><div class=\"envira-gallery-position-overlay  envira-gallery-top-left\"><\/div><div class=\"envira-gallery-position-overlay  envira-gallery-top-right\"><\/div><div class=\"envira-gallery-position-overlay  envira-gallery-bottom-left\"><\/div><div class=\"envira-gallery-position-overlay  envira-gallery-bottom-right\"><\/div><a href=\"https:\/\/home.mis.u-picardie.fr\/~ecathedrale\/wp-content\/uploads\/2020\/07\/StGErmainEcossais2020-T4.jpg\" class=\"envira-gallery-4390 envira-gallery-link\" rel=\"enviragallery4390\" title=\"StGErmainEcossais2020-T4\" data-envira-caption=\"StGErmainEcossais2020-T4\" data-envira-retina=\"\" data-thumbnail=\"\"  itemprop=\"contentUrl\"><img id=\"envira-gallery-image-4204\" class=\"envira-gallery-image envira-gallery-image-4 envira-normal envira-lazy\" data-envira-index=\"4\" src=\"https:\/\/home.mis.u-picardie.fr\/~ecathedrale\/wp-content\/uploads\/2020\/07\/StGErmainEcossais2020-T4-700x419-640x480.jpg\" data-envira-src=\"https:\/\/home.mis.u-picardie.fr\/~ecathedrale\/wp-content\/uploads\/2020\/07\/StGErmainEcossais2020-T4-700x419-640x480.jpg\" data-envira-gallery-id=\"4390\" data-envira-item-id=\"4204\" data-envira-caption=\"StGErmainEcossais2020-T4\" alt=\"\" title=\"StGErmainEcossais2020-T4\"  itemprop=\"thumbnailUrl\" data-envira-srcset=\"https:\/\/home.mis.u-picardie.fr\/~ecathedrale\/wp-content\/uploads\/2020\/07\/StGErmainEcossais2020-T4-700x419-640x480.jpg 400w,https:\/\/home.mis.u-picardie.fr\/~ecathedrale\/wp-content\/uploads\/2020\/07\/StGErmainEcossais2020-T4-700x419-640x480.jpg 2x\" data-envira-width=\"300\" data-envira-height=\"180\" srcset=\"data:image\/gif;base64,R0lGODlhAQABAIAAAP\/\/\/\/\/\/\/yH5BAEKAAEALAAAAAABAAEAAAICTAEAOw==\" data-safe-src=\"data:image\/gif;base64,R0lGODlhAQABAIAAAP\/\/\/\/\/\/\/yH5BAEKAAEALAAAAAABAAEAAAICTAEAOw==\" \/><\/a><\/div><\/div><div id=\"envira-gallery-item-4203\" class=\"envira-gallery-item enviratope-item envira-gallery-item-5 envira-lazy-load\" style=\"padding-left: 5px; padding-bottom: 10px; padding-right: 5px;\"  itemscope itemtype=\"https:\/\/schema.org\/ImageObject\"><div class=\"envira-gallery-item-inner\"><div class=\"envira-gallery-position-overlay  envira-gallery-top-left\"><\/div><div class=\"envira-gallery-position-overlay  envira-gallery-top-right\"><\/div><div class=\"envira-gallery-position-overlay  envira-gallery-bottom-left\"><\/div><div class=\"envira-gallery-position-overlay  envira-gallery-bottom-right\"><\/div><a href=\"https:\/\/home.mis.u-picardie.fr\/~ecathedrale\/wp-content\/uploads\/2020\/07\/StGErmainEcossais2020-T3.jpg\" class=\"envira-gallery-4390 envira-gallery-link\" rel=\"enviragallery4390\" title=\"StGErmainEcossais2020-T3\" data-envira-caption=\"StGErmainEcossais2020-T3\" data-envira-retina=\"\" data-thumbnail=\"\"  itemprop=\"contentUrl\"><img id=\"envira-gallery-image-4203\" class=\"envira-gallery-image envira-gallery-image-5 envira-normal envira-lazy\" data-envira-index=\"5\" src=\"https:\/\/home.mis.u-picardie.fr\/~ecathedrale\/wp-content\/uploads\/2020\/07\/StGErmainEcossais2020-T3-700x419-640x480.jpg\" data-envira-src=\"https:\/\/home.mis.u-picardie.fr\/~ecathedrale\/wp-content\/uploads\/2020\/07\/StGErmainEcossais2020-T3-700x419-640x480.jpg\" data-envira-gallery-id=\"4390\" data-envira-item-id=\"4203\" data-envira-caption=\"StGErmainEcossais2020-T3\" alt=\"\" title=\"StGErmainEcossais2020-T3\"  itemprop=\"thumbnailUrl\" data-envira-srcset=\"https:\/\/home.mis.u-picardie.fr\/~ecathedrale\/wp-content\/uploads\/2020\/07\/StGErmainEcossais2020-T3-700x419-640x480.jpg 400w,https:\/\/home.mis.u-picardie.fr\/~ecathedrale\/wp-content\/uploads\/2020\/07\/StGErmainEcossais2020-T3-700x419-640x480.jpg 2x\" data-envira-width=\"300\" data-envira-height=\"180\" srcset=\"data:image\/gif;base64,R0lGODlhAQABAIAAAP\/\/\/\/\/\/\/yH5BAEKAAEALAAAAAABAAEAAAICTAEAOw==\" data-safe-src=\"data:image\/gif;base64,R0lGODlhAQABAIAAAP\/\/\/\/\/\/\/yH5BAEKAAEALAAAAAABAAEAAAICTAEAOw==\" \/><\/a><\/div><\/div><div id=\"envira-gallery-item-4202\" class=\"envira-gallery-item enviratope-item envira-gallery-item-6 envira-lazy-load\" style=\"padding-left: 5px; padding-bottom: 10px; padding-right: 5px;\"  itemscope itemtype=\"https:\/\/schema.org\/ImageObject\"><div class=\"envira-gallery-item-inner\"><div class=\"envira-gallery-position-overlay  envira-gallery-top-left\"><\/div><div class=\"envira-gallery-position-overlay  envira-gallery-top-right\"><\/div><div class=\"envira-gallery-position-overlay  envira-gallery-bottom-left\"><\/div><div class=\"envira-gallery-position-overlay  envira-gallery-bottom-right\"><\/div><a href=\"https:\/\/home.mis.u-picardie.fr\/~ecathedrale\/wp-content\/uploads\/2020\/07\/StGErmainEcossais2020-T6.jpg\" class=\"envira-gallery-4390 envira-gallery-link\" rel=\"enviragallery4390\" title=\"StGErmainEcossais2020-T6\" data-envira-caption=\"StGErmainEcossais2020-T6\" data-envira-retina=\"\" data-thumbnail=\"\"  itemprop=\"contentUrl\"><img id=\"envira-gallery-image-4202\" class=\"envira-gallery-image envira-gallery-image-6 envira-normal envira-lazy\" data-envira-index=\"6\" src=\"https:\/\/home.mis.u-picardie.fr\/~ecathedrale\/wp-content\/uploads\/2020\/07\/StGErmainEcossais2020-T6-700x419-640x480.jpg\" data-envira-src=\"https:\/\/home.mis.u-picardie.fr\/~ecathedrale\/wp-content\/uploads\/2020\/07\/StGErmainEcossais2020-T6-700x419-640x480.jpg\" data-envira-gallery-id=\"4390\" data-envira-item-id=\"4202\" data-envira-caption=\"StGErmainEcossais2020-T6\" alt=\"\" title=\"StGErmainEcossais2020-T6\"  itemprop=\"thumbnailUrl\" data-envira-srcset=\"https:\/\/home.mis.u-picardie.fr\/~ecathedrale\/wp-content\/uploads\/2020\/07\/StGErmainEcossais2020-T6-700x419-640x480.jpg 400w,https:\/\/home.mis.u-picardie.fr\/~ecathedrale\/wp-content\/uploads\/2020\/07\/StGErmainEcossais2020-T6-700x419-640x480.jpg 2x\" data-envira-width=\"300\" data-envira-height=\"180\" srcset=\"data:image\/gif;base64,R0lGODlhAQABAIAAAP\/\/\/\/\/\/\/yH5BAEKAAEALAAAAAABAAEAAAICTAEAOw==\" data-safe-src=\"data:image\/gif;base64,R0lGODlhAQABAIAAAP\/\/\/\/\/\/\/yH5BAEKAAEALAAAAAABAAEAAAICTAEAOw==\" \/><\/a><\/div><\/div><div id=\"envira-gallery-item-4201\" class=\"envira-gallery-item enviratope-item envira-gallery-item-7 envira-lazy-load\" style=\"padding-left: 5px; padding-bottom: 10px; padding-right: 5px;\"  itemscope itemtype=\"https:\/\/schema.org\/ImageObject\"><div class=\"envira-gallery-item-inner\"><div class=\"envira-gallery-position-overlay  envira-gallery-top-left\"><\/div><div class=\"envira-gallery-position-overlay  envira-gallery-top-right\"><\/div><div class=\"envira-gallery-position-overlay  envira-gallery-bottom-left\"><\/div><div class=\"envira-gallery-position-overlay  envira-gallery-bottom-right\"><\/div><a href=\"https:\/\/home.mis.u-picardie.fr\/~ecathedrale\/wp-content\/uploads\/2020\/07\/StGErmainEcossais2020-T7.jpg\" class=\"envira-gallery-4390 envira-gallery-link\" rel=\"enviragallery4390\" title=\"StGErmainEcossais2020-T7\" data-envira-caption=\"StGErmainEcossais2020-T7\" data-envira-retina=\"\" data-thumbnail=\"\"  itemprop=\"contentUrl\"><img id=\"envira-gallery-image-4201\" class=\"envira-gallery-image envira-gallery-image-7 envira-normal envira-lazy\" data-envira-index=\"7\" src=\"https:\/\/home.mis.u-picardie.fr\/~ecathedrale\/wp-content\/uploads\/2020\/07\/StGErmainEcossais2020-T7-700x419-640x480.jpg\" data-envira-src=\"https:\/\/home.mis.u-picardie.fr\/~ecathedrale\/wp-content\/uploads\/2020\/07\/StGErmainEcossais2020-T7-700x419-640x480.jpg\" data-envira-gallery-id=\"4390\" data-envira-item-id=\"4201\" data-envira-caption=\"StGErmainEcossais2020-T7\" alt=\"\" title=\"StGErmainEcossais2020-T7\"  itemprop=\"thumbnailUrl\" data-envira-srcset=\"https:\/\/home.mis.u-picardie.fr\/~ecathedrale\/wp-content\/uploads\/2020\/07\/StGErmainEcossais2020-T7-700x419-640x480.jpg 400w,https:\/\/home.mis.u-picardie.fr\/~ecathedrale\/wp-content\/uploads\/2020\/07\/StGErmainEcossais2020-T7-700x419-640x480.jpg 2x\" data-envira-width=\"300\" data-envira-height=\"180\" srcset=\"data:image\/gif;base64,R0lGODlhAQABAIAAAP\/\/\/\/\/\/\/yH5BAEKAAEALAAAAAABAAEAAAICTAEAOw==\" data-safe-src=\"data:image\/gif;base64,R0lGODlhAQABAIAAAP\/\/\/\/\/\/\/yH5BAEKAAEALAAAAAABAAEAAAICTAEAOw==\" \/><\/a><\/div><\/div><\/div><\/div><noscript><img src=\"https:\/\/home.mis.u-picardie.fr\/~ecathedrale\/wp-content\/uploads\/2020\/07\/StGErmainEcossais2020-T1.jpg\" alt=\"\" \/><img src=\"https:\/\/home.mis.u-picardie.fr\/~ecathedrale\/wp-content\/uploads\/2020\/07\/StGErmainEcossais2020-T5.jpg\" alt=\"\" \/><img src=\"https:\/\/home.mis.u-picardie.fr\/~ecathedrale\/wp-content\/uploads\/2020\/07\/StGErmainEcossais2020-T2.jpg\" alt=\"\" \/><img src=\"https:\/\/home.mis.u-picardie.fr\/~ecathedrale\/wp-content\/uploads\/2020\/07\/StGErmainEcossais2020-T4.jpg\" alt=\"\" \/><img src=\"https:\/\/home.mis.u-picardie.fr\/~ecathedrale\/wp-content\/uploads\/2020\/07\/StGErmainEcossais2020-T3.jpg\" alt=\"\" \/><img src=\"https:\/\/home.mis.u-picardie.fr\/~ecathedrale\/wp-content\/uploads\/2020\/07\/StGErmainEcossais2020-T6.jpg\" alt=\"\" \/><img src=\"https:\/\/home.mis.u-picardie.fr\/~ecathedrale\/wp-content\/uploads\/2020\/07\/StGErmainEcossais2020-T7.jpg\" alt=\"\" \/><\/noscript>\n<h3>Vid\u00e9os<\/h3>\n<p>Cette vid\u00e9o montre les plans de l&rsquo;ext\u00e9rieur de l&rsquo;\u00e9glise en partant du sol vers la partie la plus haute de la tour. Elle est issue du nuage de points acquis de la lasergramm\u00e9trie.<br \/>\nLa vid\u00e9o a \u00e9t\u00e9 compress\u00e9e pour \u00eatre facilement visible sur Internet. En cas de besoin de davantage de pr\u00e9cisions et de nettet\u00e9, merci de nous contacter.<br \/>\n<video controls=\"controls\" width=\"800\" height=\"600\"><source src=\"http:\/\/home.mis.u-picardie.fr\/~mouaddib\/KTD\/Site\/StGermain\/StGermain-MIS-UPJV.mp4\" type=\"video\/mp4\" \/><\/video><\/p>\n<\/div>\n","protected":false},"excerpt":{"rendered":"<p>A propos du projet Objectif : Num\u00e9risation de l&rsquo;\u00e9glise Saint-Germain-l&rsquo;\u00c9cossais d&rsquo;Amiens pour la m\u00e9trologie, l&rsquo;\u00e9tude structurelle et la formation d&rsquo;\u00e9tudiants. Partenaires : MIS-UPJV P\u00e9riode : 2020-&#8230; Moyens : Scanner Leica RTC 360, Photogramm\u00e9trie, Extraits du mod\u00e8le 3D (nuage de points) Vid\u00e9os Cette vid\u00e9o montre les plans de l&rsquo;ext\u00e9rieur de l&rsquo;\u00e9glise &#8230;<\/p>\n","protected":false},"author":1,"featured_media":0,"parent":0,"menu_order":0,"comment_status":"closed","ping_status":"closed","template":"","meta":[],"_links":{"self":[{"href":"https:\/\/home.mis.u-picardie.fr\/~ecathedrale\/wp-json\/wp\/v2\/pages\/4188"}],"collection":[{"href":"https:\/\/home.mis.u-picardie.fr\/~ecathedrale\/wp-json\/wp\/v2\/pages"}],"about":[{"href":"https:\/\/home.mis.u-picardie.fr\/~ecathedrale\/wp-json\/wp\/v2\/types\/page"}],"author":[{"embeddable":true,"href":"https:\/\/home.mis.u-picardie.fr\/~ecathedrale\/wp-json\/wp\/v2\/users\/1"}],"replies":[{"embeddable":true,"href":"https:\/\/home.mis.u-picardie.fr\/~ecathedrale\/wp-json\/wp\/v2\/comments?post=4188"}],"version-history":[{"count":10,"href":"https:\/\/home.mis.u-picardie.fr\/~ecathedrale\/wp-json\/wp\/v2\/pages\/4188\/revisions"}],"predecessor-version":[{"id":4391,"href":"https:\/\/home.mis.u-picardie.fr\/~ecathedrale\/wp-json\/wp\/v2\/pages\/4188\/revisions\/4391"}],"wp:attachment":[{"href":"https:\/\/home.mis.u-picardie.fr\/~ecathedrale\/wp-json\/wp\/v2\/media?parent=4188"}],"curies":[{"name":"wp","href":"https:\/\/api.w.org\/{rel}","templated":true}]}}