{"id":5097,"date":"2025-06-19T16:58:02","date_gmt":"2025-06-19T15:58:02","guid":{"rendered":"https:\/\/home.mis.u-picardie.fr\/~ecathedrale\/?page_id=5097"},"modified":"2025-07-11T21:35:31","modified_gmt":"2025-07-11T20:35:31","slug":"celebration-des-15-ans-de-e-cathedrle","status":"publish","type":"page","link":"https:\/\/home.mis.u-picardie.fr\/~ecathedrale\/celebration-des-15-ans-de-e-cathedrle\/","title":{"rendered":"C\u00e9l\u00e9bration des 15 ans de E-Cathedr@le"},"content":{"rendered":"\n<div class=\"txtassiduitas\">\n<h4>Deux \u00e9v\u00e8nements importants sont organis\u00e9s par le MIS-UPJV pour c\u00e9l\u00e9brer ces quinze ann\u00e9es d&rsquo;apports du num\u00e9rique au patrimoine architectural<\/h4>\n<ul>\n<li>une conf\u00e9rence de restitution des travaux r\u00e9alis\u00e9s durant ces 15 ann\u00e9es et destin\u00e9e \u00e0 un large public, le mercredi 2 juillet 2025. \n<br><a href=\"https:\/\/home.mis.u-picardie.fr\/~ecathedrale\/wp-content\/uploads\/2025\/06\/CONG-GP.23.png\">Pour toutes les informations pratiques et pour voir l&rsquo;affiche, cliquer ici.<\/a>\n<br><h4>La limite de la capacit\u00e9 de la salle \u00e9tant atteinte, nous sommes au regret de vous annoncer qu&rsquo;il n&rsquo;est pas plus possible de vous inscrire pour assister en pr\u00e9sentiel \u00e0 cette conf\u00e9rence. <a href=\"https:\/\/u-picardie-fr.zoom.us\/j\/91630894582?pwd=gXaQPnoI564OpNlddd4x3ts2T4NB3p.1\">Nous vous proposons de la suivre par visio en utilisant ce lien.<\/a><\/li>\n<!-- <br><a href=\"https:\/\/urlr.me\/X8KJ7x\">L'inscription est gratuite mais obligatoire.<\/a><\/li> -->\n\n<br><br>\n<li>un symposium scientifique le 3 et 4 juillet 2025. \n<br><a href=\"https:\/\/home.mis.u-picardie.fr\/~ecathedrale\/wp-content\/uploads\/2025\/06\/Programme_Symposium_E_Cathedrale.pdf\">Pour obtenir le programme et toutes les informations pratiques, cliquer ici.<\/a>\n<br><a href=\"https:\/\/home.mis.u-picardie.fr\/~ecathedrale\/wp-content\/uploads\/2025\/06\/Programme_AvecResumes_Symposium_E_Cathedrale.pdf\">Pour obtenir le programme avec les r\u00e9sum\u00e9s et toutes les informations pratiques, cliquer ici.<\/a>\n<br><a href=\"https:\/\/urlr.me\/GfUekc\">L&rsquo;inscription est gratuite mais obligatoire.<\/a><\/li>\n<\/ul>\n<h4>Comit\u00e9 d&rsquo;organisation<\/h4>\n<ul>\n<li> Jordan Caracotte <\/li>\n<li> Guillaume Caron <\/li>\n<li> Dominique Groux<\/li>\n<li> El Mustapha Mouaddib<\/li>\n<br>\nContact : El Mustapha Mouaddib (mouaddib[at]u-picardie.fr)\n<\/div>\n\n\n\n<p><\/p>\n","protected":false},"excerpt":{"rendered":"<p>Deux \u00e9v\u00e8nements importants sont organis\u00e9s par le MIS-UPJV pour c\u00e9l\u00e9brer ces quinze ann\u00e9es d&rsquo;apports du num\u00e9rique au patrimoine architectural une conf\u00e9rence de restitution des travaux r\u00e9alis\u00e9s durant ces 15 ann\u00e9es et destin\u00e9e \u00e0 un large public, le mercredi 2 juillet 2025. Pour toutes les informations pratiques et pour voir l&rsquo;affiche, &#8230;<\/p>\n","protected":false},"author":1,"featured_media":0,"parent":0,"menu_order":0,"comment_status":"closed","ping_status":"closed","template":"","meta":[],"_links":{"self":[{"href":"https:\/\/home.mis.u-picardie.fr\/~ecathedrale\/wp-json\/wp\/v2\/pages\/5097"}],"collection":[{"href":"https:\/\/home.mis.u-picardie.fr\/~ecathedrale\/wp-json\/wp\/v2\/pages"}],"about":[{"href":"https:\/\/home.mis.u-picardie.fr\/~ecathedrale\/wp-json\/wp\/v2\/types\/page"}],"author":[{"embeddable":true,"href":"https:\/\/home.mis.u-picardie.fr\/~ecathedrale\/wp-json\/wp\/v2\/users\/1"}],"replies":[{"embeddable":true,"href":"https:\/\/home.mis.u-picardie.fr\/~ecathedrale\/wp-json\/wp\/v2\/comments?post=5097"}],"version-history":[{"count":42,"href":"https:\/\/home.mis.u-picardie.fr\/~ecathedrale\/wp-json\/wp\/v2\/pages\/5097\/revisions"}],"predecessor-version":[{"id":5250,"href":"https:\/\/home.mis.u-picardie.fr\/~ecathedrale\/wp-json\/wp\/v2\/pages\/5097\/revisions\/5250"}],"wp:attachment":[{"href":"https:\/\/home.mis.u-picardie.fr\/~ecathedrale\/wp-json\/wp\/v2\/media?parent=5097"}],"curies":[{"name":"wp","href":"https:\/\/api.w.org\/{rel}","templated":true}]}}