{"id":94,"date":"2016-01-20T10:35:33","date_gmt":"2016-01-20T09:35:33","guid":{"rendered":"http:\/\/127.0.0.1:4001\/wordpress\/?page_id=94"},"modified":"2021-04-03T10:25:37","modified_gmt":"2021-04-03T09:25:37","slug":"accueil","status":"publish","type":"page","link":"https:\/\/home.mis.u-picardie.fr\/~ecathedrale\/","title":{"rendered":"Accueil"},"content":{"rendered":"<p><img loading=\"lazy\" src=\"https:\/\/home.mis.u-picardie.fr\/~ecathedrale\/wp-content\/uploads\/2017\/10\/Interieur.jpg\" alt=\"\" width=\"1000\" height=\"750\" class=\"alignleft size-thumbnail wp-image-2684\"><br \/>\n<img src=\"https:\/\/home.mis.u-picardie.fr\/~ecathedrale\/wp-content\/uploads\/2020\/03\/UE.png\" alt=\"\" width=\"60\" class=\"alignleft size-thumbnail wp-image-4164\" srcset=\"https:\/\/home.mis.u-picardie.fr\/~ecathedrale\/wp-content\/uploads\/2020\/03\/UE.png 558w, https:\/\/home.mis.u-picardie.fr\/~ecathedrale\/wp-content\/uploads\/2020\/03\/UE-300x228.png 300w\" sizes=\"(max-width: 558px) 100vw, 558px\" \/><br \/>\n<img src=\"https:\/\/home.mis.u-picardie.fr\/~ecathedrale\/wp-content\/uploads\/2020\/03\/UEtexte.png\" alt=\"\" width=\"100\" class=\"alignleft size-thumbnail wp-image-4163\" srcset=\"https:\/\/home.mis.u-picardie.fr\/~ecathedrale\/wp-content\/uploads\/2020\/03\/UEtexte.png 1062w, https:\/\/home.mis.u-picardie.fr\/~ecathedrale\/wp-content\/uploads\/2020\/03\/UEtexte-300x158.png 300w, https:\/\/home.mis.u-picardie.fr\/~ecathedrale\/wp-content\/uploads\/2020\/03\/UEtexte-768x404.png 768w, https:\/\/home.mis.u-picardie.fr\/~ecathedrale\/wp-content\/uploads\/2020\/03\/UEtexte-1024x538.png 1024w, https:\/\/home.mis.u-picardie.fr\/~ecathedrale\/wp-content\/uploads\/2020\/03\/UEtexte-700x368.png 700w\" sizes=\"(max-width: 1062px) 100vw, 1062px\" \/><br \/>\n<img src=\"https:\/\/home.mis.u-picardie.fr\/~ecathedrale\/wp-content\/uploads\/2020\/03\/UE3.png\" alt=\"\" width=\"80\" class=\"alignleft size-thumbnail wp-image-4162\" srcset=\"https:\/\/home.mis.u-picardie.fr\/~ecathedrale\/wp-content\/uploads\/2020\/03\/UE3.png 720w, https:\/\/home.mis.u-picardie.fr\/~ecathedrale\/wp-content\/uploads\/2020\/03\/UE3-300x189.png 300w, https:\/\/home.mis.u-picardie.fr\/~ecathedrale\/wp-content\/uploads\/2020\/03\/UE3-700x441.png 700w\" sizes=\"(max-width: 720px) 100vw, 720px\" \/><br \/>\n<img src=\"https:\/\/home.mis.u-picardie.fr\/~ecathedrale\/wp-content\/uploads\/2020\/03\/HdF.png\" alt=\"\" width=\"110\" class=\"alignleft size-thumbnail wp-image-4161\" srcset=\"https:\/\/home.mis.u-picardie.fr\/~ecathedrale\/wp-content\/uploads\/2020\/03\/HdF.png 1054w, https:\/\/home.mis.u-picardie.fr\/~ecathedrale\/wp-content\/uploads\/2020\/03\/HdF-300x79.png 300w, https:\/\/home.mis.u-picardie.fr\/~ecathedrale\/wp-content\/uploads\/2020\/03\/HdF-768x203.png 768w, https:\/\/home.mis.u-picardie.fr\/~ecathedrale\/wp-content\/uploads\/2020\/03\/HdF-1024x271.png 1024w, https:\/\/home.mis.u-picardie.fr\/~ecathedrale\/wp-content\/uploads\/2020\/03\/HdF-700x185.png 700w\" sizes=\"(max-width: 1054px) 100vw, 1054px\" \/><br \/>\n<!-- <img src=\"https:\/\/home.mis.u-picardie.fr\/~ecathedrale\/wp-content\/uploads\/2020\/03\/UPJV.png\" alt=\"\" width=\"100\"  class=\"alignleft size-thumbnail wp-image-4160\" srcset=\"https:\/\/home.mis.u-picardie.fr\/~ecathedrale\/wp-content\/uploads\/2020\/03\/UPJV.png 475w, https:\/\/home.mis.u-picardie.fr\/~ecathedrale\/wp-content\/uploads\/2020\/03\/UPJV-271x300.png 271w\" sizes=\"(max-width: 475px) 100vw, 475px\" \/> --><\/p>\n<p><!-- <a href=\"https:\/\/home.mis.u-picardie.fr\/~e-cathedrale-anglais\/e-cathedrale-anglais\" target=\"_blank\" rel=\"noopener\"><img loading=\"lazy\" class=\"alignleft size-full wp-image-2865\" src=\"https:\/\/home.mis.u-picardie.fr\/~ecathedrale\/wp-content\/uploads\/2016\/01\/drapeauAnglais.gif\" alt=\"\" width=\"30\" height=\"20\" \/><\/a>\n--><\/p>\n<h5 style=\"padding-left: 15px;\"><strong>Bienvenue sur le site E-Cath\u00e9dr@le&#8230;<\/p>\n<p><\/strong><\/p>\n<p align=\"justify\"><strong> <\/strong>E-Cath\u00e9dr@le est un programme pluridisciplinaire, de recherche et de d\u00e9veloppements pr\u00e9vu jusqu&rsquo;en 2025. Il vise la conservation, l&rsquo;am\u00e9lioration de l&rsquo;accessibilit\u00e9 et la production de nouvelles connaissances sur le patrimoine monumental et ce, par le num\u00e9rique.<\/p>\n<p><em><span style=\"color: #827445;\"><\/span><\/em><\/p>\n<p><em>Porteur du programme : El Mustapha Mouaddib.<\/p>\n<h6 style=\"padding-left: 12px;\"><a href=\"http:\/\/www.u-picardie.fr\/\">Universit\u00e9 de Picardie Jules Verne<\/a> &#8211; Laboratoire MIS<br \/>\n14, Quai de la Somme &#8211; 80000 &#8211; Amiens &#8211; France<br \/>\n<img style=\"height: 12px; vertical-align: middle;\" src=\"http:\/\/home.mis.u-picardie.fr\/~chiwoynmony\/wordpress\/wp-content\/uploads\/2016\/02\/phone2.png\" alt=\"icon\"> +33 3 22 82 59 05<\/h6>\n<h6 style=\"padding-left: 10px;\"><a href=\"mailto:e-cathedrale@u-picardie.fr\">e-cathedrale@u-picardie.fr<\/a><\/h6>\n<hr size=\"10\" color=\"#ffffff\">\n<div>\n<h5>Conf\u00e9rence : Travaux r\u00e9alis\u00e9s par le MIS dans le cadre de sa participation au GT \u00ab\u00a0Donn\u00e9es Num\u00e9riques\u00a0\u00bb du chantier  scientifique pour la restauration de Notre-Dame de Paris (Octobre 2020) <a href=\"https:\/\/www.youtube.com\/watch?v=3kX-Dtobaz4&amp;feature=emb_logo\" _blank\"=\"\" rel=\"noopener\"><img loading=\"lazy\" src=\"https:\/\/home.mis.u-picardie.fr\/~ecathedrale\/wp-content\/uploads\/2020\/10\/PageGardePresentaTravauxNDP.png\" alt=\"\" width=\"450\" height=\"300\"><\/a><\/h5>\n<\/div>\n<div>\n<h5>Reportage au journal t\u00e9l\u00e9vis\u00e9 de France 2  (le 13 ao\u00fbt 2020) (entre 00:25:18 et 00:29:00)<\/h5>\n<p><a href=\"https:\/\/www.france.tv\/france-2\/journal-13h00\/1875863-edition-du-jeudi-13-aout-2020.html\" target=\"_blank\" rel=\"noopener\"><img loading=\"lazy\" src=\"https:\/\/home.mis.u-picardie.fr\/~ecathedrale\/wp-content\/uploads\/2020\/08\/ImageFrance2.jpg\" alt=\"\" width=\"450\" height=\"300\"><\/a><\/p>\n<\/div>\n<hr size=\"10\" color=\"#ffffff\">\n<div>\n<h5>Reportage France 3 Picardie (juin 2015)<\/h5>\n<p><video width=\"426\" height=\"320\" controls=\"\"><source src=\"http:\/\/home.mis.u-picardie.fr\/~mouaddib\/KTD\/Site\/Presse\/France3-Picardie-Juin2015.mp4\" type=\"video\/mp4\"><\/video><\/p>\n<\/div>\n<p><\/em><\/h5>\n","protected":false},"excerpt":{"rendered":"<p>Bienvenue sur le site E-Cath\u00e9dr@le&#8230; E-Cath\u00e9dr@le est un programme pluridisciplinaire, de recherche et de d\u00e9veloppements pr\u00e9vu jusqu&rsquo;en 2025. Il vise la conservation, l&rsquo;am\u00e9lioration de l&rsquo;accessibilit\u00e9 et la production de nouvelles connaissances sur le patrimoine monumental et ce, par le num\u00e9rique. Porteur du programme : El Mustapha Mouaddib. Universit\u00e9 de Picardie &#8230;<\/p>\n","protected":false},"author":1,"featured_media":0,"parent":0,"menu_order":1,"comment_status":"closed","ping_status":"closed","template":"","meta":[],"_links":{"self":[{"href":"https:\/\/home.mis.u-picardie.fr\/~ecathedrale\/wp-json\/wp\/v2\/pages\/94"}],"collection":[{"href":"https:\/\/home.mis.u-picardie.fr\/~ecathedrale\/wp-json\/wp\/v2\/pages"}],"about":[{"href":"https:\/\/home.mis.u-picardie.fr\/~ecathedrale\/wp-json\/wp\/v2\/types\/page"}],"author":[{"embeddable":true,"href":"https:\/\/home.mis.u-picardie.fr\/~ecathedrale\/wp-json\/wp\/v2\/users\/1"}],"replies":[{"embeddable":true,"href":"https:\/\/home.mis.u-picardie.fr\/~ecathedrale\/wp-json\/wp\/v2\/comments?post=94"}],"version-history":[{"count":452,"href":"https:\/\/home.mis.u-picardie.fr\/~ecathedrale\/wp-json\/wp\/v2\/pages\/94\/revisions"}],"predecessor-version":[{"id":4362,"href":"https:\/\/home.mis.u-picardie.fr\/~ecathedrale\/wp-json\/wp\/v2\/pages\/94\/revisions\/4362"}],"wp:attachment":[{"href":"https:\/\/home.mis.u-picardie.fr\/~ecathedrale\/wp-json\/wp\/v2\/media?parent=94"}],"curies":[{"name":"wp","href":"https:\/\/api.w.org\/{rel}","templated":true}]}}