{"id":123,"date":"2019-04-02T13:02:04","date_gmt":"2019-04-02T13:02:04","guid":{"rendered":"https:\/\/home.mis.u-picardie.fr\/~g-caron\/formations\/robotique\/?page_id=123"},"modified":"2021-01-28T08:48:03","modified_gmt":"2021-01-28T08:48:03","slug":"equipe-pedagogique-rova","status":"publish","type":"page","link":"https:\/\/home.mis.u-picardie.fr\/~g-caron\/formations\/robotique\/index.php\/equipe-pedagogique-rova\/","title":{"rendered":"Equipe p\u00e9dagogique RoVA"},"content":{"rendered":"\n<p>L\u2019\u00e9quipe p\u00e9dagogique du&nbsp;<strong>Master RoVA&nbsp;<\/strong>est form\u00e9e d\u2019<strong>enseignants-chercheurs&nbsp;<\/strong>et d\u2019<strong>industriels&nbsp;<\/strong>du domaine :<\/p>\n\n\n\n<ul class=\"wp-block-list\"><li><a rel=\"noreferrer noopener\" aria-label=\"Fabio Morbidi, chercheur au laboratoire MIS EA 4290. Domaine d\u2019expertise : robotique mobile et industrielle\u2028Djem\u00e2a Kachi, chercheuse au laboratoire MIS EA 4290. Domaine d\u2019expertise : \u00a0traitement \u00a0d\u2019images et vision non-conventionnelles\u2028Abdelhamid Rabhi, chercheur au laboratoire MIS EA 4290. Domaine d\u2019expertise : commande automatique\u2028El Mustapha Mouaddib, chercheur au laboratoire MIS EA 4290. Domaine d\u2019expertise : asservissements visuels\u2028Wilfrid Coppin, chef de projet dans la soci\u00e9t\u00e9 CEFF. Domaine d\u2019expertise : communication entre les syst\u00e8mes et automatismes industriels\u2028Jordan Caracotte,\u00a0chercheur au laboratoire MIS EA 4290. Domaine d\u2019expertise : vision 2D\/3D pour la robotique (opens in a new tab)\" href=\"http:\/\/mis.u-picardie.fr\/~fabio\/\" target=\"_blank\">Fabio Morbidi<\/a>, chercheur au laboratoire MIS EA 4290. Domaine d\u2019expertise : robotique mobile et industrielle<\/li><li>Djem\u00e2a Kachi, chercheuse au laboratoire MIS EA 4290. Domaine d\u2019expertise : \u00a0traitement \u00a0d\u2019images et vision non-conventionnelles<\/li><li>Abdelhamid Rabhi, chercheur au laboratoire MIS EA 4290. Domaine d\u2019expertise : commande automatique<\/li><li><a rel=\"noreferrer noopener\" aria-label=\"Fabio Morbidi, chercheur au laboratoire MIS EA 4290. Domaine d\u2019expertise : robotique mobile et industrielle\u2028Djem\u00e2a Kachi, chercheuse au laboratoire MIS EA 4290. Domaine d\u2019expertise : \u00a0traitement \u00a0d\u2019images et vision non-conventionnelles\u2028Abdelhamid Rabhi, chercheur au laboratoire MIS EA 4290. Domaine d\u2019expertise : commande automatique\u2028El Mustapha Mouaddib, chercheur au laboratoire MIS EA 4290. Domaine d\u2019expertise : asservissements visuels\u2028Wilfrid Coppin, chef de projet dans la soci\u00e9t\u00e9 CEFF. Domaine d\u2019expertise : communication entre les syst\u00e8mes et automatismes industriels\u2028Jordan Caracotte,\u00a0chercheur au laboratoire MIS EA 4290. Domaine d\u2019expertise : vision 2D\/3D pour la robotique (opens in a new tab)\" href=\"http:\/\/mis.u-picardie.fr\/~mouaddib\" target=\"_blank\">El Mustapha Mouaddib<\/a>, chercheur au laboratoire MIS EA 4290. Domaine d\u2019expertise : asservissements visuels<\/li><li>Rapha\u00ebl Nona, chef de projet dans la soci\u00e9t\u00e9 CEFF. Domaine d\u2019expertise : communication entre les syst\u00e8mes et automatismes industriels<\/li><li>Jordan Caracotte,\u00a0chercheur au laboratoire MIS EA 4290. Domaine d\u2019expertise : vision 2D\/3D pour la robotique<\/li><\/ul>\n\n\n\n<p>Anciens :<\/p>\n\n\n\n<ul class=\"wp-block-list\"><li>Wilfrid Coppin, responsable du Centre R\u00e9seau Santerne Roissy. Domaine d\u2019expertise : communication entre les syst\u00e8mes et automatismes industriels<\/li><li><a rel=\"noreferrer noopener\" aria-label=\"Guillaume Caron, chercheur au laboratoire MIS EA 4290. Domaine d\u2019expertise : vision 2D\/3D pour la robotique\u2028Mohammed Chadli, chercheur au laboratoire MIS EA 4290. Domaine d\u2019expertise : commande automatique\u2028Florian Dordain, pr\u00e9sident de la soci\u00e9t\u00e9 Tesseract Solutions. Domaine d\u2019expertise : intelligence artificielle en robotique collaborative et en vision\u2028Jordan Scandola, responsable cha\u00eene outill\u00e9e dans la soci\u00e9t\u00e9 Plastic Omnium. Domaine d\u2019expertise : communication entre les syst\u00e8mes (opens in a new tab)\" href=\"http:\/\/mis.u-picardie.fr\/~g-caron\" target=\"_blank\">Guillaume Caron<\/a>, chercheur aux laboratoires MIS EA 4290 et AIST-CNRS JRL, IRL (Japon) . Domaine d\u2019expertise : vision 2D\/3D pour la robotique<\/li><li>Mohammed Chadli, chercheur au laboratoire IBISC, Universit\u00e9 Paris-Saclay. Domaine d\u2019expertise : commande automatique<\/li><li>Florian Dordain, pr\u00e9sident de la soci\u00e9t\u00e9 Tesseract Solutions. Domaine d\u2019expertise : intelligence artificielle en robotique collaborative et en vision<\/li><li>Jordan Scandola, responsable cha\u00eene outill\u00e9e dans la soci\u00e9t\u00e9 Plastic Omnium. Domaine d\u2019expertise : communication entre les syst\u00e8mes<\/li><\/ul>\n","protected":false},"excerpt":{"rendered":"<p>L\u2019\u00e9quipe p\u00e9dagogique du&nbsp;Master RoVA&nbsp;est form\u00e9e d\u2019enseignants-chercheurs&nbsp;et d\u2019industriels&nbsp;du domaine : Fabio Morbidi, chercheur au laboratoire MIS EA 4290. Domaine d\u2019expertise : robotique mobile et industrielle Djem\u00e2a Kachi, chercheuse au laboratoire MIS EA 4290. Domaine d\u2019expertise : \u00a0traitement \u00a0d\u2019images et vision non-conventionnelles Abdelhamid Rabhi, chercheur au laboratoire MIS EA 4290. Domaine d\u2019expertise : commande automatique El Mustapha &hellip; <\/p>\n<p class=\"link-more\"><a href=\"https:\/\/home.mis.u-picardie.fr\/~g-caron\/formations\/robotique\/index.php\/equipe-pedagogique-rova\/\" class=\"more-link\">Continue reading<span class=\"screen-reader-text\"> &#8220;Equipe p\u00e9dagogique RoVA&#8221;<\/span><\/a><\/p>\n","protected":false},"author":1,"featured_media":0,"parent":0,"menu_order":0,"comment_status":"closed","ping_status":"closed","template":"","meta":{"footnotes":""},"class_list":["post-123","page","type-page","status-publish","hentry"],"_links":{"self":[{"href":"https:\/\/home.mis.u-picardie.fr\/~g-caron\/formations\/robotique\/index.php\/wp-json\/wp\/v2\/pages\/123","targetHints":{"allow":["GET"]}}],"collection":[{"href":"https:\/\/home.mis.u-picardie.fr\/~g-caron\/formations\/robotique\/index.php\/wp-json\/wp\/v2\/pages"}],"about":[{"href":"https:\/\/home.mis.u-picardie.fr\/~g-caron\/formations\/robotique\/index.php\/wp-json\/wp\/v2\/types\/page"}],"author":[{"embeddable":true,"href":"https:\/\/home.mis.u-picardie.fr\/~g-caron\/formations\/robotique\/index.php\/wp-json\/wp\/v2\/users\/1"}],"replies":[{"embeddable":true,"href":"https:\/\/home.mis.u-picardie.fr\/~g-caron\/formations\/robotique\/index.php\/wp-json\/wp\/v2\/comments?post=123"}],"version-history":[{"count":5,"href":"https:\/\/home.mis.u-picardie.fr\/~g-caron\/formations\/robotique\/index.php\/wp-json\/wp\/v2\/pages\/123\/revisions"}],"predecessor-version":[{"id":182,"href":"https:\/\/home.mis.u-picardie.fr\/~g-caron\/formations\/robotique\/index.php\/wp-json\/wp\/v2\/pages\/123\/revisions\/182"}],"wp:attachment":[{"href":"https:\/\/home.mis.u-picardie.fr\/~g-caron\/formations\/robotique\/index.php\/wp-json\/wp\/v2\/media?parent=123"}],"curies":[{"name":"wp","href":"https:\/\/api.w.org\/{rel}","templated":true}]}}