{"id":127,"date":"2019-04-02T13:05:47","date_gmt":"2019-04-02T13:05:47","guid":{"rendered":"https:\/\/home.mis.u-picardie.fr\/~g-caron\/formations\/robotique\/?page_id=127"},"modified":"2021-01-28T08:44:38","modified_gmt":"2021-01-28T08:44:38","slug":"candidatures-inscriptions-rova","status":"publish","type":"page","link":"https:\/\/home.mis.u-picardie.fr\/~g-caron\/formations\/robotique\/index.php\/candidatures-inscriptions-rova\/","title":{"rendered":"Candidatures\/inscriptions RoVA"},"content":{"rendered":"\n<p>Rendez-vous sur l&#8217;interface centralis\u00e9e <a href=\"https:\/\/www.u-picardie.fr\/ecandidat\/\" target=\"_blank\" rel=\"noreferrer noopener\" aria-label=\"Rendez-vous sur l'interface centralis\u00e9e E-Candidat de l'UPJV\u00a0et se cr\u00e9er une candidature \u00e0 l'inscription aux formations suivantes : (opens in a new tab)\">E-Candidat de l&#8217;UPJV<\/a>\u00a0et se cr\u00e9er une candidature \u00e0 l&#8217;inscription aux formations suivantes :<\/p>\n\n\n\n<ul class=\"wp-block-list\"><li>Master 1 (RoVA se choisi \u00e0 partir du deuxi\u00e8me semestre) :<br><\/li><\/ul>\n\n\n\n<figure class=\"wp-block-image\"><img loading=\"lazy\" decoding=\"async\" width=\"1024\" height=\"310\" src=\"https:\/\/home.mis.u-picardie.fr\/~g-caron\/formations\/robotique\/wp-content\/uploads\/2020\/02\/M1_RoVA-1024x310.png\" alt=\"\" class=\"wp-image-145\" srcset=\"https:\/\/home.mis.u-picardie.fr\/~g-caron\/formations\/robotique\/wp-content\/uploads\/2020\/02\/M1_RoVA-1024x310.png 1024w, https:\/\/home.mis.u-picardie.fr\/~g-caron\/formations\/robotique\/wp-content\/uploads\/2020\/02\/M1_RoVA-300x91.png 300w, https:\/\/home.mis.u-picardie.fr\/~g-caron\/formations\/robotique\/wp-content\/uploads\/2020\/02\/M1_RoVA-768x232.png 768w, https:\/\/home.mis.u-picardie.fr\/~g-caron\/formations\/robotique\/wp-content\/uploads\/2020\/02\/M1_RoVA.png 1121w\" sizes=\"auto, (max-width: 767px) 89vw, (max-width: 1000px) 54vw, (max-width: 1071px) 543px, 580px\" \/><\/figure>\n\n\n\n<ul class=\"wp-block-list\"><li>Master 2 (si d\u00e9j\u00e0 titulaire d&#8217;un M1 du domaine) :<\/li><\/ul>\n\n\n\n<figure class=\"wp-block-image\"><img loading=\"lazy\" decoding=\"async\" width=\"1024\" height=\"274\" src=\"https:\/\/home.mis.u-picardie.fr\/~g-caron\/formations\/robotique\/wp-content\/uploads\/2020\/02\/M2_RoVA-1024x274.png\" alt=\"\" class=\"wp-image-146\" srcset=\"https:\/\/home.mis.u-picardie.fr\/~g-caron\/formations\/robotique\/wp-content\/uploads\/2020\/02\/M2_RoVA-1024x274.png 1024w, https:\/\/home.mis.u-picardie.fr\/~g-caron\/formations\/robotique\/wp-content\/uploads\/2020\/02\/M2_RoVA-300x80.png 300w, https:\/\/home.mis.u-picardie.fr\/~g-caron\/formations\/robotique\/wp-content\/uploads\/2020\/02\/M2_RoVA-768x205.png 768w, https:\/\/home.mis.u-picardie.fr\/~g-caron\/formations\/robotique\/wp-content\/uploads\/2020\/02\/M2_RoVA.png 1134w\" sizes=\"auto, (max-width: 767px) 89vw, (max-width: 1000px) 54vw, (max-width: 1071px) 543px, 580px\" \/><\/figure>\n","protected":false},"excerpt":{"rendered":"<p>Rendez-vous sur l&#8217;interface centralis\u00e9e E-Candidat de l&#8217;UPJV\u00a0et se cr\u00e9er une candidature \u00e0 l&#8217;inscription aux formations suivantes : Master 1 (RoVA se choisi \u00e0 partir du deuxi\u00e8me semestre) : Master 2 (si d\u00e9j\u00e0 titulaire d&#8217;un M1 du domaine) :<\/p>\n","protected":false},"author":1,"featured_media":0,"parent":0,"menu_order":0,"comment_status":"closed","ping_status":"closed","template":"","meta":{"footnotes":""},"class_list":["post-127","page","type-page","status-publish","hentry"],"_links":{"self":[{"href":"https:\/\/home.mis.u-picardie.fr\/~g-caron\/formations\/robotique\/index.php\/wp-json\/wp\/v2\/pages\/127","targetHints":{"allow":["GET"]}}],"collection":[{"href":"https:\/\/home.mis.u-picardie.fr\/~g-caron\/formations\/robotique\/index.php\/wp-json\/wp\/v2\/pages"}],"about":[{"href":"https:\/\/home.mis.u-picardie.fr\/~g-caron\/formations\/robotique\/index.php\/wp-json\/wp\/v2\/types\/page"}],"author":[{"embeddable":true,"href":"https:\/\/home.mis.u-picardie.fr\/~g-caron\/formations\/robotique\/index.php\/wp-json\/wp\/v2\/users\/1"}],"replies":[{"embeddable":true,"href":"https:\/\/home.mis.u-picardie.fr\/~g-caron\/formations\/robotique\/index.php\/wp-json\/wp\/v2\/comments?post=127"}],"version-history":[{"count":6,"href":"https:\/\/home.mis.u-picardie.fr\/~g-caron\/formations\/robotique\/index.php\/wp-json\/wp\/v2\/pages\/127\/revisions"}],"predecessor-version":[{"id":179,"href":"https:\/\/home.mis.u-picardie.fr\/~g-caron\/formations\/robotique\/index.php\/wp-json\/wp\/v2\/pages\/127\/revisions\/179"}],"wp:attachment":[{"href":"https:\/\/home.mis.u-picardie.fr\/~g-caron\/formations\/robotique\/index.php\/wp-json\/wp\/v2\/media?parent=127"}],"curies":[{"name":"wp","href":"https:\/\/api.w.org\/{rel}","templated":true}]}}