{"id":57,"date":"2018-12-11T17:26:16","date_gmt":"2018-12-11T17:26:16","guid":{"rendered":"https:\/\/home.mis.u-picardie.fr\/~g-caron\/formations\/robotique\/?page_id=57"},"modified":"2021-01-28T08:54:22","modified_gmt":"2021-01-28T08:54:22","slug":"licence-pro-rvi","status":"publish","type":"page","link":"https:\/\/home.mis.u-picardie.fr\/~g-caron\/formations\/robotique\/index.php\/licence-pro-rvi\/","title":{"rendered":"Licence Pro RVI"},"content":{"rendered":"\n<p>La <strong>Licence Professionnelle<\/strong> Robotique et Vision Industrielles, <strong>RVI<\/strong>, permet d\u2019acqu\u00e9rir, dans le domaine de la <strong>robotique<\/strong> et de la <strong>vision<\/strong> industrielles, des connaissances pr\u00e9cises adapt\u00e9es aux \u00e9volutions technologiques et aux besoins des industriels.<\/p>\n\n\n\n<p>La <strong>Licence Pro RVI<\/strong> est en partenariat entre l\u2019<strong>UPJV<\/strong> et le <strong>Lyc\u00e9e Marie Curie<\/strong> de Nogent-sur-Oise o\u00f9 l\u2019ensemble des enseignements ont lieu.<\/p>\n\n\n\n<figure><iframe loading=\"lazy\" width=\"560\" height=\"315\" src=\"https:\/\/www.youtube.com\/embed\/3PIqvWD-PwI\" allowfullscreen=\"\"><\/iframe><\/figure>\n\n\n\n<p>Plus d&#8217;information :<\/p>\n\n\n\n<ul class=\"wp-block-list\"><li><a href=\"https:\/\/www.u-picardie.fr\/catalogue-formations\/FI\/co\/licence-pro-mimr.html\" target=\"_blank\" rel=\"noreferrer noopener\" aria-label=\"plaquette et liste des unit\u00e9s d'enseignement\u2028plateformes et autres actualit\u00e9s (opens in a new tab)\">plaquette et liste des <\/a><strong><a href=\"https:\/\/www.u-picardie.fr\/catalogue-formations\/FI\/co\/licence-pro-mimr.html\" target=\"_blank\" rel=\"noreferrer noopener\" aria-label=\"plaquette et liste des unit\u00e9s d'enseignement\u2028plateformes et autres actualit\u00e9s (opens in a new tab)\">unit\u00e9s d&#8217;enseignement<\/a><\/strong><\/li><li><strong><a rel=\"noreferrer noopener\" aria-label=\"plaquette et liste des unit\u00e9s d'enseignement\u2028plateformes et autres actualit\u00e9s (opens in a new tab)\" href=\"http:\/\/marie-curie.lyc.ac-amiens.fr\/licence-professionnelle-robotique\/\" target=\"_blank\">plateformes<\/a><\/strong><a rel=\"noreferrer noopener\" aria-label=\"plaquette et liste des unit\u00e9s d'enseignement\u2028plateformes et autres actualit\u00e9s (opens in a new tab)\" href=\"http:\/\/marie-curie.lyc.ac-amiens.fr\/licence-professionnelle-robotique\/\" target=\"_blank\"> et autres <\/a><strong><a rel=\"noreferrer noopener\" aria-label=\"plaquette et liste des unit\u00e9s d'enseignement\u2028plateformes et autres actualit\u00e9s (opens in a new tab)\" href=\"http:\/\/marie-curie.lyc.ac-amiens.fr\/licence-professionnelle-robotique\/\" target=\"_blank\">actualit\u00e9s<\/a><\/strong><\/li><\/ul>\n\n\n\n<p>Cr\u00e9dits photo : B. Munio.<\/p>\n","protected":false},"excerpt":{"rendered":"<p>La Licence Professionnelle Robotique et Vision Industrielles, RVI, permet d\u2019acqu\u00e9rir, dans le domaine de la robotique et de la vision industrielles, des connaissances pr\u00e9cises adapt\u00e9es aux \u00e9volutions technologiques et aux besoins des industriels. La Licence Pro RVI est en partenariat entre l\u2019UPJV et le Lyc\u00e9e Marie Curie de Nogent-sur-Oise o\u00f9 l\u2019ensemble des enseignements ont lieu. &hellip; <\/p>\n<p class=\"link-more\"><a href=\"https:\/\/home.mis.u-picardie.fr\/~g-caron\/formations\/robotique\/index.php\/licence-pro-rvi\/\" class=\"more-link\">Continue reading<span class=\"screen-reader-text\"> &#8220;Licence Pro RVI&#8221;<\/span><\/a><\/p>\n","protected":false},"author":1,"featured_media":60,"parent":0,"menu_order":0,"comment_status":"closed","ping_status":"closed","template":"","meta":{"footnotes":""},"class_list":["post-57","page","type-page","status-publish","has-post-thumbnail","hentry"],"_links":{"self":[{"href":"https:\/\/home.mis.u-picardie.fr\/~g-caron\/formations\/robotique\/index.php\/wp-json\/wp\/v2\/pages\/57","targetHints":{"allow":["GET"]}}],"collection":[{"href":"https:\/\/home.mis.u-picardie.fr\/~g-caron\/formations\/robotique\/index.php\/wp-json\/wp\/v2\/pages"}],"about":[{"href":"https:\/\/home.mis.u-picardie.fr\/~g-caron\/formations\/robotique\/index.php\/wp-json\/wp\/v2\/types\/page"}],"author":[{"embeddable":true,"href":"https:\/\/home.mis.u-picardie.fr\/~g-caron\/formations\/robotique\/index.php\/wp-json\/wp\/v2\/users\/1"}],"replies":[{"embeddable":true,"href":"https:\/\/home.mis.u-picardie.fr\/~g-caron\/formations\/robotique\/index.php\/wp-json\/wp\/v2\/comments?post=57"}],"version-history":[{"count":9,"href":"https:\/\/home.mis.u-picardie.fr\/~g-caron\/formations\/robotique\/index.php\/wp-json\/wp\/v2\/pages\/57\/revisions"}],"predecessor-version":[{"id":184,"href":"https:\/\/home.mis.u-picardie.fr\/~g-caron\/formations\/robotique\/index.php\/wp-json\/wp\/v2\/pages\/57\/revisions\/184"}],"wp:featuredmedia":[{"embeddable":true,"href":"https:\/\/home.mis.u-picardie.fr\/~g-caron\/formations\/robotique\/index.php\/wp-json\/wp\/v2\/media\/60"}],"wp:attachment":[{"href":"https:\/\/home.mis.u-picardie.fr\/~g-caron\/formations\/robotique\/index.php\/wp-json\/wp\/v2\/media?parent=57"}],"curies":[{"name":"wp","href":"https:\/\/api.w.org\/{rel}","templated":true}]}}