{"id":7,"date":"2018-10-17T21:01:34","date_gmt":"2018-10-17T21:01:34","guid":{"rendered":"https:\/\/home.mis.u-picardie.fr\/~g-caron\/formations\/robotique\/?page_id=7"},"modified":"2021-01-27T06:28:15","modified_gmt":"2021-01-27T06:28:15","slug":"master-rova","status":"publish","type":"page","link":"https:\/\/home.mis.u-picardie.fr\/~g-caron\/formations\/robotique\/index.php\/master-rova\/","title":{"rendered":"Master RoVA"},"content":{"rendered":"<h1>Pr\u00e9sentation du Master RoVA<\/h1>\n<p>Parcours du Master 3EA, le <strong>Master\u00a0<\/strong>Robotique et Vision Artificielle, <strong>RoVA<\/strong>, apporte les connaissances et comp\u00e9tences n\u00e9cessaires aux \u00e9tudiants en <strong>robotique\u00a0<\/strong>industrielle et mobile, en <strong>vision\u00a0<\/strong>industrielle et non-conventionnelle et leurs interactions pour acc\u00e9der \u00e0 des fonctions de :<\/p>\n<ul>\n<li>chef de cha\u00eene de production robotis\u00e9e<\/li>\n<li>ing\u00e9nieur R&amp;D<\/li>\n<li>chef de projet<\/li>\n<li>chercheur<\/li>\n<li>startuper<\/li>\n<\/ul>\n<p>Il est <strong><a href=\"https:\/\/home.mis.u-picardie.fr\/~g-caron\/formations\/robotique\/index.php\/candidatures-inscriptions-rova\/\">ouvert<\/a><\/strong> en <strong>formation initiale\u00a0<\/strong>et \u00e0 l&#8217;<strong>alternance\u00a0<\/strong>par le D\u00e9partement <a href=\"https:\/\/www.u-picardie.fr\/dpteea\/\">EEA\u00a0<\/a>de l&#8217;UFR Sciences, au p\u00f4le scientifique \u00e0 Amiens.<\/p>\n<p>L&#8217;un des points forts du Master RoVA est le <strong>projet transversal\u00a0<\/strong>en M2. Fruit d&#8217;une innovation p\u00e9dagogique financ\u00e9e par le service du m\u00eame nom de l&#8217;UPJV (SIP) en 2017, il conduit les \u00e9tudiants \u00e0 combiner ce qu&#8217;ils apprennent dans toutes les unit\u00e9s d&#8217;enseignement pour atteindre une r\u00e9alisation aboutie dans le cadre de l&#8217;<strong>usine du futur\u00a0<\/strong>(industrie 4.0). Les \u00e9tudiants en formation initiale et les alternants travaillent <strong>ensemble\u00a0<\/strong>100 h (en pr\u00e9sentiel) \u00e0 cette r\u00e9alisation en g\u00e9rant le projet en autonomie et en se r\u00e9partissant les diff\u00e9rentes t\u00e2ches techniques, avec les conseils de l&#8217;<strong><a href=\"https:\/\/home.mis.u-picardie.fr\/~g-caron\/formations\/robotique\/index.php\/equipe-pedagogique-rova\/\">\u00e9quipe p\u00e9dagogique<\/a><\/strong>.<\/p>\n\n\n<figure><iframe loading=\"lazy\" width=\"560\" height=\"315\" src=\"https:\/\/www.youtube.com\/embed\/8NAVgiTWXy0\" allowfullscreen=\"\"><\/iframe><\/figure>\n\n\n\n<p>Liste compl\u00e8te des enseignements pour chaque ann\u00e9e de Master : <a rel=\"noreferrer noopener\" aria-label=\"Liste compl\u00e8te des enseignements pour chaque ann\u00e9e de Master : M1 RoVA, M2 RoVA. (opens in a new tab)\" href=\"https:\/\/www.u-picardie.fr\/dpteea\/M1_3EA.html\" target=\"_blank\">M1 RoVA<\/a>, <a href=\"https:\/\/www.u-picardie.fr\/dpteea\/M2_3EA.html\" target=\"_blank\" rel=\"noreferrer noopener\" aria-label=\"Liste compl\u00e8te des enseignements pour chaque ann\u00e9e de Master : M1 RoVA, M2 RoVA. (opens in a new tab)\">M2 RoVA<\/a>.<\/p>\n\n\n\n<p>R\u00e9cemment, nous avons commenc\u00e9 \u00e0 utiliser RoboDK :<br>We use <a href=\"https:\/\/robodk.com\">RoboDK<\/a> for the simulation and offline programming of industrial robots.<\/p>\n","protected":false},"excerpt":{"rendered":"<p>Pr\u00e9sentation du Master RoVA Parcours du Master 3EA, le Master\u00a0Robotique et Vision Artificielle, RoVA, apporte les connaissances et comp\u00e9tences n\u00e9cessaires aux \u00e9tudiants en robotique\u00a0industrielle et mobile, en vision\u00a0industrielle et non-conventionnelle et leurs interactions pour acc\u00e9der \u00e0 des fonctions de : chef de cha\u00eene de production robotis\u00e9e ing\u00e9nieur R&amp;D chef de projet chercheur startuper Il est &hellip; <\/p>\n<p class=\"link-more\"><a href=\"https:\/\/home.mis.u-picardie.fr\/~g-caron\/formations\/robotique\/index.php\/master-rova\/\" class=\"more-link\">Continue reading<span class=\"screen-reader-text\"> &#8220;Master RoVA&#8221;<\/span><\/a><\/p>\n","protected":false},"author":1,"featured_media":30,"parent":0,"menu_order":0,"comment_status":"closed","ping_status":"closed","template":"","meta":{"footnotes":""},"class_list":["post-7","page","type-page","status-publish","has-post-thumbnail","hentry"],"_links":{"self":[{"href":"https:\/\/home.mis.u-picardie.fr\/~g-caron\/formations\/robotique\/index.php\/wp-json\/wp\/v2\/pages\/7","targetHints":{"allow":["GET"]}}],"collection":[{"href":"https:\/\/home.mis.u-picardie.fr\/~g-caron\/formations\/robotique\/index.php\/wp-json\/wp\/v2\/pages"}],"about":[{"href":"https:\/\/home.mis.u-picardie.fr\/~g-caron\/formations\/robotique\/index.php\/wp-json\/wp\/v2\/types\/page"}],"author":[{"embeddable":true,"href":"https:\/\/home.mis.u-picardie.fr\/~g-caron\/formations\/robotique\/index.php\/wp-json\/wp\/v2\/users\/1"}],"replies":[{"embeddable":true,"href":"https:\/\/home.mis.u-picardie.fr\/~g-caron\/formations\/robotique\/index.php\/wp-json\/wp\/v2\/comments?post=7"}],"version-history":[{"count":16,"href":"https:\/\/home.mis.u-picardie.fr\/~g-caron\/formations\/robotique\/index.php\/wp-json\/wp\/v2\/pages\/7\/revisions"}],"predecessor-version":[{"id":167,"href":"https:\/\/home.mis.u-picardie.fr\/~g-caron\/formations\/robotique\/index.php\/wp-json\/wp\/v2\/pages\/7\/revisions\/167"}],"wp:featuredmedia":[{"embeddable":true,"href":"https:\/\/home.mis.u-picardie.fr\/~g-caron\/formations\/robotique\/index.php\/wp-json\/wp\/v2\/media\/30"}],"wp:attachment":[{"href":"https:\/\/home.mis.u-picardie.fr\/~g-caron\/formations\/robotique\/index.php\/wp-json\/wp\/v2\/media?parent=7"}],"curies":[{"name":"wp","href":"https:\/\/api.w.org\/{rel}","templated":true}]}}