{"id":78,"date":"2018-12-13T07:54:47","date_gmt":"2018-12-13T07:54:47","guid":{"rendered":"https:\/\/home.mis.u-picardie.fr\/~g-caron\/formations\/robotique\/?page_id=78"},"modified":"2018-12-13T08:05:03","modified_gmt":"2018-12-13T08:05:03","slug":"introduction-a-la-robotique","status":"publish","type":"page","link":"https:\/\/home.mis.u-picardie.fr\/~g-caron\/formations\/robotique\/index.php\/introduction-a-la-robotique\/","title":{"rendered":"Introduction \u00e0 la robotique"},"content":{"rendered":"\n<p><br><strong>Description de l&#8217;unit\u00e9 d\u2019enseignement obligatoire :&nbsp;<\/strong><\/p>\n\n\n\n<table class=\"wp-block-table has-fixed-layout is-style-regular\"><tbody><tr><td><strong>Semestre&nbsp;<\/strong><\/td><td><strong>ECTS<\/strong><\/td><td><strong>Heures&nbsp;<\/strong><br><strong>CM<\/strong><\/td><td><strong>Heures <\/strong><br><strong>TD<\/strong><\/td><td><strong>Heures <\/strong><br><strong>TP<\/strong><\/td><\/tr><tr><td>6<\/td><td>&nbsp;&nbsp;&nbsp;&nbsp;&nbsp;&nbsp;3<\/td><td>12<\/td><td>9<\/td><td>9<\/td><\/tr><\/tbody><\/table>\n\n\n\n<table class=\"wp-block-table\"><tbody><tr><td><strong>Objectifs <\/strong><br><strong>P\u00e9dagogiques<\/strong><\/td><td>D\u00e9couvrir la robotique mobile et de manipulation <br>ainsi que les outils de perception des robots<\/td><\/tr><tr><td><strong>Programme&nbsp;&nbsp;<\/strong><\/td><td>1. Vue d\u2019ensemble&nbsp;: historique, march\u00e9s, g\u00e9n\u00e9ralit\u00e9s<br>2. Introduction \u00e0 la robotique mobile&nbsp;<br>&nbsp; &nbsp; &nbsp;2.1. Mod\u00e9lisation du robot unicycle<br>&nbsp; &nbsp; &nbsp;2.2. Strat\u00e9gies de navigation, navigation planifi\u00e9e, <br>&nbsp; &nbsp; &nbsp; &nbsp; &nbsp; &nbsp; &nbsp; navigation r\u00e9active<br>&nbsp; &nbsp; &nbsp;2.3.&nbsp;&nbsp;Perception proprioceptive et ext\u00e9roceptive&nbsp;: <br>&nbsp; &nbsp; &nbsp; &nbsp; &nbsp; &nbsp; &nbsp; &nbsp;capteurs et algorithmes<br>3. Introduction \u00e0 la robotique de manipulation<br>&nbsp; &nbsp; &nbsp;3.1. Rep\u00e8res, trajectoires et cycles<br>&nbsp; &nbsp; &nbsp;3.2. \u00c9l\u00e9ments de s\u00e9curit\u00e9<\/td><\/tr><tr><td><strong>Pr\u00e9-requis<\/strong><\/td><td>Notions de g\u00e9om\u00e9trie, de m\u00e9canique, <br>d\u2019algorithmique et de programmation<\/td><\/tr><tr><td><strong>Comp\u00e9tences <\/strong><br><strong>attendues<\/strong><\/td><td>\u00b7 Distinguer les classes de robots et de perception &nbsp;<br>\u00b7 Savoir s\u00e9lectionner la strat\u00e9gie de navigation <br>&nbsp; adapt\u00e9e \u00e0 une t\u00e2che simple donn\u00e9e<br>\u00b7 Conception, programmation et validation de <br>&nbsp; comportements d\u2019un robot mobile ou articul\u00e9<\/td><\/tr><tr><td><strong>\u00c9quipe <\/strong><br><strong>P\u00e9dagogique<\/strong><br><\/td><td>G. Caron (MCF61)<\/td><\/tr><tr><td><strong>Modalit\u00e9s de <\/strong><br><strong>Contr\u00f4les de <\/strong><br><strong>Connaissances&nbsp;<\/strong><\/td><td>Moyenne de l\u2019examen et de la note de contr\u00f4le <br>continu (DS et TP not\u00e9s).<\/td><\/tr><\/tbody><\/table>\n\n\n\n<p><\/p>\n","protected":false},"excerpt":{"rendered":"<p>Description de l&#8217;unit\u00e9 d\u2019enseignement obligatoire :&nbsp; Semestre&nbsp; ECTS Heures&nbsp;CM Heures TD Heures TP 6 &nbsp;&nbsp;&nbsp;&nbsp;&nbsp;&nbsp;3 12 9 9 Objectifs P\u00e9dagogiques D\u00e9couvrir la robotique mobile et de manipulation ainsi que les outils de perception des robots Programme&nbsp;&nbsp; 1. Vue d\u2019ensemble&nbsp;: historique, march\u00e9s, g\u00e9n\u00e9ralit\u00e9s2. Introduction \u00e0 la robotique mobile&nbsp;&nbsp; &nbsp; &nbsp;2.1. Mod\u00e9lisation du robot unicycle&nbsp; &nbsp; &nbsp;2.2. &hellip; <\/p>\n<p class=\"link-more\"><a href=\"https:\/\/home.mis.u-picardie.fr\/~g-caron\/formations\/robotique\/index.php\/introduction-a-la-robotique\/\" class=\"more-link\">Continue reading<span class=\"screen-reader-text\"> &#8220;Introduction \u00e0 la robotique&#8221;<\/span><\/a><\/p>\n","protected":false},"author":1,"featured_media":0,"parent":0,"menu_order":0,"comment_status":"closed","ping_status":"closed","template":"","meta":{"footnotes":""},"class_list":["post-78","page","type-page","status-publish","hentry"],"_links":{"self":[{"href":"https:\/\/home.mis.u-picardie.fr\/~g-caron\/formations\/robotique\/index.php\/wp-json\/wp\/v2\/pages\/78","targetHints":{"allow":["GET"]}}],"collection":[{"href":"https:\/\/home.mis.u-picardie.fr\/~g-caron\/formations\/robotique\/index.php\/wp-json\/wp\/v2\/pages"}],"about":[{"href":"https:\/\/home.mis.u-picardie.fr\/~g-caron\/formations\/robotique\/index.php\/wp-json\/wp\/v2\/types\/page"}],"author":[{"embeddable":true,"href":"https:\/\/home.mis.u-picardie.fr\/~g-caron\/formations\/robotique\/index.php\/wp-json\/wp\/v2\/users\/1"}],"replies":[{"embeddable":true,"href":"https:\/\/home.mis.u-picardie.fr\/~g-caron\/formations\/robotique\/index.php\/wp-json\/wp\/v2\/comments?post=78"}],"version-history":[{"count":13,"href":"https:\/\/home.mis.u-picardie.fr\/~g-caron\/formations\/robotique\/index.php\/wp-json\/wp\/v2\/pages\/78\/revisions"}],"predecessor-version":[{"id":97,"href":"https:\/\/home.mis.u-picardie.fr\/~g-caron\/formations\/robotique\/index.php\/wp-json\/wp\/v2\/pages\/78\/revisions\/97"}],"wp:attachment":[{"href":"https:\/\/home.mis.u-picardie.fr\/~g-caron\/formations\/robotique\/index.php\/wp-json\/wp\/v2\/media?parent=78"}],"curies":[{"name":"wp","href":"https:\/\/api.w.org\/{rel}","templated":true}]}}