{"id":14,"date":"2016-11-08T16:32:04","date_gmt":"2016-11-08T15:32:04","guid":{"rendered":"http:\/\/home.mis.u-picardie.fr\/~leclet\/wordpress\/?page_id=14"},"modified":"2024-04-12T17:59:42","modified_gmt":"2024-04-12T15:59:42","slug":"implications","status":"publish","type":"page","link":"https:\/\/home.mis.u-picardie.fr\/~leclet\/wordpress\/index.php\/implications\/","title":{"rendered":"Implications"},"content":{"rendered":"<h3 id=\"au_niveau_local\" class=\"sectionedit1\">Implications Locales&#8230;<\/h3>\n<ul>\n<li><strong>Depuis 2021,<\/strong> Membre \u00e9lu du Conseil de Laboratoire du MIS<\/li>\n<li>Responsable de l\u2019ann\u00e9e M1 (environ 100 \u00e9tudiantsMaster MIAGE, UFR des Sciences\u00a0 (<strong>2014-2020).<\/strong><\/li>\n<li>Responsable de l\u2019axe EIAH, Equipe COS, Laboratoire MIS (<strong>2006-2014<\/strong>).<\/li>\n<li>Membre \u00e9lu du Conseil de Laboratoire du MIS (<strong>2011 &#8211; 2017<\/strong>).<\/li>\n<li>Responsable de la commission Newsletter du Laboratoire MIS (<strong>2011-2018<\/strong>).<\/li>\n<li>Directeur de D\u00e9partement Informatique de l\u2019UFR des Sciences (2009-2011).<\/li>\n<li>Responsable de la cellule \u00ab Communication et CeWeb \u00bb du laboratoire MIS (2008-2013)<\/li>\n<\/ul>\n<h3 id=\"au_niveau_local\" class=\"sectionedit1\">Implications R\u00e9gionales et Nationales&#8230;<\/h3>\n<ul>\n<li><strong>Juillet 2020<\/strong>, Participation au se\u0301minaire du GTAS : \u00ab animation et simulation multisensorielles : image, son, geste, toucher \u00bb.<\/li>\n<li class=\"level1\"><strong><strong>Depuis 2018, <\/strong><\/strong>Participation au Groupe de Travail ADPAT (Adaptation et la Ge\u0301ne\u0301ration d&rsquo;activite\u0301s dans les EIAH).<\/li>\n<li><strong>Depuis 2019,\u00a0<\/strong> Participation au GDR (IG-RV) et au Groupe de Travail GTAS (Groupe de Travail Animation et Simulation).<\/li>\n<li class=\"level1\"><strong>Depuis 2017<\/strong>, Co-animation de l\u2019axe \u00ab Usages et Acteurs \u00bb de la <strong>S<\/strong>tructure <strong>F<\/strong>\u00e9d\u00e9rative de <strong>R<\/strong>echerche \u00ab <strong>Patrimoine et Num\u00e9rique<\/strong> \u00bb de l\u2019UPJV, qui a comme ambition de f\u00e9d\u00e9rer les recherches de la r\u00e9gion Hauts-de-France.<\/li>\n<li class=\"level1\"><strong>Depuis 1998, <\/strong>Membre de la soci\u00e9t\u00e9 savante ATIEF (<em>Association des Technologies de l&rsquo;Information pour l&rsquo;Education et la Formation<\/em>) et \u00e9lue au CA (Vice-Pr\u00e9sidente) de 2002 \u00e0 2005. Depuis 2014, en <strong>charge de la Newsletter du comit\u00e9 Web. <\/strong><\/li>\n<li class=\"level1\"><strong>Depuis 2014, <\/strong>Membre de la Soci\u00e9t\u00e9 Savante AFIA (<em>Association Fran\u00e7aise pour l&rsquo;Intelligence Artificielle<\/em>).<\/li>\n<\/ul>\n<h3 id=\"au_niveau_regional\" class=\"sectionedit2\">Culture et diffusion scientifique&#8230;<\/h3>\n<ul>\n<li class=\"level1\">Responsable de la valorisation et de la communication du programme E-Cath\u00e9dr@le : en charge de la cr\u00e9ation et de l\u2019administration du site Internet (https:\/\/mis.u-picardie.fr\/E-Cathedrale\/) ; des plaquettes de pr\u00e9sentations et des supports de communications orales et \u00e9crites ; organis\u00e9 et anim\u00e9 des ateliers lors de la f\u00eate de la science, du concours \u00ab Faites de la Science \u00bb et des portes ouvertes de l\u2019UFR ; participation aux journ\u00e9es du patrimoine et lors des journ\u00e9es \u00ab Connexions : rencontres du num\u00e9rique \u00bb de la r\u00e9gion Picardie et interview\u00e9e par France 3.<\/li>\n<\/ul>\n<h3 id=\"au_niveau_international\" class=\"sectionedit4\">Collaboration Internationales&#8230;<\/h3>\n<div class=\"level1\">\n<ul>\n<li><strong>En 2019,<\/strong> j\u2019ai particip\u00e9 au montage du Master \u00ab Data Sciences \u00bb de la Facult\u00e9 des Sciences de l\u2019UD. Cette collaboration avec l\u2019Universit\u00e9 de Djibouti date depuis 2009, o\u00f9 une collaboration recherche s\u2019est engag\u00e9e et a perdur\u00e9 entre le laboratoire MIS et le Centre de Recherche Universitaire de Djibouti.<\/li>\n<li><strong>Depuis 2010,<\/strong> <strong>s\u00e9jours r\u00e9guliers<\/strong> <strong>\u00e0 la Facult\u00e9 de Sciences et Techniques, F\u00e8s, Maroc<\/strong> : Innovation p\u00e9dagogique (formation \u00e0 la p\u00e9dagogie active et \u00e0 MAETIC, aupr\u00e8s des enseignants de la FST, dans le cadre de la formation continue), d\u00e9ploiement de E-mallettes-MAETIC , actions de recherche avec le laboratoire SIA, formation doctorale pour les doctorants de la FST (mise en place de la collaboration recherche, du co-encadrement de doctorants). Cette collaboration fait l\u2019objet de communications dans des conf\u00e9rences internationales et nationales et de co-cotutelle d&rsquo;une th\u00e8se. En 2014 et 2015, accueil d\u2019une d\u00e9l\u00e9gation marocaine de 6 enseignants de la FST venus se former au MIS, \u00e0 la p\u00e9dagogie active.<\/li>\n<li><strong>2009,<\/strong> cr\u00e9ation de la collaboration avec l\u2019Universit\u00e9 de Djibouti. L\u2019objectif \u00e9tait l\u2019accueil de doctorants, et un partenariat sur la derni\u00e8re ann\u00e9e du Master 2 (master STIC, D\u00e9partement Informatique, UFR des Sciences).<\/li>\n<\/ul>\n<\/div>\n","protected":false},"excerpt":{"rendered":"<p>Implications Locales&#8230; Depuis 2021, Membre \u00e9lu du Conseil de Laboratoire du MIS Responsable de l\u2019ann\u00e9e M1 (environ 100 \u00e9tudiantsMaster MIAGE, UFR des Sciences\u00a0&#8230;<\/p>\n","protected":false},"author":1,"featured_media":0,"parent":0,"menu_order":0,"comment_status":"closed","ping_status":"closed","template":"page-full-width.php","meta":{"footnotes":""},"_links":{"self":[{"href":"https:\/\/home.mis.u-picardie.fr\/~leclet\/wordpress\/index.php\/wp-json\/wp\/v2\/pages\/14"}],"collection":[{"href":"https:\/\/home.mis.u-picardie.fr\/~leclet\/wordpress\/index.php\/wp-json\/wp\/v2\/pages"}],"about":[{"href":"https:\/\/home.mis.u-picardie.fr\/~leclet\/wordpress\/index.php\/wp-json\/wp\/v2\/types\/page"}],"author":[{"embeddable":true,"href":"https:\/\/home.mis.u-picardie.fr\/~leclet\/wordpress\/index.php\/wp-json\/wp\/v2\/users\/1"}],"replies":[{"embeddable":true,"href":"https:\/\/home.mis.u-picardie.fr\/~leclet\/wordpress\/index.php\/wp-json\/wp\/v2\/comments?post=14"}],"version-history":[{"count":15,"href":"https:\/\/home.mis.u-picardie.fr\/~leclet\/wordpress\/index.php\/wp-json\/wp\/v2\/pages\/14\/revisions"}],"predecessor-version":[{"id":346,"href":"https:\/\/home.mis.u-picardie.fr\/~leclet\/wordpress\/index.php\/wp-json\/wp\/v2\/pages\/14\/revisions\/346"}],"wp:attachment":[{"href":"https:\/\/home.mis.u-picardie.fr\/~leclet\/wordpress\/index.php\/wp-json\/wp\/v2\/media?parent=14"}],"curies":[{"name":"wp","href":"https:\/\/api.w.org\/{rel}","templated":true}]}}