{"id":20,"date":"2016-11-08T16:32:34","date_gmt":"2016-11-08T15:32:34","guid":{"rendered":"http:\/\/home.mis.u-picardie.fr\/~leclet\/wordpress\/?page_id=20"},"modified":"2024-04-04T16:18:51","modified_gmt":"2024-04-04T14:18:51","slug":"encadrements","status":"publish","type":"page","link":"https:\/\/home.mis.u-picardie.fr\/~leclet\/wordpress\/index.php\/encadrements\/","title":{"rendered":"Encadrements"},"content":{"rendered":"<div class=\"level1\">\n<h3><strong>Doctorante Actuelle<br \/>\n<\/strong><\/h3>\n<ul>\n<li>Audrey Ambl\u00e8s &#8211; Titre du travail de recherche : Percevoir gra\u0302ce a\u0300 une interface multisensorielle&#8230; ou comment mettre \u00e0 dispositif un patrimoine 3D pour les malvoyants &#8211; D\u00e9marrage : Octobre 2020 &#8211; Contrat Doctoral &#8211; Soutenance pr\u00e9vue : automne 2024.<\/li>\n<\/ul>\n<h3><strong>Ancien Ing\u00e9nieur d&rsquo;\u00e9tude<\/strong><\/h3>\n<ul>\n<li>J\u00e9r\u00e9my LENTREMY &#8211; Titre du travail de recherche : Le syst\u00e8me adaptatif EILEEN. Contrat d&rsquo;une ann\u00e9e de 2018-2019.<\/li>\n<\/ul>\n<h3><strong>Anciens Post-Doctorants<br \/>\n<\/strong><\/h3>\n<div class=\"level1\">\n<ul>\n<li class=\"li\">Zaynab HABIBI (2015\u20132016) &#8211;\u00a0 Dans le cadre du projet de recherche Ethica.<\/li>\n<li class=\"level1\">Damien Eynard (2013-2014) &#8211; Dans la cadre du projet de recherche Assiduitas.<\/li>\n<\/ul>\n<\/div>\n<h3><strong>Anciens Doctorants<\/strong><\/h3>\n<\/div>\n<div class=\"level1\">\n<ul>\n<li>Oumayma CHERGUI (Doctorat d&rsquo;Informatique de l&rsquo;USMBA &#8211; soutenu en avril 2019 \u00e0 F\u00e8s) &#8211; Titre de la th\u00e8se : BUILDING COLLECTIVE COMMUNITY KNOWLEDGE IN CQA SYSTEMS: Deployed as a social-mobile learning solution for students in higher education &#8211; Situation actuelle du diplo\u0302me\u0301 :\u00a0Enseignante, Universit\u00e9 Priv\u00e9e, F\u00e8s.Enseignante, Universit\u00e9 Priv\u00e9e, F\u00e8s.<\/li>\n<li class=\"level1\">\n<div class=\"li\">Rachid BELMESKINE (Doctorat d&rsquo;Informatique de l&rsquo;UPJV et de l&rsquo;USMBA (co-tutelle) &#8211; soutenu en d\u00e9cembre 2015 \u00e0 F\u00e8s) &#8211; Titre de la th\u00e8se : Adaptation des interactions dans un Environnement Informatique Communautaire de\u0301die\u0301 a\u0300 l\u2019apprentissage de pratiques enseignantes &#8211; Situation actuelle du diplo\u0302me\u0301 : Ing\u00e9nieur de Recherche.<\/div>\n<\/li>\n<li class=\"level1\">\n<div class=\"li\">Ismail DJILAL (Doctorat d&rsquo;Informatique &#8211; soutenu en d\u00e9cembre 2014) &#8211; Titre de la th\u00e8se : Un syst\u00e8me d\u2019aide \u00e0 la conception de dispositifs p\u00e9dagogiques : le syst\u00e8me SAPRISTI &#8211; Situation actuelle du diplo\u0302me\u0301 : Mai\u0302tre de Confe\u0301rences a\u0300 l\u2019Universite\u0301 de Djibouti.<\/div>\n<\/li>\n<li class=\"li\">Djama Mohamed HASSAN (Doctorat d&rsquo;Informatique &#8211; soutenu en juillet 2010). Titre de la the\u0300se : Apprentissage et e\u0301valuation du savoir-faire en e-formation : le syste\u0300me LIMA. Situation actuelle du diplo\u0302me\u0301 : Mai\u0302tre de Confe\u0301rences a\u0300 l\u2019Universite\u0301 de Djibouti et Pre\u0301sident de cette me\u0302me universite\u0301.<\/li>\n<li class=\"level1\">\n<div class=\"li\">Ce\u0301line QUENU-JOIRON (Doctorat d&rsquo;Informatique &#8211; soutenu en de\u0301cembre 2002). Titre de la the\u0300se : Une contribution aux syste\u0300mes supports de Formation Me\u0301dicale Continue a\u0300 distance et d\u2019apprentissage entre pairs : conception et expe\u0301rimentation du forum DIACOM (Discussions a\u0300 bAse de Cas pour le fOrmation Me\u0301dicale). Situation actuelle du diplo\u0302me\u0301 : Mai\u0302tre de Confe\u0301rences a\u0300 l\u2019UPJV.<\/div>\n<\/li>\n<\/ul>\n<h3><strong>Master 2<br \/>\n<\/strong><\/h3>\n<ul>\n<li>Marwa Mohamed Abdoulkader (2022-2023) &#8211; Dipl\u00f4me : Master Data Sciences, Universit\u00e9 de Djibouti, Djibouti &#8211; Titre du stage : Analyse de donn\u00e9es d&rsquo;objets 3D&#8230; vers une mod\u00e9lisation multisensorielle.<\/li>\n<li>Gabriel Hardy (2021-2022) &#8211; Dipl\u00f4me : Master MIAGE, UPJV, France &#8211; Titre du stage : Conception d&rsquo;une interface de visualisation d&rsquo;objets 3D augment\u00e9s.<\/li>\n<li>Hamza Asbayo (2020-2021) &#8211; Dipl\u00f4me : Master Syst\u00e8mes Intelligents et R\u00e9seaux, FST F\u00e8s, Maroc &#8211; Titre du stage : Conception d&rsquo;un prototype d&rsquo;interface multi-sensorielle (<em>vue et ou\u00efe<\/em>) pour les malvoyants.<\/li>\n<li>Audrey AMBLES (2019-2021) &#8211; Dipl\u00f4me : Master MIAGE, UPJV, France &#8211; Titre du stage : Interfaces haptiques, un \u00e9tat de l&rsquo;art.<\/li>\n<li>J\u00e9r\u00e9my LENTREMY (2016-2018) &#8211; Dipl\u00f4me : Master MIAGE, UPJV, France &#8211; Titre du stage : D\u00e9veloppement de l\u2019application \u00ab <em>EXPLORAE 3D : EXPLORe imAges takEn from the 3D model of the Cathedral of Amiens<\/em> \u00bb.<\/li>\n<li>Guillaume MONTFLIER (2016-2018) &#8211; Dipl\u00f4me : Master MIAGE, UPJV, France &#8211; Titre du stage : D\u00e9veloppement de l\u2019application ETHICA-IMMERSION par un casque virtuel.<\/li>\n<li>Manon BRANLY (2017-2018) &#8211; Dipl\u00f4me : Master MIAGE, UPJV, France &#8211; Titre du stage : OPUS : de l\u2019histoire de la cath\u00e9drale \u00e0 sa visite virtuelle \u00bb.<\/li>\n<\/ul>\n<\/div>\n","protected":false},"excerpt":{"rendered":"<p>Doctorante Actuelle Audrey Ambl\u00e8s &#8211; Titre du travail de recherche : Percevoir gra\u0302ce a\u0300 une interface multisensorielle&#8230; ou comment mettre \u00e0 dispositif un&#8230;<\/p>\n","protected":false},"author":1,"featured_media":0,"parent":0,"menu_order":0,"comment_status":"closed","ping_status":"closed","template":"","meta":{"footnotes":""},"_links":{"self":[{"href":"https:\/\/home.mis.u-picardie.fr\/~leclet\/wordpress\/index.php\/wp-json\/wp\/v2\/pages\/20"}],"collection":[{"href":"https:\/\/home.mis.u-picardie.fr\/~leclet\/wordpress\/index.php\/wp-json\/wp\/v2\/pages"}],"about":[{"href":"https:\/\/home.mis.u-picardie.fr\/~leclet\/wordpress\/index.php\/wp-json\/wp\/v2\/types\/page"}],"author":[{"embeddable":true,"href":"https:\/\/home.mis.u-picardie.fr\/~leclet\/wordpress\/index.php\/wp-json\/wp\/v2\/users\/1"}],"replies":[{"embeddable":true,"href":"https:\/\/home.mis.u-picardie.fr\/~leclet\/wordpress\/index.php\/wp-json\/wp\/v2\/comments?post=20"}],"version-history":[{"count":19,"href":"https:\/\/home.mis.u-picardie.fr\/~leclet\/wordpress\/index.php\/wp-json\/wp\/v2\/pages\/20\/revisions"}],"predecessor-version":[{"id":332,"href":"https:\/\/home.mis.u-picardie.fr\/~leclet\/wordpress\/index.php\/wp-json\/wp\/v2\/pages\/20\/revisions\/332"}],"wp:attachment":[{"href":"https:\/\/home.mis.u-picardie.fr\/~leclet\/wordpress\/index.php\/wp-json\/wp\/v2\/media?parent=20"}],"curies":[{"name":"wp","href":"https:\/\/api.w.org\/{rel}","templated":true}]}}