{"id":8,"date":"2016-11-08T16:31:33","date_gmt":"2016-11-08T15:31:33","guid":{"rendered":"http:\/\/home.mis.u-picardie.fr\/~leclet\/wordpress\/?page_id=8"},"modified":"2025-01-24T15:29:07","modified_gmt":"2025-01-24T14:29:07","slug":"publications","status":"publish","type":"page","link":"https:\/\/home.mis.u-picardie.fr\/~leclet\/wordpress\/index.php\/publications\/","title":{"rendered":"Publications"},"content":{"rendered":"<p>Voir les publications sur le site du laboratoire MIS : <a class=\"urlextern\" title=\"https:\/\/www.mis.u-picardie.fr\/fr\/publications\" href=\"https:\/\/www.mis.u-picardie.fr\/equipe\/perception-robotique\" target=\"_blank\" rel=\"nofollow noopener noreferrer\">https:\/\/www.mis.u-picardie.fr\/fr\/publications<\/a> Pour retrouver toutes les publications, effectuer la recherche sur Leclet ou Groux, merci. La totalit\u00e9 des publications sous Hal : <a href=\"https:\/\/cv.archives-ouvertes.fr\/dominique-leclet-groux\" target=\"_blank\" rel=\"noopener noreferrer\">https:\/\/cv.archives-ouvertes.fr\/dominique-leclet-groux<\/a><\/p>\n<p>Liste des publications \u00e0 jour (2016-2024) \u00e0 voir ci-dessous.<\/p>\n<hr \/>\n<h3>Publications 2024<\/h3>\n<ul>\n<li>Audrey Ambl\u00e8s, Dominique Groux-Leclet, Alexis Potelle, El Mustapha Mouaddib: \u00ab\u00a0Computer Vision serving visually impaired people\u201d, <strong>IEEE International Conference on Signal, Image, Video and Communications, (ISIVC 2024)<\/strong>, Marrakech, Morocco, 21th \u2013 23th May. pp.1-6, <a href=\"https:\/\/dx.doi.org\/10.1109\/ISIVC61350.2024.10577800\" target=\"_blank\" rel=\"noopener\"><strong>DOI<\/strong> : \u27e810.1109\/ISIVC61350.2024.10577800\u27e9.<\/a><\/li>\n<li>Audrey Ambl\u00e8s, Dominique Groux-Leclet, Alexis Potelle: \u00ab\u00a0Co-Design of an Adaptive 2D Visualization User Interface for the Visually Impaired\u201d, <strong>The Seventeenth International Conference on Advances in Computer-Human Interactions<\/strong>, ACHI 2024, May 26, 2024 to May 30, 2024 &#8211; Barcelona, Spain, Barcelona, Spain. pp.168 to 173.<a href=\"https:\/\/www.thinkmind.org\/library\/ACHI\/ACHI_2024\/achi_2024_3_180_20077.html\" target=\"_blank\" rel=\"noopener\">https:\/\/www.thinkmind.org\/library\/ACHI\/ACHI_2024\/achi_2024_3_180_20077.html<\/a><\/li>\n<li>Audrey Ambl\u00e8s, Dominique Groux-Leclet, Alexis Potelle: <strong>\u00ab\u00a0<\/strong>Co-design of an Interactive 3D Objects Visualization &#8211; Application:A user application adapted for the Visually Impaired\u201d, <strong>IARIA JOURNALS<\/strong>, JOURNAL-On Advances in Software, <a href=\"https:\/\/www.thinkmind.org\/library\/Soft\/Soft_v17_n34_2024\/soft_v17_n34_2024_7.html\" target=\"_blank\" rel=\"noopener\">https:\/\/www.iariajournals.org\/software\/index.html<\/a>, 2024 vol 17 nr 3&amp;4, 30 d\u00e9cembre 2024<\/li>\n<\/ul>\n<hr \/>\n<h3>Publications 2019<\/h3>\n<ul>\n<li>Oumayma Chergui, Ahlame Begdouri, and Dominique Leclet-Groux: \u201cIntegrating a Bayesian semantic similarity approach into CBR for knowledge reuse in Community Question Answering\u201d, <strong>International Journal Knowledge-Based Systems<\/strong>, ISSN: 0950-7051, <strong>\u00e9diteur: Elsevier, IF=4.3, SJR=1.3.,<\/strong> Editors in Chief: Professor H. Fujita, Professor J. Lu, Elsevier Editions, <a href=\"https:\/\/www.journals.elsevier.com\/knowledge-based-systems\">https:\/\/www.journals.elsevier.com\/knowledge-based-systems<\/a>, <strong>2019, Volume 185, Pages 104919.<\/strong><\/li>\n<li>El Mustapha Mouaddib, Guillaume Caron, Dominique Groux-Leclet, Fabio Morbi: \u201c La patrimoine in silico. Exemple de la cath\u00e9drale d\u2019Amiens \u201d, <strong>Revue des Patrimoines \u00ab\u00a0In Situ\u00a0\u00bb,<\/strong> Revue du Minist\u00e8re de la Culture, Direction du Patrimoine, Revue en ligne, <a href=\"https:\/\/journals.openedition.org\/insitu\/21240.\"><strong>https:\/\/journals.openedition.org\/insitu\/21240<\/strong>.<\/a><\/li>\n<\/ul>\n<hr \/>\n<h3>Publications 2018<\/h3>\n<p><strong>Articles de journaux<\/strong><\/p>\n<ul>\n<li>Ahlame Begdouri, Oumayma Chergui, Dominique Leclet-Groux, \u00ab\u00a0A knowledge-based approach for keywords modeling into a semantic graph\u00a0\u00bb. <strong>International Journal of Information Science &amp; Technology<\/strong>, iJIST 2018, Special Issue : E-Learning Systems and Applications, 2 (1), pp.12-24.<a href=\"https:\/\/innove.org\/ijist\/index.php\/ijist\/issue\/view\/3\" target=\"_blank\" rel=\"noopener\">\u3008https:\/\/innove.org\/ijist\/index.php\/ijist\/issue\/view\/3\u3009<\/a>.<\/li>\n<li>Dominique Groux-Leclet, Ahlame Begdouri, Rachid Belmeskine, \u00ab\u00a0Dynamic selection approach to overcome the demotivation of learners in a community learning\u00a0\u00bb,\u00a0<strong>International Journal of Intelligent Systems and Applications, <\/strong>IJISA 2018, Full Paper: <a href=\"http:\/\/www.mecs-press.org\/ijisa\/ijisa-v10-n7\/IJISA-V10-N7-3.pdf\" target=\"_blank\" rel=\"noopener\">PDF<\/a> (ID\u00a0paper2033), PP.27-38, Pub. Date: 2018-07-08. DOI: 10.5815\/ijisa.2018.07.03. <a href=\"http:\/\/www.mecs-press.org\/ijisa\/v10n7.html\">http:\/\/www.mecs-press.org\/ijisa\/v10n7.html<\/a><\/li>\n<\/ul>\n<p><strong>Communications avec actes dans des congr\u00e8s d\u2019audience internationale<\/strong><\/p>\n<ul>\n<li>Dominique Groux-Leclet, J\u00e9r\u00e9my Lentremy, Guillaume Caron and El Mustapha Mouaddib, \u00ab\u00a0Efficient restitution of heritage buildings: a new way to exploit 3D point clouds slicing, An example with the Amiens Gothic Cathedral\u00a0\u00bb, Digital Heritage 2018, <strong>3rd International Congress, DH 2018<\/strong>, Octobre\u00a026-30, 2018, San Francisco, paper 87.<\/li>\n<li>O. Chergui, A. Begdouri,\u00a0Dominique Groux-Leclet,\u00a0M. A. Berraho, \u00ab\u00a0M-learning acceptance among scientific students in higher education: a survey study in Morocco\u00a0\u00bb,\u00a0Proceeding of the International Conference on <strong>Pedagogical Approaches &amp; E-Learning, APEL&rsquo;2018<\/strong>, 3rd Edition, 28-30 November 2018, Fez-Morocco.<\/li>\n<\/ul>\n<hr \/>\n<h3><span style=\"text-decoration: underline;\">Publications 2017<\/span><\/h3>\n<p><strong>Articles de journaux<\/strong><\/p>\n<ul>\n<li class=\"level1\">\n<div class=\"li\">Oumayma Chergui, Ahlame Begdouri, and Dominique Groux-Leclet, \u201cA Classification of Educational Mobile Use for Learners and Teachers,\u201d <strong>International Journal of Information and Education Technology<\/strong>, Vol. 7, No. 5,\u00a0Mai 2017, p\u00a0324-330,\u00a0ISSN: 2010-3689.<\/div>\n<\/li>\n<li>Oumayma Chergui, Ahlame Begdouri, and Dominique Groux-Leclet, \u00ab\u00a0Keyword-based similarity using an automatically generated semantic graph in an online Community of Practice\u00a0\u00bb, <strong>Lecture Notes in Computer Science, (LNCS) Book Series<\/strong>, Vol. 10108, F\u00e9vrier 2017, p 526-532,\u00a0ISSN: 0302-9743.<\/li>\n<\/ul>\n<hr \/>\n<h3><span style=\"text-decoration: underline;\">Publications 2016<\/span><\/h3>\n<p><strong>Communications avec actes dans des congr\u00e8s d\u2019audience internationale<\/strong><\/p>\n<ul>\n<li>Oumayma Chergui, Ahlame Begdouri, and Dominique Leclet-Groux, \u00ab\u00a0CBR approach for knowledge reuse in a Community of Practice for university students\u00a0\u00bb,\u00a04th edition of the International Colloquium on Information Science and Technology (<strong>CiST &rsquo;16<\/strong>),\u00a0Octobre\u00a024-26, 2016, Tanger, p 553-558, <a href=\"http:\/\/www.ieee.ma\/cist16\/\" target=\"_blank\" rel=\"noopener noreferrer\">&lt;http:\/\/www.ieee.ma\/cist16\/&gt;<\/a>.<\/li>\n<li>Oumayma Chergui, Ahlame Begdouri, and Dominique Leclet-Groux, \u00ab\u00a0Integrating Bayesian Networks and CBR in an online community of students\u00a0\u00bb, <em>2th <\/em> <em>International Conference on Approches P\u00e9dagogiques et e-Learning<\/em> (<strong>APEL&rsquo;2016<\/strong>), Fez, Marocco, 14-15 december, p 1-5.<\/li>\n<\/ul>\n<p><strong>Chapitre d&rsquo;Ouvrage<br \/>\n<\/strong><\/p>\n<ul>\n<li>Dominique Leclet-Groux. Mobile Learning, entre acceptabilit\u00e9 et usages : Exemple du syst\u00e8me communautaire mobile NICOLAT support d\u2019une communaut\u00e9 d\u2019enseignants de la Facult\u00e9 des Sciences et Techniques de F\u00e8s. de Christian Depower (Auteur), Papa Youga Dieng (Auteur), St\u00e9phanie Gasse (Auteur), Jean-Fran\u00e7ois Maynier (Auteur), Jacques Wallet (Auteur) <i>Repenser la formation continue des enseignants en Francophonie. L&rsquo;initiative Ifadem<\/i>, Editions des archives contemporaines (20 juillet 2016), pp.165-179, 2016, Broch\u00e9 &#8211; 240 pages, 978-2813002204.<\/li>\n<\/ul>\n<hr \/>\n","protected":false},"excerpt":{"rendered":"<p>Voir les publications sur le site du laboratoire MIS : https:\/\/www.mis.u-picardie.fr\/fr\/publications Pour retrouver toutes les publications, effectuer la recherche sur Leclet ou Groux,&#8230;<\/p>\n","protected":false},"author":1,"featured_media":0,"parent":0,"menu_order":0,"comment_status":"closed","ping_status":"closed","template":"","meta":{"footnotes":""},"_links":{"self":[{"href":"https:\/\/home.mis.u-picardie.fr\/~leclet\/wordpress\/index.php\/wp-json\/wp\/v2\/pages\/8"}],"collection":[{"href":"https:\/\/home.mis.u-picardie.fr\/~leclet\/wordpress\/index.php\/wp-json\/wp\/v2\/pages"}],"about":[{"href":"https:\/\/home.mis.u-picardie.fr\/~leclet\/wordpress\/index.php\/wp-json\/wp\/v2\/types\/page"}],"author":[{"embeddable":true,"href":"https:\/\/home.mis.u-picardie.fr\/~leclet\/wordpress\/index.php\/wp-json\/wp\/v2\/users\/1"}],"replies":[{"embeddable":true,"href":"https:\/\/home.mis.u-picardie.fr\/~leclet\/wordpress\/index.php\/wp-json\/wp\/v2\/comments?post=8"}],"version-history":[{"count":27,"href":"https:\/\/home.mis.u-picardie.fr\/~leclet\/wordpress\/index.php\/wp-json\/wp\/v2\/pages\/8\/revisions"}],"predecessor-version":[{"id":355,"href":"https:\/\/home.mis.u-picardie.fr\/~leclet\/wordpress\/index.php\/wp-json\/wp\/v2\/pages\/8\/revisions\/355"}],"wp:attachment":[{"href":"https:\/\/home.mis.u-picardie.fr\/~leclet\/wordpress\/index.php\/wp-json\/wp\/v2\/media?parent=8"}],"curies":[{"name":"wp","href":"https:\/\/api.w.org\/{rel}","templated":true}]}}