{"id":101,"date":"2017-12-31T18:03:48","date_gmt":"2017-12-31T18:03:48","guid":{"rendered":"https:\/\/home.mis.u-picardie.fr\/~sfr-np\/wordpress\/?page_id=101"},"modified":"2022-01-10T21:26:36","modified_gmt":"2022-01-10T21:26:36","slug":"membres","status":"publish","type":"page","link":"https:\/\/home.mis.u-picardie.fr\/~sfr-np\/wordpress\/membres\/","title":{"rendered":"Membres"},"content":{"rendered":"<pre style=\"text-align: left;\">La SFR implique d\u00e9j\u00e0 plusieurs unit\u00e9s de recherche implant\u00e9es sur l\u2019ensemble du territoire Hauts de France. Au 1 juin 2017, la SFR compte les membres suivants :\n\n- UPJV : MIS, CHSSC, TRAME, CERCLL, Caref, CRAE, CURRAP, EDYSAN, Habiter le Monde, CRIISEA.\n\n- U-Lille : IRHiS, GERiiCO\n\n- Artois : Textes et Cultures, CREHS\n\n- ULCO : LISIC\n\nElle a vocation \u00e0 s\u2019\u00e9largir \u00e0 toutes les unit\u00e9s de notre r\u00e9gion qui d\u00e9veloppent ou souhaitent d\u00e9velopper des recherches sur la th\u00e9matique Num\u00e9rique et Patrimoine, ainsi qu'aux acteurs non acad\u00e9miques du patrimoine (services de l\u2019\u00e9tat, collectivit\u00e9s, associations, \u2026). L\u2019originalit\u00e9 de la SFR r\u00e9side dans l\u2019implication d\u2019unit\u00e9s de sciences et de SHS dans une volont\u00e9 de d\u00e9velopper de v\u00e9ritables projets de recherches pluridisciplinaires.\n\n<\/pre>\n","protected":false},"excerpt":{"rendered":"<p>La SFR implique d\u00e9j\u00e0 plusieurs unit\u00e9s de recherche implant\u00e9es sur l\u2019ensemble du territoire Hauts de France. Au 1 juin 2017, la SFR compte les membres suivants : &#8211; UPJV : MIS, CHSSC, TRAME, CERCLL, Caref, CRAE, CURRAP, EDYSAN, Habiter le Monde, CRIISEA. &#8211; U-Lille : IRHiS, GERiiCO &#8211; Artois : Textes et Cultures, CREHS &#8211; &hellip; <a href=\"https:\/\/home.mis.u-picardie.fr\/~sfr-np\/wordpress\/membres\/\" class=\"more-link\">Continuer la lecture<span class=\"screen-reader-text\"> de &laquo;&nbsp;Membres&nbsp;&raquo;<\/span><\/a><\/p>\n","protected":false},"author":1,"featured_media":0,"parent":0,"menu_order":0,"comment_status":"closed","ping_status":"closed","template":"","meta":{"_monsterinsights_skip_tracking":false,"_monsterinsights_sitenote_active":false,"_monsterinsights_sitenote_note":"","_monsterinsights_sitenote_category":0},"_links":{"self":[{"href":"https:\/\/home.mis.u-picardie.fr\/~sfr-np\/wordpress\/wp-json\/wp\/v2\/pages\/101"}],"collection":[{"href":"https:\/\/home.mis.u-picardie.fr\/~sfr-np\/wordpress\/wp-json\/wp\/v2\/pages"}],"about":[{"href":"https:\/\/home.mis.u-picardie.fr\/~sfr-np\/wordpress\/wp-json\/wp\/v2\/types\/page"}],"author":[{"embeddable":true,"href":"https:\/\/home.mis.u-picardie.fr\/~sfr-np\/wordpress\/wp-json\/wp\/v2\/users\/1"}],"replies":[{"embeddable":true,"href":"https:\/\/home.mis.u-picardie.fr\/~sfr-np\/wordpress\/wp-json\/wp\/v2\/comments?post=101"}],"version-history":[{"count":12,"href":"https:\/\/home.mis.u-picardie.fr\/~sfr-np\/wordpress\/wp-json\/wp\/v2\/pages\/101\/revisions"}],"predecessor-version":[{"id":553,"href":"https:\/\/home.mis.u-picardie.fr\/~sfr-np\/wordpress\/wp-json\/wp\/v2\/pages\/101\/revisions\/553"}],"wp:attachment":[{"href":"https:\/\/home.mis.u-picardie.fr\/~sfr-np\/wordpress\/wp-json\/wp\/v2\/media?parent=101"}],"curies":[{"name":"wp","href":"https:\/\/api.w.org\/{rel}","templated":true}]}}