{"id":2,"date":"2017-12-11T14:28:51","date_gmt":"2017-12-11T14:28:51","guid":{"rendered":"https:\/\/home.mis.u-picardie.fr\/~sfr-np\/wordpress\/?page_id=2"},"modified":"2019-06-19T19:17:26","modified_gmt":"2019-06-19T19:17:26","slug":"sample-page","status":"publish","type":"page","link":"https:\/\/home.mis.u-picardie.fr\/~sfr-np\/wordpress\/sample-page\/","title":{"rendered":"Pr\u00e9sentation"},"content":{"rendered":"<pre style=\"text-align: left;\"><em><strong>Contexte<\/strong><\/em>\r\n\r\nLa R\u00e9gion Hauts-de-France est riche en patrimoine architectural, culturel, naturel et industriel. Plusieurs unit\u00e9s de recherche relevant des diff\u00e9rents \u00e9tablissements d\u2019enseignement sup\u00e9rieur de recherche de cette r\u00e9gion portent un int\u00e9r\u00eat particulier \u00e0 cette richesse au travers d\u2019une activit\u00e9 de recherche pluridisciplinaire, plurielle et soutenue. Cet environnement se caract\u00e9rise \u00e9galement par la volont\u00e9 de ces unit\u00e9s de recherche de construire des synergies en croisant notamment les sciences du num\u00e9rique et les autres disciplines pour mieux r\u00e9pondre aux exigences de la recherche autour du patrimoine. C\u2019est la raison pour laquelle l\u2019UPJV a initi\u00e9 la cr\u00e9ation d\u2019une Structure F\u00e9d\u00e9rative de Recherche sur la th\u00e9matique du Num\u00e9rique et du Patrimoine avec la volont\u00e9 forte de l\u2019ouvrir \u00e0 l\u2019ensemble des unit\u00e9s de recherche de la r\u00e9gion Hauts-de-France et de la Belgique, travaillant sur cette th\u00e9matique.\r\n\r\n<em><strong>Projet scientifique<\/strong><\/em>\r\n\r\nCroiser les recherches en sciences du nume\u0301rique (nume\u0301risation, virtualisation, traitement massif de donne\u0301es, re\u0301alite\u0301 virtuelle, ...) avec les recherches sur le patrimoine qu\u2019il soit mat\u00e9riel ou immat\u00e9riel.\r\n\r\n<em><strong>Objectifs<\/strong><\/em>\r\n\r\nF\u00e9d\u00e9ration et animation scientifique des unit\u00e9s de recherche de la r\u00e9gion sur la th\u00e9matique du num\u00e9rique et du patrimoine.\r\n\r\nCroiser les recherches en sciences du num\u00e9rique (num\u00e9risation, virtualisation, traitement massif de donn\u00e9es, r\u00e9alit\u00e9 virtuelle, \u2026) avec les recherches sur le patrimoine qu\u2019il soit mat\u00e9riel ou immat\u00e9riel.\r\n\r\n\u00c9laborer et mettre en oeuvre une politique scientifique fond\u00e9e sur une coh\u00e9rence et une synergie entre les unit\u00e9s de recherche afin de renforcer la visibilit\u00e9 de l'activit\u00e9 de recherche.\r\n\r\nMobilisation des moyens humains et mat\u00e9riels pour d\u00e9velopper des projets scientifiques f\u00e9d\u00e9rateurs.\r\n\r\nRenforcer les relations avec les acteurs du num\u00e9rique et du patrimoine.\r\n\r\n<em><strong>Structuration scientifique<\/strong><\/em>\r\n\r\nVoici la liste des axes qui structurent la SFR et leurs responsables :\r\n\r\nAxe 1 : Num\u00e9risation-Virtualisation ; Catherine Denys (IRHiS, Lille 3), Guillaume Caron (MIS, UPJV)\r\n\r\nAxe 2 : Structures et ensembles (ing\u00e9nierie des structures et des mat\u00e9riaux) ; El Mustapha Mouaddib (MIS, UPJV)\r\n\r\nAxe 3 : Restitution, reconstitution, repr\u00e9sentation ; Anne Duprat (Cercll, UPJV), Christophe Renaud (LISIC, ULCO), Etienne Hamon (IRHiS, Lille 3), Dominique Paris-Poulain (Trame, UPJV)\r\n\r\nAxe 4 : Bases de donn\u00e9es ; Martine Aubry (IRHiS, Lille 3), Florence Lev\u00e9 (MIS, UPJV)\r\n\r\nAxe 5 : Usages et acteurs ; Dominique Groux (MIS, UPJV), C\u00e9cile Tardy (GERiiCO, Lille 3)<\/pre>\n","protected":false},"excerpt":{"rendered":"<p>Contexte La R\u00e9gion Hauts-de-France est riche en patrimoine architectural, culturel, naturel et industriel. Plusieurs unit\u00e9s de recherche relevant des diff\u00e9rents \u00e9tablissements d\u2019enseignement sup\u00e9rieur de recherche de cette r\u00e9gion portent un int\u00e9r\u00eat particulier \u00e0 cette richesse au travers d\u2019une activit\u00e9 de recherche pluridisciplinaire, plurielle et soutenue. Cet environnement se caract\u00e9rise \u00e9galement par la volont\u00e9 de ces &hellip; <a href=\"https:\/\/home.mis.u-picardie.fr\/~sfr-np\/wordpress\/sample-page\/\" class=\"more-link\">Continuer la lecture<span class=\"screen-reader-text\"> de &laquo;&nbsp;Pr\u00e9sentation&nbsp;&raquo;<\/span><\/a><\/p>\n","protected":false},"author":1,"featured_media":0,"parent":0,"menu_order":0,"comment_status":"closed","ping_status":"open","template":"","meta":{"_monsterinsights_skip_tracking":false,"_monsterinsights_sitenote_active":false,"_monsterinsights_sitenote_note":"","_monsterinsights_sitenote_category":0},"_links":{"self":[{"href":"https:\/\/home.mis.u-picardie.fr\/~sfr-np\/wordpress\/wp-json\/wp\/v2\/pages\/2"}],"collection":[{"href":"https:\/\/home.mis.u-picardie.fr\/~sfr-np\/wordpress\/wp-json\/wp\/v2\/pages"}],"about":[{"href":"https:\/\/home.mis.u-picardie.fr\/~sfr-np\/wordpress\/wp-json\/wp\/v2\/types\/page"}],"author":[{"embeddable":true,"href":"https:\/\/home.mis.u-picardie.fr\/~sfr-np\/wordpress\/wp-json\/wp\/v2\/users\/1"}],"replies":[{"embeddable":true,"href":"https:\/\/home.mis.u-picardie.fr\/~sfr-np\/wordpress\/wp-json\/wp\/v2\/comments?post=2"}],"version-history":[{"count":22,"href":"https:\/\/home.mis.u-picardie.fr\/~sfr-np\/wordpress\/wp-json\/wp\/v2\/pages\/2\/revisions"}],"predecessor-version":[{"id":439,"href":"https:\/\/home.mis.u-picardie.fr\/~sfr-np\/wordpress\/wp-json\/wp\/v2\/pages\/2\/revisions\/439"}],"wp:attachment":[{"href":"https:\/\/home.mis.u-picardie.fr\/~sfr-np\/wordpress\/wp-json\/wp\/v2\/media?parent=2"}],"curies":[{"name":"wp","href":"https:\/\/api.w.org\/{rel}","templated":true}]}}