{"id":28,"date":"2017-12-12T10:59:22","date_gmt":"2017-12-12T10:59:22","guid":{"rendered":"https:\/\/home.mis.u-picardie.fr\/~sfr-np\/wordpress\/?page_id=28"},"modified":"2018-06-26T12:28:36","modified_gmt":"2018-06-26T12:28:36","slug":"ressources","status":"publish","type":"page","link":"https:\/\/home.mis.u-picardie.fr\/~sfr-np\/wordpress\/ressources\/","title":{"rendered":"Comptes rendus, liens, &#8230;"},"content":{"rendered":"<p>&nbsp;<\/p>\n<pre><strong>                      Formation Photogramm\u00e9trie\r\n<\/strong>\r\nL'axe Num\u00e9risation de la SFR a organis\u00e9 une formation \u00e0 la photogramm\u00e9trie du 18 au 19 juin 2018 \u00e0 Amiens. Liste des intervenants : Mme Raphaa\u00eble Heno (IGN), M. Takeshi O\u00efchi (The university of Tokyo), M. Guillaume Caron, M. Jordan Caracote et M. Thibault Potin (UPJV). Le programme est disponible <a href=\"https:\/\/home.mis.u-picardie.fr\/~sfr-np\/wordpress\/wp-content\/uploads\/2018\/06\/2018_06_06_Photogrammetrie_programme_logiciel.pdf\">ici<\/a>.\r\n<strong>                           Retour en images<\/strong>\r\n\r\nExpos\u00e9 de Mme Rapha\u00eble H\u00e9no (IGN)\r\n\r\n<img loading=\"lazy\" class=\"alignnone size-medium wp-image-324 aligncenter\" src=\"https:\/\/home.mis.u-picardie.fr\/~sfr-np\/wordpress\/wp-content\/uploads\/2018\/06\/20180618_105638-300x169.jpg\" alt=\"\" width=\"300\" height=\"169\" srcset=\"https:\/\/home.mis.u-picardie.fr\/~sfr-np\/wordpress\/wp-content\/uploads\/2018\/06\/20180618_105638-300x169.jpg 300w, https:\/\/home.mis.u-picardie.fr\/~sfr-np\/wordpress\/wp-content\/uploads\/2018\/06\/20180618_105638-768x432.jpg 768w, https:\/\/home.mis.u-picardie.fr\/~sfr-np\/wordpress\/wp-content\/uploads\/2018\/06\/20180618_105638-1024x576.jpg 1024w, https:\/\/home.mis.u-picardie.fr\/~sfr-np\/wordpress\/wp-content\/uploads\/2018\/06\/20180618_105638-1200x675.jpg 1200w\" sizes=\"(max-width: 300px) 85vw, 300px\" \/>\r\n\r\n<img loading=\"lazy\" class=\"size-medium wp-image-323 aligncenter\" src=\"https:\/\/home.mis.u-picardie.fr\/~sfr-np\/wordpress\/wp-content\/uploads\/2018\/06\/20180618_100930-300x169.jpg\" alt=\"\" width=\"300\" height=\"169\" srcset=\"https:\/\/home.mis.u-picardie.fr\/~sfr-np\/wordpress\/wp-content\/uploads\/2018\/06\/20180618_100930-300x169.jpg 300w, https:\/\/home.mis.u-picardie.fr\/~sfr-np\/wordpress\/wp-content\/uploads\/2018\/06\/20180618_100930-768x432.jpg 768w, https:\/\/home.mis.u-picardie.fr\/~sfr-np\/wordpress\/wp-content\/uploads\/2018\/06\/20180618_100930-1024x576.jpg 1024w, https:\/\/home.mis.u-picardie.fr\/~sfr-np\/wordpress\/wp-content\/uploads\/2018\/06\/20180618_100930-1200x675.jpg 1200w\" sizes=\"(max-width: 300px) 85vw, 300px\" \/>\r\n\r\nExpos\u00e9 de M. Takeshi Oichi (The University of Tokyo)\r\n<img loading=\"lazy\" class=\"alignnone size-medium wp-image-325 aligncenter\" src=\"https:\/\/home.mis.u-picardie.fr\/~sfr-np\/wordpress\/wp-content\/uploads\/2018\/06\/20180618_113347-300x169.jpg\" alt=\"\" width=\"300\" height=\"169\" srcset=\"https:\/\/home.mis.u-picardie.fr\/~sfr-np\/wordpress\/wp-content\/uploads\/2018\/06\/20180618_113347-300x169.jpg 300w, https:\/\/home.mis.u-picardie.fr\/~sfr-np\/wordpress\/wp-content\/uploads\/2018\/06\/20180618_113347-768x432.jpg 768w, https:\/\/home.mis.u-picardie.fr\/~sfr-np\/wordpress\/wp-content\/uploads\/2018\/06\/20180618_113347-1024x576.jpg 1024w, https:\/\/home.mis.u-picardie.fr\/~sfr-np\/wordpress\/wp-content\/uploads\/2018\/06\/20180618_113347-1200x675.jpg 1200w\" sizes=\"(max-width: 300px) 85vw, 300px\" \/>\r\n\r\nTravaux pratiques : prise d'images et de mesure (Eglise Saint Germain)\r\n<img loading=\"lazy\" class=\"alignnone size-medium wp-image-327 aligncenter\" src=\"https:\/\/home.mis.u-picardie.fr\/~sfr-np\/wordpress\/wp-content\/uploads\/2018\/06\/IMG_5431-300x225.jpg\" alt=\"\" width=\"300\" height=\"225\" srcset=\"https:\/\/home.mis.u-picardie.fr\/~sfr-np\/wordpress\/wp-content\/uploads\/2018\/06\/IMG_5431-300x225.jpg 300w, https:\/\/home.mis.u-picardie.fr\/~sfr-np\/wordpress\/wp-content\/uploads\/2018\/06\/IMG_5431-768x576.jpg 768w, https:\/\/home.mis.u-picardie.fr\/~sfr-np\/wordpress\/wp-content\/uploads\/2018\/06\/IMG_5431-1024x768.jpg 1024w, https:\/\/home.mis.u-picardie.fr\/~sfr-np\/wordpress\/wp-content\/uploads\/2018\/06\/IMG_5431-1200x900.jpg 1200w\" sizes=\"(max-width: 300px) 85vw, 300px\" \/>\r\nR\u00e9sultats de reconstruction par photogramm\u00e9trie.\r\n<img loading=\"lazy\" class=\"alignnone size-medium wp-image-326 aligncenter\" style=\"font-family: Merriweather, Georgia, serif;\" src=\"https:\/\/home.mis.u-picardie.fr\/~sfr-np\/wordpress\/wp-content\/uploads\/2018\/06\/oblique-259x300.png\" alt=\"\" width=\"259\" height=\"300\" srcset=\"https:\/\/home.mis.u-picardie.fr\/~sfr-np\/wordpress\/wp-content\/uploads\/2018\/06\/oblique-259x300.png 259w, https:\/\/home.mis.u-picardie.fr\/~sfr-np\/wordpress\/wp-content\/uploads\/2018\/06\/oblique-768x890.png 768w, https:\/\/home.mis.u-picardie.fr\/~sfr-np\/wordpress\/wp-content\/uploads\/2018\/06\/oblique-884x1024.png 884w, https:\/\/home.mis.u-picardie.fr\/~sfr-np\/wordpress\/wp-content\/uploads\/2018\/06\/oblique-1200x1390.png 1200w, https:\/\/home.mis.u-picardie.fr\/~sfr-np\/wordpress\/wp-content\/uploads\/2018\/06\/oblique.png 1238w\" sizes=\"(max-width: 259px) 85vw, 259px\" \/><\/pre>\n<pre><strong>                       Journ\u00e9e de lancement de la SFR (19\/01\/2017)<\/strong> \r\n\r\nLa journ\u00e9e de lancement de la SFR Num\u00e9rique et Patrimoine a eu lieu le vendredi 19 janvier 2018 dans les locaux de la DRAC \u00e0 Amiens (5, Rue Henri Daussy). \r\n \r\n<a href=\"https:\/\/home.mis.u-picardie.fr\/~sfr-np\/wordpress\/wp-content\/uploads\/2018\/01\/Prog-Journe%CC%81e-SFR-NP.pdf\">Cliquer ici pour t\u00e9l\u00e9charger le programme<\/a>.\r\n\r\nElle a rassembl\u00e9 pr\u00e8s de 60 personnes. \r\n<a href=\"https:\/\/home.mis.u-picardie.fr\/~sfr-np\/wordpress\/wp-content\/uploads\/2018\/01\/ListeInscrits.pdf\"><strong>Liste des pr\u00e9sents<\/strong><\/a>\r\n\r\n<strong>Supports des pr\u00e9sentations et posters <\/strong> :\r\n\r\n<em>Pr\u00e9sentations <\/em>\r\n\r\n<a href=\"https:\/\/home.mis.u-picardie.fr\/~sfr-np\/wordpress\/wp-content\/uploads\/2018\/01\/DRAC-Frederic-Nowicki.pdf\">Patrimoine, num\u00e9rique et innovation en Hauts de France. Fr\u00e9d\u00e9ric Nowicki, Charg\u00e9 de mission \u00ab Num\u00e9rique \u00bb, Minist\u00e8re de la Culture, Drac Hauts-de-France.<\/a>  \r\n\r\n<a href=\"https:\/\/home.mis.u-picardie.fr\/~sfr-np\/wordpress\/wp-content\/uploads\/2018\/01\/HN-Text-Amiens_small-Thomas-Lebare\u0301.pdf\">Patrimoine et Humanit\u00e9s Num\u00e9riques Textuelles : des infrastructures aux projets, nouvelles perspectives litt\u00e9raires, Thomas Lebarb\u00e9, Coordinateur du consortium CAHIER de la TGIR Huma-Num.<\/a>\r\n\r\n<a href=\"https:\/\/home.mis.u-picardie.fr\/~sfr-np\/wordpress\/wp-content\/uploads\/2018\/01\/SFR-AMIENS_Patrick-Callet-BR.pdf\">Des spectres dans la basilique et des bronzes dans les temples. Simulation spectrale pour le patrimoine, Patrick Callet, Chercheur au CAOR, Mines-ParisTech.<\/a>\r\n\r\n<a href=\"https:\/\/home.mis.u-picardie.fr\/~sfr-np\/wordpress\/wp-content\/uploads\/2018\/02\/E-magICC-Janvier2018.pdf\">R\u00e9seau th\u00e9matique et strat\u00e9gique : E-magICC, Christophe Chaillou, COMUE LNF, Lille.<\/a>\r\n\r\n<a href=\"https:\/\/home.mis.u-picardie.fr\/~sfr-np\/wordpress\/wp-content\/uploads\/2018\/02\/PatrimoineNumeriqueComueLille.pdf\">Etat des lieux COMUE Lille-Nord de France, Catherine Denys, IRHIS, Lille.<\/a>\r\n\r\n\r\n<em>Posters<\/em> \r\n\r\n<a href=\"https:\/\/home.mis.u-picardie.fr\/~sfr-np\/wordpress\/wp-content\/uploads\/2018\/01\/AniAge-SFR-Poster-BR.pdf\">Base de Donn\u00e9es H\u00e9t\u00e9rog\u00e8nes \u00e0 grande \u00e9chelle et Techniques d'Animation pour la sauvegarde du patrimoine culturel immat\u00e9riel de l'Asie du Sud-Est, Karim Rabia, CRIL-Lens.<\/a>\r\n\r\n<a href=\"https:\/\/home.mis.u-picardie.fr\/~sfr-np\/wordpress\/wp-content\/uploads\/2018\/01\/posterPND-BR.pdf\">Le Pont Notre Dame en 1720, LISIC, IRHiS, CREHS.<\/a>\r\n\r\n<a href=\"https:\/\/home.mis.u-picardie.fr\/~sfr-np\/wordpress\/wp-content\/uploads\/2018\/01\/Poster-SFR-Patrimoine-EDYSAN.pdf\">Ecologie et Dynamique des Syst\u00e8mes Anthropis\u00e9s et les patrimoines, Guillaume Decocq, EDYSAN-UPJV.<\/a>\r\n\r\n<a href=\"https:\/\/home.mis.u-picardie.fr\/~sfr-np\/wordpress\/wp-content\/uploads\/2018\/01\/De\u0301composition-et-recomposition-nume\u0301rique.pdf\">D\u00e9construction\/Reconstitution d\u2019un feuillet appartenant \u00e0 un Livre d\u2019Heures m\u00e9di\u00e9val (Amiens, BM, ms. 107, folio 1v), Dominique Poulain-Paris, Trame-UPJV<\/a>.\r\n\r\n<a href=\"https:\/\/home.mis.u-picardie.fr\/~sfr-np\/wordpress\/wp-content\/uploads\/2018\/01\/Poster_MLejeune-BR.pdf\">Num\u00e9risation et mod\u00e9lisation 3D de la fl\u00e8che de la cath\u00e9drale de Senlis (XIIIe si\u00e8cle), Mathieu Lejeune, Centre Andr\u00e9 Chastel et G\u00e9nie des syst\u00e8mes urbains, UTC<\/a>\r\n\r\n<a href=\"https:\/\/home.mis.u-picardie.fr\/~sfr-np\/wordpress\/wp-content\/uploads\/2018\/01\/PosterDNI-ChReffait.pdf\">Description\/Narration\/Image (dir. Christophe Reffait) Projet \u00e9mergent MESHS\/UPJV-CERCL<\/a>.\r\n\r\n<a href=\"https:\/\/home.mis.u-picardie.fr\/~sfr-np\/wordpress\/wp-content\/uploads\/2018\/01\/2018-sfr-algomus.pdf\">Fugues et formes sonates, analyse informatique de corpus musicaux, Florence Lev\u00e9, MIS (UPJV) et Mathieu Giraud, CRIStAL (U. Lille)<\/a>\r\n\r\n\r\n<strong>Photographies<\/strong> :\r\n<em>Ouverture<\/em><\/pre>\n<div id='gallery-1' class='gallery galleryid-28 gallery-columns-3 gallery-size-thumbnail'><figure class='gallery-item'>\n\t\t\t<div class='gallery-icon landscape'>\n\t\t\t\t<a href='https:\/\/home.mis.u-picardie.fr\/~sfr-np\/wordpress\/ressources\/20180119_095819\/'><img width=\"150\" height=\"150\" src=\"https:\/\/home.mis.u-picardie.fr\/~sfr-np\/wordpress\/wp-content\/uploads\/2018\/01\/20180119_095819-150x150.jpg\" class=\"attachment-thumbnail size-thumbnail\" alt=\"\" loading=\"lazy\" \/><\/a>\n\t\t\t<\/div><\/figure>\n\t\t<\/div>\n\n<pre><em>Expos\u00e9s invit\u00e9s<\/em><\/pre>\n<div id='gallery-2' class='gallery galleryid-28 gallery-columns-3 gallery-size-thumbnail'><figure class='gallery-item'>\n\t\t\t<div class='gallery-icon landscape'>\n\t\t\t\t<a href='https:\/\/home.mis.u-picardie.fr\/~sfr-np\/wordpress\/ressources\/img_4945\/'><img width=\"150\" height=\"150\" src=\"https:\/\/home.mis.u-picardie.fr\/~sfr-np\/wordpress\/wp-content\/uploads\/2018\/01\/IMG_4945-150x150.jpg\" class=\"attachment-thumbnail size-thumbnail\" alt=\"\" loading=\"lazy\" \/><\/a>\n\t\t\t<\/div><\/figure><figure class='gallery-item'>\n\t\t\t<div class='gallery-icon landscape'>\n\t\t\t\t<a href='https:\/\/home.mis.u-picardie.fr\/~sfr-np\/wordpress\/ressources\/img_4947\/'><img width=\"150\" height=\"150\" src=\"https:\/\/home.mis.u-picardie.fr\/~sfr-np\/wordpress\/wp-content\/uploads\/2018\/01\/IMG_4947-150x150.jpg\" class=\"attachment-thumbnail size-thumbnail\" alt=\"\" loading=\"lazy\" \/><\/a>\n\t\t\t<\/div><\/figure><figure class='gallery-item'>\n\t\t\t<div class='gallery-icon landscape'>\n\t\t\t\t<a href='https:\/\/home.mis.u-picardie.fr\/~sfr-np\/wordpress\/ressources\/img_4949\/'><img width=\"150\" height=\"150\" src=\"https:\/\/home.mis.u-picardie.fr\/~sfr-np\/wordpress\/wp-content\/uploads\/2018\/01\/IMG_4949-150x150.jpg\" class=\"attachment-thumbnail size-thumbnail\" alt=\"\" loading=\"lazy\" \/><\/a>\n\t\t\t<\/div><\/figure>\n\t\t<\/div>\n\n<pre><em>Posters, pauses, ...<\/em><\/pre>\n<div id='gallery-3' class='gallery galleryid-28 gallery-columns-3 gallery-size-thumbnail'><figure class='gallery-item'>\n\t\t\t<div class='gallery-icon landscape'>\n\t\t\t\t<a href='https:\/\/home.mis.u-picardie.fr\/~sfr-np\/wordpress\/ressources\/dscf0076\/'><img width=\"150\" height=\"150\" src=\"https:\/\/home.mis.u-picardie.fr\/~sfr-np\/wordpress\/wp-content\/uploads\/2018\/01\/DSCF0076-150x150.jpg\" class=\"attachment-thumbnail size-thumbnail\" alt=\"\" loading=\"lazy\" \/><\/a>\n\t\t\t<\/div><\/figure><figure class='gallery-item'>\n\t\t\t<div class='gallery-icon landscape'>\n\t\t\t\t<a href='https:\/\/home.mis.u-picardie.fr\/~sfr-np\/wordpress\/ressources\/dscf0079\/'><img width=\"150\" height=\"150\" src=\"https:\/\/home.mis.u-picardie.fr\/~sfr-np\/wordpress\/wp-content\/uploads\/2018\/01\/DSCF0079-150x150.jpg\" class=\"attachment-thumbnail size-thumbnail\" alt=\"\" loading=\"lazy\" \/><\/a>\n\t\t\t<\/div><\/figure><figure class='gallery-item'>\n\t\t\t<div class='gallery-icon landscape'>\n\t\t\t\t<a href='https:\/\/home.mis.u-picardie.fr\/~sfr-np\/wordpress\/ressources\/dscf0078\/'><img width=\"150\" height=\"150\" src=\"https:\/\/home.mis.u-picardie.fr\/~sfr-np\/wordpress\/wp-content\/uploads\/2018\/01\/DSCF0078-150x150.jpg\" class=\"attachment-thumbnail size-thumbnail\" alt=\"\" loading=\"lazy\" \/><\/a>\n\t\t\t<\/div><\/figure><figure class='gallery-item'>\n\t\t\t<div class='gallery-icon landscape'>\n\t\t\t\t<a href='https:\/\/home.mis.u-picardie.fr\/~sfr-np\/wordpress\/ressources\/dscf0080\/'><img width=\"150\" height=\"150\" src=\"https:\/\/home.mis.u-picardie.fr\/~sfr-np\/wordpress\/wp-content\/uploads\/2018\/01\/DSCF0080-150x150.jpg\" class=\"attachment-thumbnail size-thumbnail\" alt=\"\" loading=\"lazy\" \/><\/a>\n\t\t\t<\/div><\/figure><figure class='gallery-item'>\n\t\t\t<div class='gallery-icon landscape'>\n\t\t\t\t<a href='https:\/\/home.mis.u-picardie.fr\/~sfr-np\/wordpress\/ressources\/dscf0082\/'><img width=\"150\" height=\"150\" src=\"https:\/\/home.mis.u-picardie.fr\/~sfr-np\/wordpress\/wp-content\/uploads\/2018\/01\/DSCF0082-150x150.jpg\" class=\"attachment-thumbnail size-thumbnail\" alt=\"\" loading=\"lazy\" srcset=\"https:\/\/home.mis.u-picardie.fr\/~sfr-np\/wordpress\/wp-content\/uploads\/2018\/01\/DSCF0082-150x150.jpg 150w, https:\/\/home.mis.u-picardie.fr\/~sfr-np\/wordpress\/wp-content\/uploads\/2018\/01\/DSCF0082-300x300.jpg 300w, https:\/\/home.mis.u-picardie.fr\/~sfr-np\/wordpress\/wp-content\/uploads\/2018\/01\/DSCF0082-768x768.jpg 768w, https:\/\/home.mis.u-picardie.fr\/~sfr-np\/wordpress\/wp-content\/uploads\/2018\/01\/DSCF0082-1024x1024.jpg 1024w, https:\/\/home.mis.u-picardie.fr\/~sfr-np\/wordpress\/wp-content\/uploads\/2018\/01\/DSCF0082-1200x1200.jpg 1200w\" sizes=\"(max-width: 150px) 85vw, 150px\" \/><\/a>\n\t\t\t<\/div><\/figure><figure class='gallery-item'>\n\t\t\t<div class='gallery-icon landscape'>\n\t\t\t\t<a href='https:\/\/home.mis.u-picardie.fr\/~sfr-np\/wordpress\/ressources\/dscf0081\/'><img width=\"150\" height=\"150\" src=\"https:\/\/home.mis.u-picardie.fr\/~sfr-np\/wordpress\/wp-content\/uploads\/2018\/01\/DSCF0081-150x150.jpg\" class=\"attachment-thumbnail size-thumbnail\" alt=\"\" loading=\"lazy\" srcset=\"https:\/\/home.mis.u-picardie.fr\/~sfr-np\/wordpress\/wp-content\/uploads\/2018\/01\/DSCF0081-150x150.jpg 150w, https:\/\/home.mis.u-picardie.fr\/~sfr-np\/wordpress\/wp-content\/uploads\/2018\/01\/DSCF0081-300x300.jpg 300w, https:\/\/home.mis.u-picardie.fr\/~sfr-np\/wordpress\/wp-content\/uploads\/2018\/01\/DSCF0081-768x768.jpg 768w, https:\/\/home.mis.u-picardie.fr\/~sfr-np\/wordpress\/wp-content\/uploads\/2018\/01\/DSCF0081-1024x1024.jpg 1024w, https:\/\/home.mis.u-picardie.fr\/~sfr-np\/wordpress\/wp-content\/uploads\/2018\/01\/DSCF0081-1200x1200.jpg 1200w\" sizes=\"(max-width: 150px) 85vw, 150px\" \/><\/a>\n\t\t\t<\/div><\/figure><figure class='gallery-item'>\n\t\t\t<div class='gallery-icon landscape'>\n\t\t\t\t<a href='https:\/\/home.mis.u-picardie.fr\/~sfr-np\/wordpress\/ressources\/dscf0083\/'><img width=\"150\" height=\"150\" src=\"https:\/\/home.mis.u-picardie.fr\/~sfr-np\/wordpress\/wp-content\/uploads\/2018\/01\/DSCF0083-150x150.jpg\" class=\"attachment-thumbnail size-thumbnail\" alt=\"\" loading=\"lazy\" srcset=\"https:\/\/home.mis.u-picardie.fr\/~sfr-np\/wordpress\/wp-content\/uploads\/2018\/01\/DSCF0083-150x150.jpg 150w, https:\/\/home.mis.u-picardie.fr\/~sfr-np\/wordpress\/wp-content\/uploads\/2018\/01\/DSCF0083-300x300.jpg 300w, https:\/\/home.mis.u-picardie.fr\/~sfr-np\/wordpress\/wp-content\/uploads\/2018\/01\/DSCF0083-768x768.jpg 768w, https:\/\/home.mis.u-picardie.fr\/~sfr-np\/wordpress\/wp-content\/uploads\/2018\/01\/DSCF0083-1024x1024.jpg 1024w, https:\/\/home.mis.u-picardie.fr\/~sfr-np\/wordpress\/wp-content\/uploads\/2018\/01\/DSCF0083-1200x1200.jpg 1200w\" sizes=\"(max-width: 150px) 85vw, 150px\" \/><\/a>\n\t\t\t<\/div><\/figure><figure class='gallery-item'>\n\t\t\t<div class='gallery-icon landscape'>\n\t\t\t\t<a href='https:\/\/home.mis.u-picardie.fr\/~sfr-np\/wordpress\/ressources\/dscf0084\/'><img width=\"150\" height=\"150\" src=\"https:\/\/home.mis.u-picardie.fr\/~sfr-np\/wordpress\/wp-content\/uploads\/2018\/01\/DSCF0084-150x150.jpg\" class=\"attachment-thumbnail size-thumbnail\" alt=\"\" loading=\"lazy\" srcset=\"https:\/\/home.mis.u-picardie.fr\/~sfr-np\/wordpress\/wp-content\/uploads\/2018\/01\/DSCF0084-150x150.jpg 150w, https:\/\/home.mis.u-picardie.fr\/~sfr-np\/wordpress\/wp-content\/uploads\/2018\/01\/DSCF0084-300x300.jpg 300w, https:\/\/home.mis.u-picardie.fr\/~sfr-np\/wordpress\/wp-content\/uploads\/2018\/01\/DSCF0084-768x768.jpg 768w, https:\/\/home.mis.u-picardie.fr\/~sfr-np\/wordpress\/wp-content\/uploads\/2018\/01\/DSCF0084-1024x1024.jpg 1024w, https:\/\/home.mis.u-picardie.fr\/~sfr-np\/wordpress\/wp-content\/uploads\/2018\/01\/DSCF0084-1200x1200.jpg 1200w\" sizes=\"(max-width: 150px) 85vw, 150px\" \/><\/a>\n\t\t\t<\/div><\/figure><figure class='gallery-item'>\n\t\t\t<div class='gallery-icon landscape'>\n\t\t\t\t<a href='https:\/\/home.mis.u-picardie.fr\/~sfr-np\/wordpress\/ressources\/dscf0085\/'><img width=\"150\" height=\"150\" src=\"https:\/\/home.mis.u-picardie.fr\/~sfr-np\/wordpress\/wp-content\/uploads\/2018\/01\/DSCF0085-150x150.jpg\" class=\"attachment-thumbnail size-thumbnail\" alt=\"\" loading=\"lazy\" \/><\/a>\n\t\t\t<\/div><\/figure><figure class='gallery-item'>\n\t\t\t<div class='gallery-icon landscape'>\n\t\t\t\t<a href='https:\/\/home.mis.u-picardie.fr\/~sfr-np\/wordpress\/ressources\/dscf0086\/'><img width=\"150\" height=\"150\" src=\"https:\/\/home.mis.u-picardie.fr\/~sfr-np\/wordpress\/wp-content\/uploads\/2018\/01\/DSCF0086-150x150.jpg\" class=\"attachment-thumbnail size-thumbnail\" alt=\"\" loading=\"lazy\" \/><\/a>\n\t\t\t<\/div><\/figure><figure class='gallery-item'>\n\t\t\t<div class='gallery-icon landscape'>\n\t\t\t\t<a href='https:\/\/home.mis.u-picardie.fr\/~sfr-np\/wordpress\/ressources\/dscf0102\/'><img width=\"150\" height=\"150\" src=\"https:\/\/home.mis.u-picardie.fr\/~sfr-np\/wordpress\/wp-content\/uploads\/2018\/01\/DSCF0102-150x150.jpg\" class=\"attachment-thumbnail size-thumbnail\" alt=\"\" loading=\"lazy\" \/><\/a>\n\t\t\t<\/div><\/figure><figure class='gallery-item'>\n\t\t\t<div class='gallery-icon landscape'>\n\t\t\t\t<a href='https:\/\/home.mis.u-picardie.fr\/~sfr-np\/wordpress\/ressources\/dscf0103\/'><img width=\"150\" height=\"150\" src=\"https:\/\/home.mis.u-picardie.fr\/~sfr-np\/wordpress\/wp-content\/uploads\/2018\/01\/DSCF0103-150x150.jpg\" class=\"attachment-thumbnail size-thumbnail\" alt=\"\" loading=\"lazy\" \/><\/a>\n\t\t\t<\/div><\/figure>\n\t\t<\/div>\n\n<pre><em>Pr\u00e9sentation de la SFR :<\/em><\/pre>\n<div id='gallery-4' class='gallery galleryid-28 gallery-columns-3 gallery-size-thumbnail'><figure class='gallery-item'>\n\t\t\t<div class='gallery-icon landscape'>\n\t\t\t\t<a href='https:\/\/home.mis.u-picardie.fr\/~sfr-np\/wordpress\/ressources\/dscf0091\/'><img width=\"150\" height=\"150\" src=\"https:\/\/home.mis.u-picardie.fr\/~sfr-np\/wordpress\/wp-content\/uploads\/2018\/01\/DSCF0091-150x150.jpg\" class=\"attachment-thumbnail size-thumbnail\" alt=\"\" loading=\"lazy\" srcset=\"https:\/\/home.mis.u-picardie.fr\/~sfr-np\/wordpress\/wp-content\/uploads\/2018\/01\/DSCF0091-150x150.jpg 150w, https:\/\/home.mis.u-picardie.fr\/~sfr-np\/wordpress\/wp-content\/uploads\/2018\/01\/DSCF0091-300x300.jpg 300w, https:\/\/home.mis.u-picardie.fr\/~sfr-np\/wordpress\/wp-content\/uploads\/2018\/01\/DSCF0091-768x768.jpg 768w, https:\/\/home.mis.u-picardie.fr\/~sfr-np\/wordpress\/wp-content\/uploads\/2018\/01\/DSCF0091-1024x1024.jpg 1024w, https:\/\/home.mis.u-picardie.fr\/~sfr-np\/wordpress\/wp-content\/uploads\/2018\/01\/DSCF0091-1200x1200.jpg 1200w\" sizes=\"(max-width: 150px) 85vw, 150px\" \/><\/a>\n\t\t\t<\/div><\/figure><figure class='gallery-item'>\n\t\t\t<div class='gallery-icon landscape'>\n\t\t\t\t<a href='https:\/\/home.mis.u-picardie.fr\/~sfr-np\/wordpress\/ressources\/dscf0095\/'><img width=\"150\" height=\"150\" src=\"https:\/\/home.mis.u-picardie.fr\/~sfr-np\/wordpress\/wp-content\/uploads\/2018\/01\/DSCF0095-150x150.jpg\" class=\"attachment-thumbnail size-thumbnail\" alt=\"\" loading=\"lazy\" srcset=\"https:\/\/home.mis.u-picardie.fr\/~sfr-np\/wordpress\/wp-content\/uploads\/2018\/01\/DSCF0095-150x150.jpg 150w, https:\/\/home.mis.u-picardie.fr\/~sfr-np\/wordpress\/wp-content\/uploads\/2018\/01\/DSCF0095-300x300.jpg 300w, https:\/\/home.mis.u-picardie.fr\/~sfr-np\/wordpress\/wp-content\/uploads\/2018\/01\/DSCF0095-768x768.jpg 768w, https:\/\/home.mis.u-picardie.fr\/~sfr-np\/wordpress\/wp-content\/uploads\/2018\/01\/DSCF0095-1024x1024.jpg 1024w, https:\/\/home.mis.u-picardie.fr\/~sfr-np\/wordpress\/wp-content\/uploads\/2018\/01\/DSCF0095-1200x1200.jpg 1200w\" sizes=\"(max-width: 150px) 85vw, 150px\" \/><\/a>\n\t\t\t<\/div><\/figure><figure class='gallery-item'>\n\t\t\t<div class='gallery-icon landscape'>\n\t\t\t\t<a href='https:\/\/home.mis.u-picardie.fr\/~sfr-np\/wordpress\/ressources\/img_4950\/'><img width=\"150\" height=\"150\" src=\"https:\/\/home.mis.u-picardie.fr\/~sfr-np\/wordpress\/wp-content\/uploads\/2018\/01\/IMG_4950-150x150.jpg\" class=\"attachment-thumbnail size-thumbnail\" alt=\"\" loading=\"lazy\" \/><\/a>\n\t\t\t<\/div><\/figure>\n\t\t<\/div>\n\n<pre><\/pre>\n<pre>R\u00e9union du 16 mars 2017 : - <a href=\"https:\/\/home.mis.u-picardie.fr\/~sfr-np\/wordpress\/wp-content\/uploads\/2017\/12\/CR-re\u0301union-SFR-16-mars-17.pdf\" target=\"_blank\" rel=\"noopener\">A t\u00e9l\u00e9charger ici.<\/a><\/pre>\n","protected":false},"excerpt":{"rendered":"<p>&nbsp; Formation Photogramm\u00e9trie L&rsquo;axe Num\u00e9risation de la SFR a organis\u00e9 une formation \u00e0 la photogramm\u00e9trie du 18 au 19 juin 2018 \u00e0 Amiens. Liste des intervenants : Mme Raphaa\u00eble Heno (IGN), M. Takeshi O\u00efchi (The university of Tokyo), M. Guillaume Caron, M. Jordan Caracote et M. Thibault Potin (UPJV). Le programme est disponible ici. Retour &hellip; <a href=\"https:\/\/home.mis.u-picardie.fr\/~sfr-np\/wordpress\/ressources\/\" class=\"more-link\">Continuer la lecture<span class=\"screen-reader-text\"> de &laquo;&nbsp;Comptes rendus, liens, &#8230;&nbsp;&raquo;<\/span><\/a><\/p>\n","protected":false},"author":1,"featured_media":0,"parent":0,"menu_order":0,"comment_status":"closed","ping_status":"closed","template":"","meta":{"_monsterinsights_skip_tracking":false,"_monsterinsights_sitenote_active":false,"_monsterinsights_sitenote_note":"","_monsterinsights_sitenote_category":0},"_links":{"self":[{"href":"https:\/\/home.mis.u-picardie.fr\/~sfr-np\/wordpress\/wp-json\/wp\/v2\/pages\/28"}],"collection":[{"href":"https:\/\/home.mis.u-picardie.fr\/~sfr-np\/wordpress\/wp-json\/wp\/v2\/pages"}],"about":[{"href":"https:\/\/home.mis.u-picardie.fr\/~sfr-np\/wordpress\/wp-json\/wp\/v2\/types\/page"}],"author":[{"embeddable":true,"href":"https:\/\/home.mis.u-picardie.fr\/~sfr-np\/wordpress\/wp-json\/wp\/v2\/users\/1"}],"replies":[{"embeddable":true,"href":"https:\/\/home.mis.u-picardie.fr\/~sfr-np\/wordpress\/wp-json\/wp\/v2\/comments?post=28"}],"version-history":[{"count":51,"href":"https:\/\/home.mis.u-picardie.fr\/~sfr-np\/wordpress\/wp-json\/wp\/v2\/pages\/28\/revisions"}],"predecessor-version":[{"id":329,"href":"https:\/\/home.mis.u-picardie.fr\/~sfr-np\/wordpress\/wp-json\/wp\/v2\/pages\/28\/revisions\/329"}],"wp:attachment":[{"href":"https:\/\/home.mis.u-picardie.fr\/~sfr-np\/wordpress\/wp-json\/wp\/v2\/media?parent=28"}],"curies":[{"name":"wp","href":"https:\/\/api.w.org\/{rel}","templated":true}]}}