{"id":338,"date":"2018-08-20T10:21:02","date_gmt":"2018-08-20T10:21:02","guid":{"rendered":"https:\/\/home.mis.u-picardie.fr\/~sfr-np\/wordpress\/?page_id=338"},"modified":"2018-10-22T20:48:07","modified_gmt":"2018-10-22T20:48:07","slug":"inscription","status":"publish","type":"page","link":"https:\/\/home.mis.u-picardie.fr\/~sfr-np\/wordpress\/inscription\/","title":{"rendered":"Adh\u00e9sion \u00e0 la SFR NP"},"content":{"rendered":"<pre>L'adh\u00e9sion \u00e0 la SFR Num\u00e9rique et Patrimoine se fait en remplissant le formulaire d'inscription ci-dessous.\r\n\r\nAu pr\u00e9alable, il faut que votre structure d'appartenance soit membre de la SFR. La liste d\u00e9roulante (voir formulaire) mentionne les structures d\u00e9j\u00e0 membres de la SFR. Si votre structure n'est pas pr\u00e9sente dans la liste, merci de contacter votre responsable pour qu'il fasse le n\u00e9cessaire aupr\u00e8s de la SFR.\r\n\r\nDans le cas o\u00f9 votre structure est d\u00e9j\u00e0 membre de la SFR, un courrier d'information sera envoy\u00e9 automatiquement \u00e0 son directeur.\r\n\r\nLa confirmation de votre inscription vous sera notifi\u00e9e par mail.\r\n\r\nNous vous remercions de l'int\u00e9r\u00eat que vous portez \u00e0 la SFR Num\u00e9rique et Patrimoine et nous restons \u00e0 votre disponibilit\u00e9 pour de plus amples informations.<\/pre>\n<pre>\r\n<div role=\"form\" class=\"wpcf7\" id=\"wpcf7-f349-o1\" lang=\"fr-FR\" dir=\"ltr\">\n<div class=\"screen-reader-response\"><\/div>\n<form action=\"\/~sfr-np\/wordpress\/wp-json\/wp\/v2\/pages\/338#wpcf7-f349-o1\" method=\"post\" class=\"wpcf7-form\" novalidate=\"novalidate\">\n<div style=\"display: none;\">\n<input type=\"hidden\" name=\"_wpcf7\" value=\"349\" \/>\n<input type=\"hidden\" name=\"_wpcf7_version\" value=\"5.0.4\" \/>\n<input type=\"hidden\" name=\"_wpcf7_locale\" value=\"fr_FR\" \/>\n<input type=\"hidden\" name=\"_wpcf7_unit_tag\" value=\"wpcf7-f349-o1\" \/>\n<input type=\"hidden\" name=\"_wpcf7_container_post\" value=\"0\" \/>\n<\/div>\n<p><label> Votre nom (obligatoire)<br \/>\n    <span class=\"wpcf7-form-control-wrap your-name\"><input type=\"text\" name=\"your-name\" value=\"\" size=\"40\" class=\"wpcf7-form-control wpcf7-text wpcf7-validates-as-required\" aria-required=\"true\" aria-invalid=\"false\" \/><\/span> <\/label><\/p>\n<p><label> Votre pr\u00e9nom (obligatoire)<br \/>\n    <span class=\"wpcf7-form-control-wrap your-first-name\"><input type=\"text\" name=\"your-first-name\" value=\"\" size=\"40\" class=\"wpcf7-form-control wpcf7-text wpcf7-validates-as-required\" aria-required=\"true\" aria-invalid=\"false\" \/><\/span> <\/label><\/p>\n<p><label> Votre adresse de messagerie (obligatoire)<br \/>\n    <span class=\"wpcf7-form-control-wrap your-email\"><input type=\"email\" name=\"your-email\" value=\"\" size=\"40\" class=\"wpcf7-form-control wpcf7-text wpcf7-email wpcf7-validates-as-required wpcf7-validates-as-email\" aria-required=\"true\" aria-invalid=\"false\" \/><\/span> <\/label><\/p>\n<p><label> Statut<br \/>\n<span class=\"wpcf7-form-control-wrap Statut\"><select name=\"Statut\" class=\"wpcf7-form-control wpcf7-select\" aria-invalid=\"false\"><option value=\"EC\">EC<\/option><option value=\"Chercheur\">Chercheur<\/option><option value=\"Doctorant\">Doctorant<\/option><option value=\"Etudiant en Master\">Etudiant en Master<\/option><option value=\"Autre\">Autre<\/option><\/select><\/span> <\/label><\/p>\n<p><label> Unit\u00e9 de recherche<br \/>\n<span class=\"wpcf7-form-control-wrap UR\"><select name=\"UR\" class=\"wpcf7-form-control wpcf7-select\" aria-invalid=\"false\"><option value=\"MIS\">MIS<\/option><option value=\"TRAME\">TRAME<\/option><option value=\"CHSSC\">CHSSC<\/option><option value=\"CERCCL\">CERCCL<\/option><option value=\"CAREF\">CAREF<\/option><option value=\"CRAE\">CRAE<\/option><option value=\"CURRAP\">CURRAP<\/option><option value=\"EDYSAN\">EDYSAN<\/option><option value=\"Habiter le Monde\">Habiter le Monde<\/option><option value=\"IRHiS\">IRHiS<\/option><option value=\"GERiiCO\">GERiiCO<\/option><option value=\"Textes et Cultures\">Textes et Cultures<\/option><option value=\"CREHS\">CREHS<\/option><option value=\"LISIC\">LISIC<\/option><option value=\"Autre (pr\u00e9ciser dans le champ libre)\">Autre (pr\u00e9ciser dans le champ libre)<\/option><\/select><\/span><br \/>\n <\/label><br \/>\n<span class=\"wpcf7-form-control-wrap UR\"><textarea name=\"UR\" cols=\"40\" rows=\"10\" class=\"wpcf7-form-control wpcf7-textarea\" aria-invalid=\"false\"><\/textarea><\/span> <\/label><\/p>\n<p><label> Etablissement\/institution (universit\u00e9, organisme, ...)<br \/>\n    <span class=\"wpcf7-form-control-wrap Etablissement\"><textarea name=\"Etablissement\" cols=\"40\" rows=\"10\" class=\"wpcf7-form-control wpcf7-textarea\" aria-invalid=\"false\"><\/textarea><\/span> <\/label><\/p>\n<p><label> Axe de la SFR<br \/>\n<span class=\"wpcf7-form-control-wrap Axe\"><select name=\"Axe\" class=\"wpcf7-form-control wpcf7-select\" aria-invalid=\"false\"><option value=\"Num\u00e9risation\/virtualisation\">Num\u00e9risation\/virtualisation<\/option><option value=\"Structures et ensembles\">Structures et ensembles<\/option><option value=\"Restitution, reconstitution, repr\u00e9sentation\">Restitution, reconstitution, repr\u00e9sentation<\/option><option value=\"Bases de donn\u00e9es\">Bases de donn\u00e9es<\/option><option value=\"Usages et acteurs\">Usages et acteurs<\/option><\/select><\/span> <\/label><\/p>\n<p><label> Votre th\u00e9matique, sujet d'int\u00e9r\u00eat ...<br \/>\n <\/label><br \/>\n<span class=\"wpcf7-form-control-wrap Thematique\"><textarea name=\"Thematique\" cols=\"40\" rows=\"10\" class=\"wpcf7-form-control wpcf7-textarea\" aria-invalid=\"false\"><\/textarea><\/span> <\/label><\/p>\n<p><input type=\"submit\" value=\"Envoyer\" class=\"wpcf7-form-control wpcf7-submit\" \/><\/p>\n<div class=\"wpcf7-response-output wpcf7-display-none\"><\/div><\/form><\/div>\r\n<\/pre>\n","protected":false},"excerpt":{"rendered":"<p>L&rsquo;adh\u00e9sion \u00e0 la SFR Num\u00e9rique et Patrimoine se fait en remplissant le formulaire d&rsquo;inscription ci-dessous. Au pr\u00e9alable, il faut que votre structure d&rsquo;appartenance soit membre de la SFR. La liste d\u00e9roulante (voir formulaire) mentionne les structures d\u00e9j\u00e0 membres de la SFR. Si votre structure n&rsquo;est pas pr\u00e9sente dans la liste, merci de contacter votre responsable &hellip; <a href=\"https:\/\/home.mis.u-picardie.fr\/~sfr-np\/wordpress\/inscription\/\" class=\"more-link\">Continuer la lecture<span class=\"screen-reader-text\"> de &laquo;&nbsp;Adh\u00e9sion \u00e0 la SFR NP&nbsp;&raquo;<\/span><\/a><\/p>\n","protected":false},"author":1,"featured_media":0,"parent":0,"menu_order":0,"comment_status":"closed","ping_status":"closed","template":"","meta":{"_monsterinsights_skip_tracking":false,"_monsterinsights_sitenote_active":false,"_monsterinsights_sitenote_note":"","_monsterinsights_sitenote_category":0},"_links":{"self":[{"href":"https:\/\/home.mis.u-picardie.fr\/~sfr-np\/wordpress\/wp-json\/wp\/v2\/pages\/338"}],"collection":[{"href":"https:\/\/home.mis.u-picardie.fr\/~sfr-np\/wordpress\/wp-json\/wp\/v2\/pages"}],"about":[{"href":"https:\/\/home.mis.u-picardie.fr\/~sfr-np\/wordpress\/wp-json\/wp\/v2\/types\/page"}],"author":[{"embeddable":true,"href":"https:\/\/home.mis.u-picardie.fr\/~sfr-np\/wordpress\/wp-json\/wp\/v2\/users\/1"}],"replies":[{"embeddable":true,"href":"https:\/\/home.mis.u-picardie.fr\/~sfr-np\/wordpress\/wp-json\/wp\/v2\/comments?post=338"}],"version-history":[{"count":16,"href":"https:\/\/home.mis.u-picardie.fr\/~sfr-np\/wordpress\/wp-json\/wp\/v2\/pages\/338\/revisions"}],"predecessor-version":[{"id":383,"href":"https:\/\/home.mis.u-picardie.fr\/~sfr-np\/wordpress\/wp-json\/wp\/v2\/pages\/338\/revisions\/383"}],"wp:attachment":[{"href":"https:\/\/home.mis.u-picardie.fr\/~sfr-np\/wordpress\/wp-json\/wp\/v2\/media?parent=338"}],"curies":[{"name":"wp","href":"https:\/\/api.w.org\/{rel}","templated":true}]}}