{"id":64,"date":"2017-12-14T15:45:36","date_gmt":"2017-12-14T15:45:36","guid":{"rendered":"https:\/\/home.mis.u-picardie.fr\/~sfr-np\/wordpress\/?page_id=64"},"modified":"2022-03-23T15:34:24","modified_gmt":"2022-03-23T15:34:24","slug":"accueil","status":"publish","type":"page","link":"https:\/\/home.mis.u-picardie.fr\/~sfr-np\/wordpress\/","title":{"rendered":"Accueil"},"content":{"rendered":"<pre>Bienvenue sur le site de la SFR <em><strong>Num\u00e9rique &amp; Patrimoine<\/strong><\/em>, structure f\u00e9d\u00e9rative de recherche qui a comme objectif principal d'assurer l'animation scientifique de la recherche au sein de la r\u00e9gion Hauts-de-France.\nLa SFR est soutenue financi\u00e8rement par la R\u00e9gion Hauts-de-France, l'UPJV et l'universit\u00e9 de Lille :\n\n<img src=\"https:\/\/home.mis.u-picardie.fr\/~sfr-np\/wordpress\/wp-content\/uploads\/2020\/03\/HdF.png\" alt=\"\" width=\"320\" class=\"alignnone size-medium wp-image-501\" srcset=\"https:\/\/home.mis.u-picardie.fr\/~sfr-np\/wordpress\/wp-content\/uploads\/2020\/03\/HdF.png 1054w, https:\/\/home.mis.u-picardie.fr\/~sfr-np\/wordpress\/wp-content\/uploads\/2020\/03\/HdF-300x79.png 300w, https:\/\/home.mis.u-picardie.fr\/~sfr-np\/wordpress\/wp-content\/uploads\/2020\/03\/HdF-768x203.png 768w, https:\/\/home.mis.u-picardie.fr\/~sfr-np\/wordpress\/wp-content\/uploads\/2020\/03\/HdF-1024x271.png 1024w\" sizes=\"(max-width: 709px) 85vw, (max-width: 909px) 67vw, (max-width: 1362px) 62vw, 840px\" \/>    <img src=\"https:\/\/home.mis.u-picardie.fr\/~sfr-np\/wordpress\/wp-content\/uploads\/2020\/03\/UPJV.png\" alt=\"\" width=\"120\" class=\"alignnone size-medium wp-image-503\" srcset=\"https:\/\/home.mis.u-picardie.fr\/~sfr-np\/wordpress\/wp-content\/uploads\/2020\/03\/UPJV.png 475w, https:\/\/home.mis.u-picardie.fr\/~sfr-np\/wordpress\/wp-content\/uploads\/2020\/03\/UPJV-271x300.png 271w\" sizes=\"(max-width: 475px) 85vw, 475px\" \/> <img src=\"https:\/\/home.mis.u-picardie.fr\/~sfr-np\/wordpress\/wp-content\/uploads\/2020\/10\/ULilleLogo.png\" alt=\"null\" width=\"200\">\n\nBonne visite.<\/pre>\n","protected":false},"excerpt":{"rendered":"<p>Bienvenue sur le site de la SFR Num\u00e9rique &amp; Patrimoine, structure f\u00e9d\u00e9rative de recherche qui a comme objectif principal d&rsquo;assurer l&rsquo;animation scientifique de la recherche au sein de la r\u00e9gion Hauts-de-France. La SFR est soutenue financi\u00e8rement par la R\u00e9gion Hauts-de-France, l&rsquo;UPJV et l&rsquo;universit\u00e9 de Lille : Bonne visite.<\/p>\n","protected":false},"author":1,"featured_media":0,"parent":0,"menu_order":0,"comment_status":"closed","ping_status":"closed","template":"","meta":{"_monsterinsights_skip_tracking":false,"_monsterinsights_sitenote_active":false,"_monsterinsights_sitenote_note":"","_monsterinsights_sitenote_category":0},"_links":{"self":[{"href":"https:\/\/home.mis.u-picardie.fr\/~sfr-np\/wordpress\/wp-json\/wp\/v2\/pages\/64"}],"collection":[{"href":"https:\/\/home.mis.u-picardie.fr\/~sfr-np\/wordpress\/wp-json\/wp\/v2\/pages"}],"about":[{"href":"https:\/\/home.mis.u-picardie.fr\/~sfr-np\/wordpress\/wp-json\/wp\/v2\/types\/page"}],"author":[{"embeddable":true,"href":"https:\/\/home.mis.u-picardie.fr\/~sfr-np\/wordpress\/wp-json\/wp\/v2\/users\/1"}],"replies":[{"embeddable":true,"href":"https:\/\/home.mis.u-picardie.fr\/~sfr-np\/wordpress\/wp-json\/wp\/v2\/comments?post=64"}],"version-history":[{"count":27,"href":"https:\/\/home.mis.u-picardie.fr\/~sfr-np\/wordpress\/wp-json\/wp\/v2\/pages\/64\/revisions"}],"predecessor-version":[{"id":556,"href":"https:\/\/home.mis.u-picardie.fr\/~sfr-np\/wordpress\/wp-json\/wp\/v2\/pages\/64\/revisions\/556"}],"wp:attachment":[{"href":"https:\/\/home.mis.u-picardie.fr\/~sfr-np\/wordpress\/wp-json\/wp\/v2\/media?parent=64"}],"curies":[{"name":"wp","href":"https:\/\/api.w.org\/{rel}","templated":true}]}}